{"id":6668,"date":"2016-11-27T07:33:31","date_gmt":"2016-11-27T07:33:31","guid":{"rendered":"http:\/\/webnus.co\/dummy\/vision\/discovery\/?page_id=6668"},"modified":"2025-04-12T00:21:11","modified_gmt":"2025-04-12T03:21:11","slug":"principal","status":"publish","type":"page","link":"https:\/\/thir.com.br\/portal\/","title":{"rendered":"Home"},"content":{"rendered":"[vc_section full_width=&#8221;yes&#8221; page_title=&#8221;page-title-x&#8221;][vc_row][vc_column][rev_slider_vc alias=&#8221;discovery-slider2&#8243;][\/vc_column][\/vc_row][\/vc_section][vc_row][vc_column]<hr class=\"vertical-space5\">\n\t<div class=\"max-title max-title1\">\n\t\t<span class=\"before\"><\/span>\n\t\t<h1>Guias Espirituais &amp; Orix\u00e1s<\/h1>\n\t\t<span class=\"after\"><\/span>\n\t<\/div><hr class=\"vertical-space1\">[\/vc_column][\/vc_row][vc_row layer_animation=&#8221;true&#8221;][vc_column offset=&#8221;vc_col-lg-6&#8243;]<div class=\"teaser-box8\"><a href=\"https:\/\/thir.com.br\/portal\/orixas\/\"><img decoding=\"async\" class=\"teaser-image \" src=\"https:\/\/thir.com.br\/portal\/wp-content\/uploads\/2016\/11\/c4079bc5bc255b5fe81f518e3f5892f7.jpg\" alt=\"new here\"><h4 class=\"teaser-title has-image\">Orix\u00e1s<\/h4><\/a><\/div><hr class=\"vertical-space3\">[\/vc_column][vc_column offset=&#8221;vc_col-lg-6&#8243;]<div class=\"teaser-box8\"><a href=\"https:\/\/thir.com.br\/portal\/12072-2\/\"><img decoding=\"async\" class=\"teaser-image \" src=\"https:\/\/thir.com.br\/portal\/wp-content\/uploads\/2016\/11\/2300b3b0704d65971419e532e68843ba.jpg\" alt=\"new here\"><h4 class=\"teaser-title has-image\">Guias Espirituais<\/h4><\/a><\/div><hr class=\"vertical-space3\">[\/vc_column][\/vc_row][vc_row][vc_column]<hr class=\"vertical-space1\">[\/vc_column][\/vc_row][vc_section full_width=&#8221;yes&#8221; full_height=&#8221;yes&#8221; bg_position=&#8221;center top&#8221; wn_parallax=&#8221;content-moving&#8221; wn_parallax_speed=&#8221;190&#8243; parallax=&#8221;content-moving&#8221; parallax_speed_bg=&#8221;1&#8243; css=&#8221;.vc_custom_1522234689597{background-color: #5b90bf !important;}&#8221;][vc_row row_dark=&#8221;yes&#8221;][vc_column]<hr class=\"vertical-space4\"><hr class=\"vertical-space3\">\n\t<div class=\"max-title max-title1\">\n\t\t<span class=\"before\"><\/span>\n\t\t<h2>Tratamento Espiritual<\/h2>\n\t\t<span class=\"after\"><\/span>\n\t<\/div>[vc_row_inner][vc_column_inner width=&#8221;1\/3&#8243;]<article class=\"icon-box3  \" ><h4>Sess\u00e3o De Mesa<\/h4><p>Mesa Branca \u00e9 a pr\u00e1tica da mediunidade espiritualista com base nos ensinamentos de Jesus..<\/p><a style=\"color:#ffffff\" class=\"magicmore\" href=\"https:\/\/thir.com.br\/portal\/sessao-de-mesa\/\">Saiba Mais<\/a><\/article><hr class=\"vertical-space2\">[\/vc_column_inner][vc_column_inner width=&#8221;1\/3&#8243;]<article class=\"icon-box3  \" ><h4>Sess\u00e3o De Cura Espiritual<\/h4><p>Em todos os tempos, o Ser Humano sempre padeceu de males do corpo f\u00edsico...<\/p><a style=\"color:#ffffff\" class=\"magicmore\" href=\"https:\/\/thir.com.br\/portal\/sessao-de-cura-espiritual\/\">Saiba Mais<\/a><\/article><hr class=\"vertical-space2\">[\/vc_column_inner][vc_column_inner width=&#8221;1\/3&#8243;]<article class=\"icon-box3  \" ><h4>Tratamento Espiritual<\/h4><p>A express\u00e3o tratamento espiritual \u00e9 utilizada para abranger um conjunto de a\u00e7\u00f5es de fundamenta\u00e7\u00e3o religiosa...<\/p><a style=\"color:#ffffff\" class=\"magicmore\" href=\"https:\/\/thir.com.br\/portal\/tratamento-espiritual\/\">Saiba Mais<\/a><\/article><hr class=\"vertical-space2\">[\/vc_column_inner][\/vc_row_inner][\/vc_column][\/vc_row][vc_row][vc_column]<hr class=\"vertical-space5\">[\/vc_column][\/vc_row][\/vc_section][vc_row][vc_column]<hr class=\"vertical-space4\">[\/vc_column][\/vc_row][vc_section wn_bg_color=&#8221;#f9f9f9&#8243;][vc_row][vc_column css=&#8221;.vc_custom_1482063418385{padding-bottom: 5px !important;}&#8221;]<hr class=\"vertical-space5\">[vc_row_inner][vc_column_inner width=&#8221;1\/3&#8243;][\/vc_column_inner][vc_column_inner width=&#8221;1\/3&#8243;]\n\t<div class=\"max-title max-title1\">\n\t\t<span class=\"before\"><\/span>\n\t\t<h2>Artigos recentes<\/h2>\n\t\t<span class=\"after\"><\/span>\n\t<\/div>[\/vc_column_inner][vc_column_inner width=&#8221;1\/3&#8243;][\/vc_column_inner][\/vc_row_inner]<hr class=\"vertical-space3\">[vc_row_inner layer_animation=&#8221;true&#8221;][vc_column_inner]<div class=\"container latestposts-seven \">\t\t<div class=\"col-md-4 col-sm-4\"><article class=\"latest-b\">\n\t\t<figure class=\"latest-img\"><img decoding=\"async\" src=\"https:\/\/thir.com.br\/portal\/wp-content\/uploads\/2017\/09\/efefefe-e1506701023669.jpg\" alt=\"Falando de f\u00e9\" ><\/figure>\n\t\t  \t<div class=\"wrap-date-icons\">\n\t\t\t    <h3 class=\"latest-date\">\n\t\t\t    \t<span class=\"latest-date-month\">Set<\/span>\n\t\t\t    \t<span class=\"latest-date-day\">29<\/span>\n\t\t\t    \t<span class=\"latest-date-year\">2017<\/span>\n\t\t\t    <\/h3>\n\t\t\t    <div class=\"latest-icons\">\n\t\t\t    \t<p>\n\t\t\t    \t\t<span><i class=\"fa-eye\"><\/i><\/span>\n\t\t\t    \t<\/p>\n\t\t\t    \t<p>\n\t\t\t            <span>1951<\/span>\n\t\t\t\t    <\/p>\n\t\t\t    <\/div>\n\t\t\t<\/div>\n\t\t\t<div class=\"latest-content\">\n\t\t\t\t<h3 class=\"latest-title\"><a href=\"https:\/\/thir.com.br\/portal\/2017\/09\/29\/falando-de-fe\/\">Falando de f\u00e9<\/a><\/h3>\n\t\t\t\t<p class=\"latest-author\">by Leonardo Alves in <a href=\"https:\/\/thir.com.br\/portal\/category\/inspiracao\/\" rel=\"category tag\">Inspira\u00e7\u00e3o<\/a><\/p>\n\t\t\t<\/div>\n\t    <\/article><\/div> \t\t<div class=\"col-md-4 col-sm-4\"><article class=\"latest-b\">\n\t\t<figure class=\"latest-img\"><img decoding=\"async\" src=\"https:\/\/thir.com.br\/portal\/wp-content\/uploads\/2017\/09\/now-post-e1506700403644.jpg\" alt=\"Fa\u00e7a seu tempo feliz\" ><\/figure>\n\t\t  \t<div class=\"wrap-date-icons\">\n\t\t\t    <h3 class=\"latest-date\">\n\t\t\t    \t<span class=\"latest-date-month\">Set<\/span>\n\t\t\t    \t<span class=\"latest-date-day\">29<\/span>\n\t\t\t    \t<span class=\"latest-date-year\">2017<\/span>\n\t\t\t    <\/h3>\n\t\t\t    <div class=\"latest-icons\">\n\t\t\t    \t<p>\n\t\t\t    \t\t<span><i class=\"fa-eye\"><\/i><\/span>\n\t\t\t    \t<\/p>\n\t\t\t    \t<p>\n\t\t\t            <span>1555<\/span>\n\t\t\t\t    <\/p>\n\t\t\t    <\/div>\n\t\t\t<\/div>\n\t\t\t<div class=\"latest-content\">\n\t\t\t\t<h3 class=\"latest-title\"><a href=\"https:\/\/thir.com.br\/portal\/2017\/09\/29\/faca-seu-tempo-feliz\/\">Fa\u00e7a seu tempo feliz<\/a><\/h3>\n\t\t\t\t<p class=\"latest-author\">by Leonardo Alves in <a href=\"https:\/\/thir.com.br\/portal\/category\/inspiracao\/\" rel=\"category tag\">Inspira\u00e7\u00e3o<\/a><\/p>\n\t\t\t<\/div>\n\t    <\/article><\/div> \t\t<div class=\"col-md-4 col-sm-4\"><article class=\"latest-b\">\n\t\t<figure class=\"latest-img\"><img decoding=\"async\" src=\"https:\/\/thir.com.br\/portal\/wp-content\/uploads\/2017\/09\/204-800-e1506699961577.jpg\" alt=\"Uni\u00e3o\" ><\/figure>\n\t\t  \t<div class=\"wrap-date-icons\">\n\t\t\t    <h3 class=\"latest-date\">\n\t\t\t    \t<span class=\"latest-date-month\">Set<\/span>\n\t\t\t    \t<span class=\"latest-date-day\">29<\/span>\n\t\t\t    \t<span class=\"latest-date-year\">2017<\/span>\n\t\t\t    <\/h3>\n\t\t\t    <div class=\"latest-icons\">\n\t\t\t    \t<p>\n\t\t\t    \t\t<span><i class=\"fa-eye\"><\/i><\/span>\n\t\t\t    \t<\/p>\n\t\t\t    \t<p>\n\t\t\t            <span>1465<\/span>\n\t\t\t\t    <\/p>\n\t\t\t    <\/div>\n\t\t\t<\/div>\n\t\t\t<div class=\"latest-content\">\n\t\t\t\t<h3 class=\"latest-title\"><a href=\"https:\/\/thir.com.br\/portal\/2017\/09\/29\/uniao\/\">Uni\u00e3o<\/a><\/h3>\n\t\t\t\t<p class=\"latest-author\">by Leonardo Alves in <a href=\"https:\/\/thir.com.br\/portal\/category\/inspiracao\/\" rel=\"category tag\">Inspira\u00e7\u00e3o<\/a><\/p>\n\t\t\t<\/div>\n\t    <\/article><\/div> \n<\/div>[\/vc_column_inner][\/vc_row_inner]<hr class=\"vertical-space5\">[\/vc_column][\/vc_row][\/vc_section]\n","protected":false},"excerpt":{"rendered":"<p>[vc_section full_width=&#8221;yes&#8221; page_title=&#8221;page-title-x&#8221;][vc_row][vc_column][rev_slider_vc alias=&#8221;discovery-slider2&#8243;][\/vc_column][\/vc_row][\/vc_section][vc_row][vc_column][\/vc_column][\/vc_row][vc_row layer_animation=&#8221;true&#8221;][vc_column offset=&#8221;vc_col-lg-6&#8243;][\/vc_column][vc_column offset=&#8221;vc_col-lg-6&#8243;][\/vc_column][\/vc_row][vc_row][vc_column][\/vc_column][\/vc_row][vc_section full_width=&#8221;yes&#8221; full_height=&#8221;yes&#8221; bg_position=&#8221;center top&#8221; wn_parallax=&#8221;content-moving&#8221; wn_parallax_speed=&#8221;190&#8243; parallax=&#8221;content-moving&#8221; parallax_speed_bg=&#8221;1&#8243; css=&#8221;.vc_custom_1522234689597{background-color: #5b90bf !important;}&#8221;][vc_row row_dark=&#8221;yes&#8221;][vc_column][vc_row_inner][vc_column_inner width=&#8221;1\/3&#8243;][\/vc_column_inner][vc_column_inner width=&#8221;1\/3&#8243;][\/vc_column_inner][vc_column_inner width=&#8221;1\/3&#8243;][\/vc_column_inner][\/vc_row_inner][\/vc_column][\/vc_row][vc_row][vc_column][\/vc_column][\/vc_row][\/vc_section][vc_row][vc_column][\/vc_column][\/vc_row][vc_section wn_bg_color=&#8221;#f9f9f9&#8243;][vc_row][vc_column css=&#8221;.vc_custom_1482063418385{padding-bottom: 5px !important;}&#8221;][vc_row_inner][vc_column_inner width=&#8221;1\/3&#8243;][\/vc_column_inner][vc_column_inner width=&#8221;1\/3&#8243;][\/vc_column_inner][vc_column_inner width=&#8221;1\/3&#8243;][\/vc_column_inner][\/vc_row_inner][vc_row_inner layer_animation=&#8221;true&#8221;][vc_column_inner][\/vc_column_inner][\/vc_row_inner][\/vc_column][\/vc_row][\/vc_section]<\/p>\n","protected":false},"author":1,"featured_media":0,"parent":0,"menu_order":0,"comment_status":"closed","ping_status":"closed","template":"","meta":{"footnotes":""},"class_list":["post-6668","page","type-page","status-publish","hentry"],"_links":{"self":[{"href":"https:\/\/thir.com.br\/portal\/wp-json\/wp\/v2\/pages\/6668","targetHints":{"allow":["GET"]}}],"collection":[{"href":"https:\/\/thir.com.br\/portal\/wp-json\/wp\/v2\/pages"}],"about":[{"href":"https:\/\/thir.com.br\/portal\/wp-json\/wp\/v2\/types\/page"}],"author":[{"embeddable":true,"href":"https:\/\/thir.com.br\/portal\/wp-json\/wp\/v2\/users\/1"}],"replies":[{"embeddable":true,"href":"https:\/\/thir.com.br\/portal\/wp-json\/wp\/v2\/comments?post=6668"}],"version-history":[{"count":100,"href":"https:\/\/thir.com.br\/portal\/wp-json\/wp\/v2\/pages\/6668\/revisions"}],"predecessor-version":[{"id":13338,"href":"https:\/\/thir.com.br\/portal\/wp-json\/wp\/v2\/pages\/6668\/revisions\/13338"}],"wp:attachment":[{"href":"https:\/\/thir.com.br\/portal\/wp-json\/wp\/v2\/media?parent=6668"}],"curies":[{"name":"wp","href":"https:\/\/api.w.org\/{rel}","templated":true}]}}