{"id":12464,"date":"2017-08-25T17:33:37","date_gmt":"2017-08-25T20:33:37","guid":{"rendered":"http:\/\/thir.com.br\/portal\/?page_id=12464"},"modified":"2017-08-25T17:33:37","modified_gmt":"2017-08-25T20:33:37","slug":"sessao-de-cura-espiritual","status":"publish","type":"page","link":"https:\/\/thir.com.br\/portal\/sessao-de-cura-espiritual\/","title":{"rendered":"Sess\u00e3o de Cura Espiritual"},"content":{"rendered":"<p><a href=\"http:\/\/thir.com.br\/portal\/wp-content\/uploads\/2017\/08\/sos_bezerra.jpg\"><img loading=\"lazy\" decoding=\"async\" class=\"aligncenter wp-image-12465 size-full\" src=\"http:\/\/thir.com.br\/portal\/wp-content\/uploads\/2017\/08\/sos_bezerra.jpg\" alt=\"\" width=\"800\" height=\"480\" srcset=\"https:\/\/thir.com.br\/portal\/wp-content\/uploads\/2017\/08\/sos_bezerra.jpg 800w, https:\/\/thir.com.br\/portal\/wp-content\/uploads\/2017\/08\/sos_bezerra-300x180.jpg 300w, https:\/\/thir.com.br\/portal\/wp-content\/uploads\/2017\/08\/sos_bezerra-768x461.jpg 768w, https:\/\/thir.com.br\/portal\/wp-content\/uploads\/2017\/08\/sos_bezerra-500x300.jpg 500w\" sizes=\"auto, (max-width: 800px) 100vw, 800px\" \/><\/a><\/p>\n<p>&nbsp;<\/p>\n<p>Em todos os tempos, o Ser Humano sempre padeceu de males do corpo f\u00edsico, acometimentos estes, algumas vezes, de dif\u00edcil diagn\u00f3stico e cura pela Medicina acad\u00eamica tradicional.<\/p>\n<p>O passe espiritual vem, por interm\u00e9dio de abnegados M\u00e9dicos espirituais, instrumentos da infinita miseric\u00f3rdia de Deus, atuar no corpo perispiritual do enfermo, consequentemente repercutindo em seu corpo material, corrigindo altera\u00e7\u00f5es em sua estrutura f\u00edsico-org\u00e2nica,\u00a0sendo o paciente instru\u00eddo a n\u00e3o interromper o tratamento m\u00e9dico que esteja fazendo.<\/p>\n<p>&nbsp;<\/p>\n<p>&nbsp;<\/p>\n","protected":false},"excerpt":{"rendered":"<p>&nbsp; Em todos os tempos, o Ser Humano sempre padeceu de males do corpo f\u00edsico, acometimentos estes, algumas vezes, de dif\u00edcil diagn\u00f3stico e cura pela Medicina acad\u00eamica tradicional. O passe espiritual vem, por interm\u00e9dio de abnegados M\u00e9dicos espirituais, instrumentos da infinita miseric\u00f3rdia de Deus, atuar no corpo perispiritual do enfermo, consequentemente repercutindo em seu corpo material, corrigindo altera\u00e7\u00f5es em sua estrutura f\u00edsico-org\u00e2nica,\u00a0sendo o paciente instru\u00eddo a n\u00e3o interromper o tratamento m\u00e9dico que esteja fazendo. &nbsp; &nbsp;<\/p>\n","protected":false},"author":3,"featured_media":0,"parent":0,"menu_order":0,"comment_status":"closed","ping_status":"closed","template":"","meta":{"footnotes":""},"class_list":["post-12464","page","type-page","status-publish","hentry"],"_links":{"self":[{"href":"https:\/\/thir.com.br\/portal\/wp-json\/wp\/v2\/pages\/12464","targetHints":{"allow":["GET"]}}],"collection":[{"href":"https:\/\/thir.com.br\/portal\/wp-json\/wp\/v2\/pages"}],"about":[{"href":"https:\/\/thir.com.br\/portal\/wp-json\/wp\/v2\/types\/page"}],"author":[{"embeddable":true,"href":"https:\/\/thir.com.br\/portal\/wp-json\/wp\/v2\/users\/3"}],"replies":[{"embeddable":true,"href":"https:\/\/thir.com.br\/portal\/wp-json\/wp\/v2\/comments?post=12464"}],"version-history":[{"count":1,"href":"https:\/\/thir.com.br\/portal\/wp-json\/wp\/v2\/pages\/12464\/revisions"}],"predecessor-version":[{"id":12466,"href":"https:\/\/thir.com.br\/portal\/wp-json\/wp\/v2\/pages\/12464\/revisions\/12466"}],"wp:attachment":[{"href":"https:\/\/thir.com.br\/portal\/wp-json\/wp\/v2\/media?parent=12464"}],"curies":[{"name":"wp","href":"https:\/\/api.w.org\/{rel}","templated":true}]}}