{"id":12358,"date":"2017-08-24T22:40:34","date_gmt":"2017-08-25T01:40:34","guid":{"rendered":"http:\/\/thir.com.br\/portal\/?page_id=12358"},"modified":"2018-03-28T08:06:22","modified_gmt":"2018-03-28T11:06:22","slug":"oxala","status":"publish","type":"page","link":"https:\/\/thir.com.br\/portal\/oxala\/","title":{"rendered":"Oxal\u00e1"},"content":{"rendered":"<p><a href=\"https:\/\/thir.com.br\/portal\/wp-content\/uploads\/2017\/08\/Banner_Oxala1-1140x400.jpg\"><img loading=\"lazy\" decoding=\"async\" class=\"aligncenter wp-image-12359 size-full\" src=\"https:\/\/thir.com.br\/portal\/wp-content\/uploads\/2017\/08\/Banner_Oxala1-1140x400.jpg\" alt=\"\" width=\"1140\" height=\"400\" srcset=\"https:\/\/thir.com.br\/portal\/wp-content\/uploads\/2017\/08\/Banner_Oxala1-1140x400.jpg 1140w, https:\/\/thir.com.br\/portal\/wp-content\/uploads\/2017\/08\/Banner_Oxala1-1140x400-300x105.jpg 300w, https:\/\/thir.com.br\/portal\/wp-content\/uploads\/2017\/08\/Banner_Oxala1-1140x400-768x269.jpg 768w, https:\/\/thir.com.br\/portal\/wp-content\/uploads\/2017\/08\/Banner_Oxala1-1140x400-1024x359.jpg 1024w, https:\/\/thir.com.br\/portal\/wp-content\/uploads\/2017\/08\/Banner_Oxala1-1140x400-500x175.jpg 500w\" sizes=\"auto, (max-width: 1140px) 100vw, 1140px\" \/><\/a><\/p>\n<p>&nbsp;<\/p>\n<p>Oxal\u00e1 \u00e9 Orix\u00e1 maior da Umbanda, Ele \u00e9 a pr\u00f3pria Umbanda em sua magnitude, sua cor \u00e9 o branco, representando a paz, o amor, a bondade, a limpeza, a pureza espiritual, enfim, tudo aquilo que possa indicar positividade. Os dom\u00ednios de Oxal\u00e1 s\u00e3o todas as pessoas e todos os lugares. Seu reino \u00e9 o nosso mundo.<br \/>\nOrix\u00e1 associado \u00e0 cria\u00e7\u00e3o do mundo e da esp\u00e9cie humana. Apresenta-se de duas maneiras: mo\u00e7o \u2013 chamado Oxaguiam, e velho \u2013 chamado Oxalufam. \u00a0 O s\u00edmbolo do primeiro \u00e9 uma id\u00e1 (espada), o do segundo \u00e9 uma esp\u00e9cie de cajado em metal, chamado \u00f4p\u00e1x\u00f4r\u00f4.<br \/>\nOxal\u00e1 \u00e9 o Trono Natural da F\u00e9 e seu campo de atua\u00e7\u00e3o preferencial \u00e9 a religiosidade dos seres, aos quais ele envia o tempo todo suas vibra\u00e7\u00f5es estimuladoras da f\u00e9 individual e suas irradia\u00e7\u00f5es geradoras de sentimentos de religiosidade.<br \/>\nF\u00e9! Eis o que melhor define o Orix\u00e1 Oxal\u00e1. Sim, amamos irm\u00e3os na f\u00e9 em Oxal\u00e1. O nosso amado Pai da Umbanda \u00e9 o Orix\u00e1 irradiador da f\u00e9 em n\u00edvel planet\u00e1rio e multidimensional. Oxal\u00e1 \u00e9 sin\u00f4nimo de f\u00e9. Ele \u00e9 o Trono da F\u00e9 que, assentado na Coroa Divina, irradia a f\u00e9 em todos os sentidos e a todos os seres. \u00c9 ele que vai proporcionar a paz entre os homens; \u00e9 ele que vai trazer o entendimento, a compreens\u00e3o, o sossego, a fraternidade, n\u00e3o somente entre os homens, mas tamb\u00e9m em sua rela\u00e7\u00e3o com outras for\u00e7as da natureza, pois \u00e9 comum nas Casas de Santo oferecemos comidas e flores, para que Oxal\u00e1 venha apaziguar uma situa\u00e7\u00e3o de conflito, uma determinada cabe\u00e7a. \u00c9 ele que servir\u00e1 de mediador para que haja uma solu\u00e7\u00e3o, uma defini\u00e7\u00e3o.<br \/>\nOxal\u00e1, portanto, est\u00e1 presente nos momentos em que a calma \u00e9 estabelecida. Rege a tranquilidade, o sil\u00eancio, a paz do ambiente.<\/p>\n<p>&nbsp;<\/p>\n<h2 style=\"text-align: center;\">As Caracter\u00edsticas Dos Filhos De Oxal\u00e1<\/h2>\n<p>&nbsp;<\/p>\n<p><a href=\"https:\/\/thir.com.br\/portal\/wp-content\/uploads\/2017\/08\/a9e82e554081db2a02286a356f447932-1.jpg\"><img loading=\"lazy\" decoding=\"async\" class=\"alignleft wp-image-12362\" src=\"https:\/\/thir.com.br\/portal\/wp-content\/uploads\/2017\/08\/a9e82e554081db2a02286a356f447932-1.jpg\" alt=\"\" width=\"344\" height=\"344\" srcset=\"https:\/\/thir.com.br\/portal\/wp-content\/uploads\/2017\/08\/a9e82e554081db2a02286a356f447932-1.jpg 564w, https:\/\/thir.com.br\/portal\/wp-content\/uploads\/2017\/08\/a9e82e554081db2a02286a356f447932-1-150x150.jpg 150w, https:\/\/thir.com.br\/portal\/wp-content\/uploads\/2017\/08\/a9e82e554081db2a02286a356f447932-1-300x300.jpg 300w, https:\/\/thir.com.br\/portal\/wp-content\/uploads\/2017\/08\/a9e82e554081db2a02286a356f447932-1-500x500.jpg 500w, https:\/\/thir.com.br\/portal\/wp-content\/uploads\/2017\/08\/a9e82e554081db2a02286a356f447932-1-180x180.jpg 180w\" sizes=\"auto, (max-width: 344px) 100vw, 344px\" \/><\/a><\/p>\n<p>&nbsp;<\/p>\n<p>Os filhos de Oxal\u00e1, s\u00e3o pessoas tranquilas, com tend\u00eancia \u00e0\u00a0calma, at\u00e9 nos momentos mais dif\u00edceis; conseguem o respeito mesmo sem\u00a0que se esforcem objetivamente para obt\u00ea-lo. S\u00e3o am\u00e1veis e pensativos,mas nunca de maneira subserviente. \u00c0s vezes chegam a ser autorit\u00e1rios,\u00a0mas isso acontece com os que t\u00eam Orix\u00e1s guerreiros ou autorit\u00e1rios\u00a0como adjutores (ajunt\u00f3s).<\/p>\n<p>S\u00e3o muito dedicados, caprichosos, mantendo tudo sempre bonito,\u00a0limpo, com beleza e carinho. Respeitam a todos mas exigem ser\u00a0respeitados.\u00a0Sabem argumentar bem, tendo uma queda para trabalhos que\u00a0impliquem em organiza\u00e7\u00e3o. Gostam de centralizar tudo em torno de si\u00a0mesmos. S\u00e3o reservados, mas raramente orgulhosos.<\/p>\n<p>&nbsp;<\/p>\n<p>&nbsp;<\/p>\n<h2 style=\"text-align: center;\">Lendas de Oxal\u00e1<\/h2>\n<p style=\"text-align: center;\"><strong>Lenda da Cria\u00e7\u00e3o<\/strong><\/p>\n<p>&nbsp;<\/p>\n<p>&nbsp;<\/p>\n<p><a href=\"https:\/\/thir.com.br\/portal\/wp-content\/uploads\/2017\/08\/36e4b5ba2e44c3397235a5f0a893999f.jpg\"><img loading=\"lazy\" decoding=\"async\" class=\"alignleft wp-image-12389\" src=\"https:\/\/thir.com.br\/portal\/wp-content\/uploads\/2017\/08\/36e4b5ba2e44c3397235a5f0a893999f.jpg\" alt=\"\" width=\"371\" height=\"476\" srcset=\"https:\/\/thir.com.br\/portal\/wp-content\/uploads\/2017\/08\/36e4b5ba2e44c3397235a5f0a893999f.jpg 564w, https:\/\/thir.com.br\/portal\/wp-content\/uploads\/2017\/08\/36e4b5ba2e44c3397235a5f0a893999f-234x300.jpg 234w, https:\/\/thir.com.br\/portal\/wp-content\/uploads\/2017\/08\/36e4b5ba2e44c3397235a5f0a893999f-500x642.jpg 500w\" sizes=\"auto, (max-width: 371px) 100vw, 371px\" \/><\/a>Oxal\u00e1, \u201cO Grande Orix\u00e1\u201d ou \u201cO Rei do Pano Branco\u201d. Foi o primeiro\u00a0a ser criado por Olorum, o deus supremo. Tinha um car\u00e1ter bastante\u00a0obstinado e independente.<\/p>\n<p>Oxal\u00e1 foi encarregado por Olorum de criar o mundo com o poder de\u00a0sugerir (\u00e0b\u00e0) e o de realizar (\u00e0se). Para cumprir sua miss\u00e3o, antes da\u00a0partida, Olorum entregou-lhe o \u201csaco da cria\u00e7\u00e3o\u201d. O poder que lhe fora\u00a0confiado n\u00e3o o dispensava, entretanto de submeter-se a certas regras e\u00a0de respeitar diversas obriga\u00e7\u00f5es como os outros orix\u00e1s. Uma hist\u00f3ria\u00a0de If\u00e1 nos conta como. Em raz\u00e3o de seu car\u00e1ter altivo, ele se recusou\u00a0fazer alguns sacrif\u00edcios e oferendas a Ex\u00fa, antes de iniciar sua\u00a0viagem para criar o mundo.<\/p>\n<p>Oxal\u00e1 p\u00f4s-se a caminho apoiado num grande cajado de estanho, seu\u00a0\u00f2p\u00e1 osor\u00f2 ou paxor\u00f4, cajado para fazer cerim\u00f4nias. No momento de\u00a0ultrapassar a porta do Al\u00e9m, encontrou Ex\u00e9, que, entre as suas\u00a0m\u00faltiplas obriga\u00e7\u00f5es, tinha a de fiscalizar as comunica\u00e7\u00f5es entre os\u00a0dois mundos. Ex\u00e9 descontente com a recusa do Grande Orix\u00e1 em fazer as\u00a0oferendas prescritas, vingou-se o fazendo sentir uma sede intensa.\u00a0Oxal\u00e1, para matar sua sede, n\u00e3o teve outro recurso sen\u00e3o o de furar\u00a0com seu paxor\u00f4, a casca do tronco de um dendezeiro. Um l\u00edquido\u00a0refrescante dele escorreu: era o vinho de palma. Ele bebeu-o \u00e1vida e\u00a0abundantemente. Ficou b\u00eabado, e n\u00e3o sabia mais onde estava e caiu\u00a0adormecido.<\/p>\n<p>Veio ent\u00e3o Odudua, criado por Olorum depois de Oxal\u00e1 e o\u00a0maior rival deste. Vendo o Grande Orix\u00e1 adormecido, roubou-lhe o \u201csaco\u00a0da cria\u00e7\u00e3o\u201d, dirigiu-se \u00e0 presen\u00e7a de Olorum para mostrar-lhe o seu\u00a0achado e lhe contar em que estado se encontrava Oxal\u00e1. Olorum\u00a0exclamou: \u201cSe ele est\u00e1 neste estado, v\u00e1 voc\u00ea, Odudua! V\u00e1 criar o\u00a0mundo!\u201d Odudua saiu assim do Al\u00e9m e encontrou diante de uma extens\u00e3o\u00a0ilimitada de \u00e1gua.<\/p>\n<p>Deixou cair a subst\u00e2ncia marrom contida no \u201csaco da cria\u00e7\u00e3o\u201d. Era\u00a0terra. Formou-se, ent\u00e3o, um mont\u00edculo que ultrapassou a superf\u00edcie das\u00a0\u00e1guas. A\u00ed, ele colocou uma galinha cujos p\u00e9s tinham cinco garras. Esta\u00a0come\u00e7ou a arranhar e a espalhar a terra sobre a superf\u00edcie das \u00e1guas.\u00a0Onde ciscava, cobria as \u00e1guas, e a terra ia se alargando cada vez\u00a0mais, o que em iorub\u00e1 se diz il\u00e8 nf\u00e8, express\u00e3o que deu origem ao nome\u00a0da cidade de Il\u00ea If\u00e9. Odudua a\u00ed se estabeleceu, seguido pelos outros\u00a0orix\u00e1s, e tornou-se assim o rei da terra.<\/p>\n<p>Quando Oxal\u00e1 acordou n\u00e3o mais encontrou ao seu lado o \u201csaco da\u00a0cria\u00e7\u00e3o\u201d. Despeitado, voltou a Olorum. Este, como castigo pela sua\u00a0embriaguez, proibiu ao Grande Orix\u00e1, assim como aos outros de sua\u00a0fam\u00edlia, os orix\u00e1s funfun, ou \u201corix\u00e1s brancos\u201d, beber vinho de palma e\u00a0mesmo usar azeite-de-dend\u00ea. Confiou-lhe, entretanto, como consolo, a\u00a0tarefa de modelar no barro o corpo dos seres humanos, aos quais ele,\u00a0Olorum, insuflaria a vida.<\/p>\n<p>Por essa raz\u00e3o, Oxal\u00e1 tamb\u00e9m \u00e9 chamado de Alamorere, o\u00a0\u201cpropriet\u00e1rio da boa argila\u201d.\u00a0P\u00f4s-se a modelar o corpo dos homens, mas n\u00e3o levava muito a s\u00e9rio\u00a0a proibi\u00e7\u00e3o de beber vinho de palma e, nos dias em que se excedia, os\u00a0homens saiam de suas m\u00e3os contrafeitas, deformadas, capengas,corcundas.<\/p>\n<p>Alguns, retirados do forno antes da hora, sa\u00edam mal cozidos\u00a0e suas cores tornavam-se tristemente p\u00e1lidas: eram os albinos. Todas\u00a0as pessoas que entram nessas tristes categorias s\u00e3o-lhe consagradas e\u00a0tornam-se adoradoras de Oxal\u00e1.<\/p>\n<p>&nbsp;<\/p>\n<p>&nbsp;<\/p>\n<p>&nbsp;<\/p>\n<h2 style=\"text-align: center;\">Sincretismo Cat\u00f3lico Religioso<\/h2>\n<p>&nbsp;<\/p>\n<div id=\"\" class=\"panel magee-panel panel-599f84c5dd2a4\">\n<div class=\"panel-heading\">\n<h3 class=\"panel-title\">\u00a0 \u00a0 \u00a0 \u00a0 \u00a0 \u00a0 \u00a0 \u00a0 \u00a0 \u00a0 \u00a0 \u00a0 \u00a0 \u00a0 \u00a0 \u00a0 \u00a0 \u00a0 \u00a0 \u00a0 \u00a0 \u00a0 \u00a0 \u00a0 \u00a0 \u00a0 \u00a0 \u00a0 \u00a0 \u00a0 \u00a0Caracter\u00edsticas<\/h3>\n<\/div>\n<div class=\"panel-body\"><strong>Data:<\/strong>\u00a025 de <a href=\"https:\/\/thir.com.br\/portal\/wp-content\/uploads\/2017\/08\/IR48_Oxala_1_efeito-835x1024-245x300.jpg\"><img loading=\"lazy\" decoding=\"async\" class=\"alignleft wp-image-12390\" src=\"https:\/\/thir.com.br\/portal\/wp-content\/uploads\/2017\/08\/IR48_Oxala_1_efeito-835x1024-245x300.jpg\" alt=\"\" width=\"316\" height=\"387\" \/><\/a>Dezembro.<br \/>\n<strong>Sincretismo Religioso:<\/strong>\u00a0Jesus ( Oxagui\u00e3, Menino Jesus de Praga, Oxaluf\u00e3, Senhor do Bonfim).<br \/>\n<strong>Dia da semana:<\/strong>\u00a0Sexta- Feira.<br \/>\n<strong>S\u00edmbolos:<\/strong>\u00a0Estrelas de 5 pontas ( em algumas casas, a Cruz).<br \/>\n<strong>Ervas:<\/strong>\u00a0Tapete de Oxal\u00e1(Boldo), Sai\u00e3o, Col\u00f4nia, Manjeric\u00e3o Branco, Rosa Branca, Folha de Algodoeiro, S\u00e2ndalo, Malva, Patchouli, Alfazema, Folha do Cravo, Neve Branca, Folha de Laranjeira. (Em algumas casas: poejo, camomila, chap\u00e9u de couro, coentro, ger\u00e2nio branco, arruda, erva cidreira, alecrim do mato,hortel\u00e3, folhas de girassol, agapanto branco, aguap\u00e9 (golfo de flor branca), alecrim da horta, alecrim de tabuleiro, baunilha, cam\u00e9lia, carnaubeira, cravo da \u00edndia), fava pichuri, fava de tonca, folha de parreira de uva branca, maracuj\u00e1 (flores), macela, palmas de jerusal\u00e9m, umbuzeiro, salsa da praia).<br \/>\n<strong>Cor:<\/strong>\u00a0Branca<br \/>\n<strong>Metal:<\/strong>\u00a0Prata ( Em algumas casas: Platina, ouro branco)<\/div>\n<\/div>\n","protected":false},"excerpt":{"rendered":"<p>&nbsp; Oxal\u00e1 \u00e9 Orix\u00e1 maior da Umbanda, Ele \u00e9 a pr\u00f3pria Umbanda em sua magnitude, sua cor \u00e9 o branco, representando a paz, o amor, a bondade, a limpeza, a pureza espiritual, enfim, tudo aquilo que possa indicar positividade. Os dom\u00ednios de Oxal\u00e1 s\u00e3o todas as pessoas e todos os lugares. Seu reino \u00e9 o nosso mundo. Orix\u00e1 associado \u00e0 cria\u00e7\u00e3o do mundo e da esp\u00e9cie humana. Apresenta-se de duas maneiras: mo\u00e7o \u2013 chamado Oxaguiam, e velho \u2013 chamado Oxalufam. \u00a0 O s\u00edmbolo do primeiro \u00e9 uma id\u00e1 (espada), o do segundo \u00e9 uma esp\u00e9cie de cajado em metal, chamado \u00f4p\u00e1x\u00f4r\u00f4. Oxal\u00e1 \u00e9 o Trono Natural da F\u00e9 e seu campo de atua\u00e7\u00e3o preferencial \u00e9 a religiosidade dos seres, aos quais ele envia o tempo todo suas vibra\u00e7\u00f5es estimuladoras da f\u00e9 individual e suas irradia\u00e7\u00f5es geradoras de sentimentos de religiosidade. F\u00e9! Eis o que melhor define o Orix\u00e1 Oxal\u00e1. Sim, amamos irm\u00e3os na f\u00e9 em Oxal\u00e1. O nosso amado Pai da Umbanda \u00e9 o Orix\u00e1 irradiador da f\u00e9 em n\u00edvel planet\u00e1rio e multidimensional. Oxal\u00e1 \u00e9 sin\u00f4nimo de f\u00e9. Ele \u00e9 o Trono da F\u00e9 que, assentado na Coroa Divina, irradia a f\u00e9 em todos os sentidos e a todos os seres. \u00c9 ele que vai proporcionar a paz entre os homens; \u00e9 ele que vai trazer o entendimento, a compreens\u00e3o, o sossego, a fraternidade, n\u00e3o somente entre os homens, mas tamb\u00e9m em sua rela\u00e7\u00e3o com outras for\u00e7as da natureza, pois \u00e9 comum nas Casas de Santo oferecemos comidas e flores, para que Oxal\u00e1 venha apaziguar uma situa\u00e7\u00e3o de conflito, uma determinada cabe\u00e7a. \u00c9 ele que servir\u00e1 de mediador para que haja uma solu\u00e7\u00e3o, uma defini\u00e7\u00e3o. Oxal\u00e1, portanto, est\u00e1 presente nos momentos em que a calma \u00e9 estabelecida. Rege a tranquilidade, o sil\u00eancio, a paz do ambiente. &nbsp; As Caracter\u00edsticas Dos&#8230; <\/p>\n<p><a class=\"readmore\" href=\"https:\/\/thir.com.br\/portal\/oxala\/\">Continue lendo&#8230;<\/a><\/p>\n","protected":false},"author":3,"featured_media":0,"parent":0,"menu_order":0,"comment_status":"closed","ping_status":"closed","template":"","meta":{"footnotes":""},"class_list":["post-12358","page","type-page","status-publish","hentry"],"_links":{"self":[{"href":"https:\/\/thir.com.br\/portal\/wp-json\/wp\/v2\/pages\/12358","targetHints":{"allow":["GET"]}}],"collection":[{"href":"https:\/\/thir.com.br\/portal\/wp-json\/wp\/v2\/pages"}],"about":[{"href":"https:\/\/thir.com.br\/portal\/wp-json\/wp\/v2\/types\/page"}],"author":[{"embeddable":true,"href":"https:\/\/thir.com.br\/portal\/wp-json\/wp\/v2\/users\/3"}],"replies":[{"embeddable":true,"href":"https:\/\/thir.com.br\/portal\/wp-json\/wp\/v2\/comments?post=12358"}],"version-history":[{"count":14,"href":"https:\/\/thir.com.br\/portal\/wp-json\/wp\/v2\/pages\/12358\/revisions"}],"predecessor-version":[{"id":12952,"href":"https:\/\/thir.com.br\/portal\/wp-json\/wp\/v2\/pages\/12358\/revisions\/12952"}],"wp:attachment":[{"href":"https:\/\/thir.com.br\/portal\/wp-json\/wp\/v2\/media?parent=12358"}],"curies":[{"name":"wp","href":"https:\/\/api.w.org\/{rel}","templated":true}]}}