{"id":12343,"date":"2017-08-24T17:07:19","date_gmt":"2017-08-24T20:07:19","guid":{"rendered":"http:\/\/thir.com.br\/portal\/?page_id=12343"},"modified":"2017-08-24T22:37:34","modified_gmt":"2017-08-25T01:37:34","slug":"nana-buruque","status":"publish","type":"page","link":"https:\/\/thir.com.br\/portal\/nana-buruque\/","title":{"rendered":"Nan\u00e3 Buruqu\u00ea"},"content":{"rendered":"<p><a href=\"http:\/\/thir.com.br\/portal\/wp-content\/uploads\/2017\/08\/Banner_Nana1-1140x400.jpg\"><img loading=\"lazy\" decoding=\"async\" class=\"aligncenter wp-image-12345 size-full\" src=\"http:\/\/thir.com.br\/portal\/wp-content\/uploads\/2017\/08\/Banner_Nana1-1140x400.jpg\" alt=\"\" width=\"1140\" height=\"400\" srcset=\"https:\/\/thir.com.br\/portal\/wp-content\/uploads\/2017\/08\/Banner_Nana1-1140x400.jpg 1140w, https:\/\/thir.com.br\/portal\/wp-content\/uploads\/2017\/08\/Banner_Nana1-1140x400-300x105.jpg 300w, https:\/\/thir.com.br\/portal\/wp-content\/uploads\/2017\/08\/Banner_Nana1-1140x400-768x269.jpg 768w, https:\/\/thir.com.br\/portal\/wp-content\/uploads\/2017\/08\/Banner_Nana1-1140x400-1024x359.jpg 1024w, https:\/\/thir.com.br\/portal\/wp-content\/uploads\/2017\/08\/Banner_Nana1-1140x400-500x175.jpg 500w\" sizes=\"auto, (max-width: 1140px) 100vw, 1140px\" \/><\/a><\/p>\n<p>&nbsp;<\/p>\n<p>Entre o mundo dos vivos e o mundo dos mortos, existe um portal. \u00c9 a passagem, a fronteira entre a vida e a morte. Sua regente; Nan\u00e3. Senhora da morte, geradora de Iku (morte). Deusa dos p\u00e2ntanos e da lama. M\u00e3e da var\u00edola, regente das chuvas, Nan\u00e3 \u00e9 de origem Jeje, da religi\u00e3o da Dassa Zum\u00ea e Sav\u00ea, no Daom\u00e9, hoje conhecida como Rep\u00fablica de Benin.<\/p>\n<p>A mais temida de todos os orix\u00e1s. A mais respeitada. A mais velha, poderosa e s\u00e9ria. Nan\u00e3 \u00e9 o encantamento da pr\u00f3pria morte. Seus c\u00e2nticos s\u00e3o s\u00faplicas para que leve Iku \u2013 a morte \u2013\u00a0para longe e quem permite que a vida seja mantida.<\/p>\n<p>\u00c9 a for\u00e7a da Natureza que o homem mais teme, pois ningu\u00e9m quer morrer! Ela \u00e9 a Senhora da passagem desta vida para outras, comandando o portal m\u00e1gico, a passagem das dimens\u00f5es.<\/p>\n<p>Nas casas de Santo, Nan\u00e3 \u00e9 extremamente cultuada e temida, pelo poder que ostenta. \u00c9 ela a m\u00e3e da var\u00edola e se faz presente quando existe epidemia da doen\u00e7a.<\/p>\n<p>Nan\u00e3 tamb\u00e9m est\u00e1 presente nos loda\u00e7ais, lama\u00e7ais, pois nasceu do contanto com \u00e1gua com a terra, formando a lama, dando origem \u00e0 sua pr\u00f3pria vida. Em terras da \u00c1frica, Nan\u00e3 \u00e9 chamada de Ini\u00ea e seus assentamentos (objetos sagrados) s\u00e3o salpicados de vermelho.\u00a0Nan\u00e3 \u00e9 lama, \u00e9 terra com contato com a \u00e1gua. Nan\u00e3 tamb\u00e9m \u00e9 o p\u00e2ntano, o lodo, sua principal morada e reg\u00eancia.<\/p>\n<p>Ela \u00e9 a chuva, a tempestade, a garoa. O banho de chuva, por isso, \u00e9 uma esp\u00e9cie de lavagem do corpo, homenagem que se faz \u00e0 Nan\u00e3, lavando-se no seu elemento. Por isso, n\u00e3o devemos blasfemar contra a chuva, que muita vezes estraga passeios, programas, compromissos, festas e acontecimentos. A chuva \u00e9 a parte da vida, que vai irrigar a terra, Se ela cai demais, \u00e9 porque a for\u00e7a da Natureza, Nan\u00e3, est\u00e1 insatisfeita. E, amigo\u2026 queira ver tudo, mas n\u00e3o queira ver a ira de Nan\u00e3. Posso lhe assegurar que n\u00e3o existe nada mais feio!<\/p>\n<p>Considerada a Iab\u00e1 (orix\u00e1 feminina) mais velha, foi anexada pelos iorubanos nos rituais tal a sua import\u00e2ncia. Nan\u00e3 \u00e9 a possibilidade de se conhecer a morte para se ter vida. \u00c9 agradar a morte, para viver em paz. Nan\u00e3 \u00e9 a m\u00e3e, boa, querida, carinhosa, compreens\u00edvel, sens\u00edvel, bondosa, mas que, irada, n\u00e3o reconhece ningu\u00e9m.\u00a0Nan\u00e3 \u00e9 o Orix\u00e1 da vida, que representa a morte. E a isso devemos o m\u00e1ximo respeito e carinho.<\/p>\n<p>&nbsp;<\/p>\n<p>&nbsp;<\/p>\n<h2 style=\"text-align: center;\">Caracter\u00edsticas dos Filhos\u00a0de Nan\u00e3 Buruqu\u00ea<\/h2>\n<p>&nbsp;<\/p>\n<p><a href=\"http:\/\/thir.com.br\/portal\/wp-content\/uploads\/2017\/08\/5a2875e58184e264d46f589afbe190e0.jpg\"><img loading=\"lazy\" decoding=\"async\" class=\"wp-image-12349 alignleft\" src=\"http:\/\/thir.com.br\/portal\/wp-content\/uploads\/2017\/08\/5a2875e58184e264d46f589afbe190e0.jpg\" alt=\"\" width=\"349\" height=\"480\" srcset=\"https:\/\/thir.com.br\/portal\/wp-content\/uploads\/2017\/08\/5a2875e58184e264d46f589afbe190e0.jpg 564w, https:\/\/thir.com.br\/portal\/wp-content\/uploads\/2017\/08\/5a2875e58184e264d46f589afbe190e0-218x300.jpg 218w, https:\/\/thir.com.br\/portal\/wp-content\/uploads\/2017\/08\/5a2875e58184e264d46f589afbe190e0-500x687.jpg 500w\" sizes=\"auto, (max-width: 349px) 100vw, 349px\" \/><\/a>Uma pessoa que tenha Nan\u00e3 como Orix\u00e1 de cabe\u00e7a, pode levar em\u00a0conta principalmente a figura da av\u00f3: carinhosa \u00e0s vezes at\u00e9 em\u00a0excesso, levando o conceito de m\u00e3e ao exagero, mas tamb\u00e9m ranzinza,\u00a0preocupada com detalhes, com forte tend\u00eancia a sair censurando os\u00a0outros.<\/p>\n<p class=\"separator\">N\u00e3o tem muito senso de humor, o que a faz valorizar demais\u00a0pequenos incidentes e transformar pequenos problemas em grandes\u00a0dramas. Ao mesmo tempo, tem uma grande capacidade de compreens\u00e3o do\u00a0ser humano, como se fosse muito mais velha do que sua pr\u00f3pria\u00a0exist\u00eancia. Por causa desse fator, o perd\u00e3o aos que erram e o consolo\u00a0para quem est\u00e1 sofrendo \u00e9 uma habilidade natural.<\/p>\n<p class=\"separator\">Nan\u00e3, atrav\u00e9s de\u00a0seus filhos-de-santo, vive voltada para a comunidade, sempre tentando\u00a0realizar as vontades e necessidades dos outros. \u00c0s vezes por\u00e9m, exige aten\u00e7\u00e3o e respeito que julga devido mas n\u00e3o\u00a0obtido dos que a cercam.<\/p>\n<p class=\"separator\">N\u00e3o consegue entender como as pessoas cometem\u00a0certos enganos triviais, como optam por certas sa\u00eddas que para um<br \/>\nfilho de Nan\u00e3 s\u00e3o evidentemente inadequadas. \u00c9 o tipo de pessoa que\u00a0n\u00e3o consegue compreender direito as opini\u00f5es alheias, nem aceitar que\u00a0nem todos pensem da mesma forma que ela.<\/p>\n<p>Suas rea\u00e7\u00f5es bem equilibradas e a pertin\u00eancia das decis\u00f5es,\u00a0mant\u00e9m-nas sempre no caminho da sabedoria e da justi\u00e7a. Todos esses dados indicam tamb\u00e9m serem os filhos de Nan\u00e3, um\u00a0pouco mais conservadores que o restante da sociedade, desejarem a\u00a0volta de situa\u00e7\u00f5es do passado, modos de vida que j\u00e1 se foram. Querem\u00a0um mundo previs\u00edvel, est\u00e1vel ou at\u00e9 voltando para tr\u00e1s: s\u00e3o aqueles\u00a0que reclamam das viagens espaciais, dos novos costumes, da nova<br \/>\nmoralidade, etc.<\/p>\n<p>Quanto \u00e0 dados f\u00edsicos, s\u00e3o pessoas que envelhecem rapidamente em\u00a0alguns casos, aparentando mais idade do que realmente t\u00eam, com exce\u00e7\u00e3o\u00a0as que tenham tamb\u00e9m Oxum ou Ians\u00e3 na coroa.\u00a0Os filhos de Nan\u00e3 s\u00e3o calmos e benevolentes, agindo sempre com\u00a0dignidade e gentileza. S\u00e3o pessoas lentas no exerc\u00edcio de seus\u00a0afazeres, julgando haver tempo para tudo, como se o dia fosse durar\u00a0uma eternidade. Muito afei\u00e7oadas \u00e0s crian\u00e7as, educam-nas com ternura e\u00a0excesso de mansid\u00e3o, possuindo tend\u00eancia a se comportar com a\u00a0indulg\u00eancia das av\u00f3s. Suas rea\u00e7\u00f5es bem equilibradas e a pertin\u00eancia de\u00a0suas decis\u00f5es mant\u00eam-nas sempre no caminho da sabedoria e da justi\u00e7a,\u00a0com seguran\u00e7a e majestade.<\/p>\n<p>O tipo psicol\u00f3gico dos filhos de NAN\u00c3 \u00e0 introvertido e calmo. Seu\u00a0temperamento \u00e9 severo e austero. Rabugento, \u00e9 mais temido do que\u00a0amado. Pouco feminina, n\u00e3o tem maiores atrativos e \u00e0 muito afastada da\u00a0sexualidade. Por medo de amar e de ser abandonada e sofrer, ela dedica\u00a0sua vida ao trabalho, \u00e0 voca\u00e7\u00e3o, \u00e0 ambi\u00e7\u00e3o social.<\/p>\n<p>&nbsp;<\/p>\n<h2 style=\"text-align: center;\">Lendas de Nan\u00e3 Buruqu\u00ea<\/h2>\n<h2 class=\"separator\" style=\"text-align: center;\">Como Nan\u00e3 Ajudou na Cria\u00e7\u00e3o do Homem:<\/h2>\n<p>&nbsp;<\/p>\n<p class=\"separator\"><a href=\"http:\/\/thir.com.br\/portal\/wp-content\/uploads\/2017\/08\/965836f885c40d73155f88c17c1a884f-orisha-braga.jpg\"><img loading=\"lazy\" decoding=\"async\" class=\"wp-image-12352 alignleft\" src=\"http:\/\/thir.com.br\/portal\/wp-content\/uploads\/2017\/08\/965836f885c40d73155f88c17c1a884f-orisha-braga.jpg\" alt=\"\" width=\"397\" height=\"497\" srcset=\"https:\/\/thir.com.br\/portal\/wp-content\/uploads\/2017\/08\/965836f885c40d73155f88c17c1a884f-orisha-braga.jpg 499w, https:\/\/thir.com.br\/portal\/wp-content\/uploads\/2017\/08\/965836f885c40d73155f88c17c1a884f-orisha-braga-240x300.jpg 240w\" sizes=\"auto, (max-width: 397px) 100vw, 397px\" \/><\/a>Dizem que quando Olorum encarregou Oxal\u00e1 de fazer o mundo e\u00a0modelar o ser humano, o Orix\u00e1 tentou v\u00e1rios caminhos. Tentou fazer o\u00a0homem de ar, como ele. N\u00e3o deu certo, pois o homem logo se desvaneceu.<\/p>\n<p class=\"separator\">Tentou fazer de pau, mas a criatura ficou dura. De pedra, mas ainda a\u00a0tentativa foi pior. Fez de fogo e o homem se consumiu. Tentou azeite,\u00a0\u00e1gua e at\u00e9 vinho de palma, e nada. Foi ent\u00e3o que Nan\u00e3 veio em seu\u00a0socorro e deu a Oxal\u00e1 a lama, o barro do fundo da lagoa onde morava\u00a0ela, a lama sob as \u00e1guas, que \u00e9 Nan\u00e3. Oxal\u00e1 criou o homem, o modelou\u00a0no barro. Com o sopro de Olorum ele caminhou. Com a ajuda dos Orix\u00e1\u00a0povoou a Terra. Mas tem um dia que o homem tem que morrer. O seu corpo\u00a0tem que voltar \u00e0 terra, voltar \u00e0 natureza de Nan\u00e3. Nan\u00e3 deu a mat\u00e9ria\u00a0no come\u00e7o mas quer de volta no final tudo o que \u00e9 seu.<\/p>\n<p class=\"separator\">Nan\u00e3 \u00e9 a Senhora dos segredos, dos mist\u00e9rios, do mundo oculto da magia\u00a0e das esferas subterr\u00e2neas do Planeta.<\/p>\n<p class=\"separator\">Nan\u00e3 \u00e9 m\u00e3e dos Orix\u00e1s. Est\u00e1 na terra e na cachoeira e est\u00e1 no mar. Eu\u00a0vou pedir \u00e0 boa Nan\u00e3 que aben\u00e7oe os filhos seus.<\/p>\n<p>Nan\u00e3 Orix\u00e1 da sabedoria, conselheira e encaminhadora de esp\u00edritos.<\/p>\n<p class=\"separator\">Saluba a vov\u00f3!<\/p>\n<p>Nan\u00e3 simboliza a maturidade, a ci\u00eancia e a raz\u00e3o, \u00e9 uma m\u00e3e divina,atua no trono da evolu\u00e7\u00e3o. Prote\u00e7\u00e3o a todos n\u00f3s minha Senhora!<\/p>\n<p>Nan\u00e3, dai-nos vossa prote\u00e7\u00e3o! Valei-nos av\u00f3 de Aruanda, valei-nos com sua\u00a0ben\u00e7\u00e3o, com sua estrela bendita, livrai-nos das horas aflitas.<\/p>\n<p>Sua Ben\u00e7\u00e3o nobre senhora dos Orix\u00e1s.<\/p>\n<p>Saluba Nan\u00e3 Buruqu\u00ea!!!<\/p>\n<p>&nbsp;<\/p>\n<h2 class=\"separator\" style=\"text-align: center;\">Sincretismo Cat\u00f3lico Religioso<\/h2>\n<p>&nbsp;<\/p>\n<p><a href=\"http:\/\/thir.com.br\/portal\/wp-content\/uploads\/2017\/08\/nan\u00e3-umbanda-e-santana.jpg\"><img loading=\"lazy\" decoding=\"async\" class=\"size-medium wp-image-12355 alignleft\" src=\"http:\/\/thir.com.br\/portal\/wp-content\/uploads\/2017\/08\/nan\u00e3-umbanda-e-santana-300x235.jpg\" alt=\"\" width=\"300\" height=\"235\" srcset=\"https:\/\/thir.com.br\/portal\/wp-content\/uploads\/2017\/08\/nan\u00e3-umbanda-e-santana-300x235.jpg 300w, https:\/\/thir.com.br\/portal\/wp-content\/uploads\/2017\/08\/nan\u00e3-umbanda-e-santana.jpg 421w\" sizes=\"auto, (max-width: 300px) 100vw, 300px\" \/><\/a><\/p>\n<div class=\"panel-heading\">\n<h3 class=\"panel-title\">Caracter\u00edsticas<\/h3>\n<\/div>\n<div class=\"panel-body\"><strong>Data Comemorativa:<\/strong>\u00a026 de Julho<br \/>\n<strong>Sincretismo Religioso:<\/strong>\u00a0Nossa Senhora Santana<br \/>\n<strong>Cor:<\/strong>\u00a0Roxa ou lil\u00e1s ( Em algumas casas: Branco e Azul).<br \/>\n<strong>Ervas:<\/strong>\u00a0Manjeric\u00e3o Roxo, Col\u00f4nia, Ip\u00ea Roxo, Folha da Quaresma, Erva de Passarinho, Dama da Noite, Canela de Velho, Salsa da Praia, Manac\u00e1.<br \/>\n<strong>S\u00edmbolo:<\/strong>\u00a0Chuva<br \/>\n<strong>Metal:<\/strong>\u00a0Lat\u00e3o ou N\u00edquel<\/div>\n<p>&nbsp;<\/p>\n<p>&nbsp;<\/p>\n<p>&nbsp;<\/p>\n<pre>fonte:http:\/\/mariapadilhadasalmas.no.comunidades.net\/historia-de-obaluae-omulu<\/pre>\n","protected":false},"excerpt":{"rendered":"<p>&nbsp; Entre o mundo dos vivos e o mundo dos mortos, existe um portal. \u00c9 a passagem, a fronteira entre a vida e a morte. Sua regente; Nan\u00e3. Senhora da morte, geradora de Iku (morte). Deusa dos p\u00e2ntanos e da lama. M\u00e3e da var\u00edola, regente das chuvas, Nan\u00e3 \u00e9 de origem Jeje, da religi\u00e3o da Dassa Zum\u00ea e Sav\u00ea, no Daom\u00e9, hoje conhecida como Rep\u00fablica de Benin. A mais temida de todos os orix\u00e1s. A mais respeitada. A mais velha, poderosa e s\u00e9ria. Nan\u00e3 \u00e9 o encantamento da pr\u00f3pria morte. Seus c\u00e2nticos s\u00e3o s\u00faplicas para que leve Iku \u2013 a morte \u2013\u00a0para longe e quem permite que a vida seja mantida. \u00c9 a for\u00e7a da Natureza que o homem mais teme, pois ningu\u00e9m quer morrer! Ela \u00e9 a Senhora da passagem desta vida para outras, comandando o portal m\u00e1gico, a passagem das dimens\u00f5es. Nas casas de Santo, Nan\u00e3 \u00e9 extremamente cultuada e temida, pelo poder que ostenta. \u00c9 ela a m\u00e3e da var\u00edola e se faz presente quando existe epidemia da doen\u00e7a. Nan\u00e3 tamb\u00e9m est\u00e1 presente nos loda\u00e7ais, lama\u00e7ais, pois nasceu do contanto com \u00e1gua com a terra, formando a lama, dando origem \u00e0 sua pr\u00f3pria vida. Em terras da \u00c1frica, Nan\u00e3 \u00e9 chamada de Ini\u00ea e seus assentamentos (objetos sagrados) s\u00e3o salpicados de vermelho.\u00a0Nan\u00e3 \u00e9 lama, \u00e9 terra com contato com a \u00e1gua. Nan\u00e3 tamb\u00e9m \u00e9 o p\u00e2ntano, o lodo, sua principal morada e reg\u00eancia. Ela \u00e9 a chuva, a tempestade, a garoa. O banho de chuva, por isso, \u00e9 uma esp\u00e9cie de lavagem do corpo, homenagem que se faz \u00e0 Nan\u00e3, lavando-se no seu elemento. Por isso, n\u00e3o devemos blasfemar contra a chuva, que muita vezes estraga passeios, programas, compromissos, festas e acontecimentos. A chuva \u00e9 a parte da vida, que vai irrigar a terra, Se ela cai&#8230; <\/p>\n<p><a class=\"readmore\" href=\"https:\/\/thir.com.br\/portal\/nana-buruque\/\">Continue lendo&#8230;<\/a><\/p>\n","protected":false},"author":3,"featured_media":0,"parent":0,"menu_order":0,"comment_status":"closed","ping_status":"closed","template":"","meta":{"footnotes":""},"class_list":["post-12343","page","type-page","status-publish","hentry"],"_links":{"self":[{"href":"https:\/\/thir.com.br\/portal\/wp-json\/wp\/v2\/pages\/12343","targetHints":{"allow":["GET"]}}],"collection":[{"href":"https:\/\/thir.com.br\/portal\/wp-json\/wp\/v2\/pages"}],"about":[{"href":"https:\/\/thir.com.br\/portal\/wp-json\/wp\/v2\/types\/page"}],"author":[{"embeddable":true,"href":"https:\/\/thir.com.br\/portal\/wp-json\/wp\/v2\/users\/3"}],"replies":[{"embeddable":true,"href":"https:\/\/thir.com.br\/portal\/wp-json\/wp\/v2\/comments?post=12343"}],"version-history":[{"count":10,"href":"https:\/\/thir.com.br\/portal\/wp-json\/wp\/v2\/pages\/12343\/revisions"}],"predecessor-version":[{"id":12357,"href":"https:\/\/thir.com.br\/portal\/wp-json\/wp\/v2\/pages\/12343\/revisions\/12357"}],"wp:attachment":[{"href":"https:\/\/thir.com.br\/portal\/wp-json\/wp\/v2\/media?parent=12343"}],"curies":[{"name":"wp","href":"https:\/\/api.w.org\/{rel}","templated":true}]}}