{"id":12280,"date":"2017-08-24T14:22:21","date_gmt":"2017-08-24T17:22:21","guid":{"rendered":"http:\/\/thir.com.br\/portal\/?page_id=12280"},"modified":"2017-08-24T14:51:32","modified_gmt":"2017-08-24T17:51:32","slug":"oxum","status":"publish","type":"page","link":"https:\/\/thir.com.br\/portal\/oxum\/","title":{"rendered":"Oxum"},"content":{"rendered":"<p><a href=\"http:\/\/thir.com.br\/portal\/wp-content\/uploads\/2017\/08\/Banner_Oxum-1140x400.jpg\"><img loading=\"lazy\" decoding=\"async\" class=\"aligncenter wp-image-12281 size-full\" src=\"http:\/\/thir.com.br\/portal\/wp-content\/uploads\/2017\/08\/Banner_Oxum-1140x400.jpg\" alt=\"\" width=\"1140\" height=\"400\" srcset=\"https:\/\/thir.com.br\/portal\/wp-content\/uploads\/2017\/08\/Banner_Oxum-1140x400.jpg 1140w, https:\/\/thir.com.br\/portal\/wp-content\/uploads\/2017\/08\/Banner_Oxum-1140x400-300x105.jpg 300w, https:\/\/thir.com.br\/portal\/wp-content\/uploads\/2017\/08\/Banner_Oxum-1140x400-768x269.jpg 768w, https:\/\/thir.com.br\/portal\/wp-content\/uploads\/2017\/08\/Banner_Oxum-1140x400-1024x359.jpg 1024w, https:\/\/thir.com.br\/portal\/wp-content\/uploads\/2017\/08\/Banner_Oxum-1140x400-500x175.jpg 500w\" sizes=\"auto, (max-width: 1140px) 100vw, 1140px\" \/><\/a><\/p>\n<p>&nbsp;<\/p>\n<p>Oxum, deusa das cachoeiras, das \u00e1guas doces e dos rios, deusa da DO\u00c7URA e do AMOR, da BELEZA, riqueza e da prosperidade, deusa da FECUNDIDADE e FERTILIDADE, orix\u00e1 da maternidade que ama as crian\u00e7as, protege a vida e tem fun\u00e7\u00e3o de cura. Oxum favorece a conquista da riqueza espiritual e a abund\u00e2ncia material. Atua na vida dos seres estimulando em cada um os sentimentos de AMOR, fraternidade e uni\u00e3o.<\/p>\n<p><em>Oxum\u00a0<\/em>\u00e9 s\u00edmbolo da\u00a0sensibilidade e muitas vezes derrama\u00a0l\u00e1grimas ao incorporar em algu\u00e9m, caracter\u00edstica que se transfere a seus filhos, identificados por chor\u00f5es.<\/p>\n<h1><\/h1>\n<h2 style=\"text-align: center;\">Caracter\u00edsticas dos Filhos de Oxum<\/h2>\n<p>&nbsp;<\/p>\n<p>Os filhos da Oxum amam espelhos, j\u00f3ias caras, ouro, s\u00e3o impec\u00e1veis no trajar e n\u00e3o se exibem publicamente sem primeiro cuidar da vestimenta, do cabelo e, as mulheres, da pintura. As pessoas de Oxum s\u00e3o vaidosas, sensuais, adoram perfumes, roupas bonitas, tudo que se relaciona com a beleza. S\u00e3o mulheres graciosas e elegantes, das mulheres que s\u00e3o s\u00edmbolo do charme e da beleza. Voluptuosas e sensuais, por\u00e9m mais reservadas que as de Ians\u00e3. Elas evitam chocar a opini\u00e3o p\u00fablica, a qual d\u00e3o muita import\u00e2ncia. \u201d Sob sua apar\u00eancia graciosa e sensuais, escondem uma vontade muito forte e um grande desejo de ascens\u00e3o social\u201d. Os filhos de Oxum s\u00e3o discretos, pois, assim apreciam o destaque social, temem os esc\u00e2ndalos ou qualquer coisa que possa \u00a0denegri a imagem de inofensivos, bondosos, que constroem cautelosamente.<\/p>\n<p>A imagem doce, que esconde uma determina\u00e7\u00e3o forte e uma ambi\u00e7\u00e3o bastante marcante.Os filhos de Oxum tem tend\u00eancia para engordar. S\u00e3o boas donas de casa e companheiras. S\u00e3o muito sens\u00edveis a qualquer emo\u00e7\u00e3o, calmos, tranquilos, emotivos, normalmente t\u00eam uma facilidade muito grande para o choro.<\/p>\n<p>O arqu\u00e9tipo psicol\u00f3gico associado a Oxum se aproxima da imagem que se tem de um rio, as \u00e1guas que s\u00e3o seu elemento; apar\u00eancia de calma que pode esconder correntes, buracos no fundo, grutas tudo que n\u00e3o \u00e9 \u00a0nem reto nem \u00a0direto, mais pouco claro em forma, cheio de meandros.\u00a0Seu maior defeito \u00e9 o ci\u00fame.<\/p>\n<p>&nbsp;<\/p>\n<h2 style=\"text-align: center;\">Lendas da Oxum<\/h2>\n<p>&nbsp;<\/p>\n<h2 style=\"text-align: center;\">Como Oxum Conseguiu Participar das Reuni\u00f5es dos Orix\u00e1s<\/h2>\n<p>&nbsp;<\/p>\n<p><a href=\"http:\/\/thir.com.br\/portal\/wp-content\/uploads\/2017\/08\/53394698996ec54e69fb728508507296.jpg\"><img loading=\"lazy\" decoding=\"async\" class=\"wp-image-12286 alignleft\" src=\"http:\/\/thir.com.br\/portal\/wp-content\/uploads\/2017\/08\/53394698996ec54e69fb728508507296-251x300.jpg\" alt=\"\" width=\"322\" height=\"385\" srcset=\"https:\/\/thir.com.br\/portal\/wp-content\/uploads\/2017\/08\/53394698996ec54e69fb728508507296-251x300.jpg 251w, https:\/\/thir.com.br\/portal\/wp-content\/uploads\/2017\/08\/53394698996ec54e69fb728508507296-500x597.jpg 500w, https:\/\/thir.com.br\/portal\/wp-content\/uploads\/2017\/08\/53394698996ec54e69fb728508507296.jpg 564w\" sizes=\"auto, (max-width: 322px) 100vw, 322px\" \/><\/a><\/p>\n<p>&nbsp;<\/p>\n<p>Logo que todos os orix\u00e1s chegaram a terra, organizavam reuni\u00f5es das quais mulheres n\u00e3o poderiam participar. Oxum, revoltada por n\u00e3o poder participar das reuni\u00f5es e das delibera\u00e7\u00f5es, resolve mostrar seu poder e sua import\u00e2ncia \u00a0tomando est\u00e9reis todas as mulheres, secando as fontes, tomando assim a terra improdutiva, Olorum foi procurado pelos orix\u00e1s que lhe explicaram que tudo ia mal na terra, apesar de tudo que faziam e deliberavam nas reuni\u00f5es.<\/p>\n<p>Olorum perguntou a eles se Oxum participava das reuni\u00f5es, foi quando os orix\u00e1s lhe disseram que n\u00e3o. Explicou-lhes ent\u00e3o, que sem a presen\u00e7a da Oxum e do seu poder sobre a fecundidade, nada iria dar certo. Os orix\u00e1s convidaram Oxum para participar de seus trabalhos e reuni\u00f5es, e depois de muita insist\u00eancia, Oxum resolve aceitar, imediatamente as mulheres tornaram-se fecundas e todos os empreendimentos e projetos obtiveram resultados positivos.\u00a0 Oxum \u00e9 chamada Iyl\u00e1\u00f2de, t\u00edtulo conferido a pessoa que ocupa o lugar mais importante entre as mulheres da cidade.<\/p>\n<p>&nbsp;<\/p>\n<p>&nbsp;<\/p>\n<h2 style=\"text-align: center;\">Sincretismo Religioso<\/h2>\n<h4 style=\"text-align: center;\">\u00a0 Nossa Senhora da Concei\u00e7\u00e3o \u2013 08 de Dezembro<\/h4>\n<p>&nbsp;<\/p>\n<p><a href=\"http:\/\/thir.com.br\/portal\/wp-content\/uploads\/2017\/08\/62f440846ab7469f301c52013f67aa07.jpg\"><img loading=\"lazy\" decoding=\"async\" class=\"wp-image-12290 alignleft\" src=\"http:\/\/thir.com.br\/portal\/wp-content\/uploads\/2017\/08\/62f440846ab7469f301c52013f67aa07-238x300.jpg\" alt=\"\" width=\"237\" height=\"299\" srcset=\"https:\/\/thir.com.br\/portal\/wp-content\/uploads\/2017\/08\/62f440846ab7469f301c52013f67aa07-238x300.jpg 238w, https:\/\/thir.com.br\/portal\/wp-content\/uploads\/2017\/08\/62f440846ab7469f301c52013f67aa07-500x630.jpg 500w, https:\/\/thir.com.br\/portal\/wp-content\/uploads\/2017\/08\/62f440846ab7469f301c52013f67aa07.jpg 564w\" sizes=\"auto, (max-width: 237px) 100vw, 237px\" \/><\/a><\/p>\n<div class=\"panel-heading\">\n<h3 class=\"panel-title\">\u00a0 \u00a0 \u00a0 \u00a0Ora\u00e7\u00e3o a Nossa Senhora da Concei\u00e7\u00e3o<\/h3>\n<p>&nbsp;<\/p>\n<\/div>\n<div class=\"panel-body\">Virgem Sant\u00edssima, que fostes concebida sem o pecado original e por isto merecestes o t\u00edtulo de Nossa Senhora da Imaculada Concei\u00e7\u00e3o, e por terdes evitado todos os outros pecados, o Anjo Gabriel vos saudou com as belas palavras: \u201cAve Maria, cheia de gra\u00e7a\u201d; n\u00f3s vos pedimos que nos alcanceis do vosso divino Filho o aux\u00edlio necess\u00e1rio para vencermos as tenta\u00e7\u00f5es e evitarmos os pecados e j\u00e1 que vos chamamos de M\u00e3e, atendei-nos com carinho maternal esta gra\u00e7a: (fazer o pedido); para que possamos viver como dignos filhos vossos. Nossa Senhora da Concei\u00e7\u00e3o, rogai por n\u00f3s. Am\u00e9m.<\/div>\n<p>&nbsp;<\/p>\n","protected":false},"excerpt":{"rendered":"<p>&nbsp; Oxum, deusa das cachoeiras, das \u00e1guas doces e dos rios, deusa da DO\u00c7URA e do AMOR, da BELEZA, riqueza e da prosperidade, deusa da FECUNDIDADE e FERTILIDADE, orix\u00e1 da maternidade que ama as crian\u00e7as, protege a vida e tem fun\u00e7\u00e3o de cura. Oxum favorece a conquista da riqueza espiritual e a abund\u00e2ncia material. Atua na vida dos seres estimulando em cada um os sentimentos de AMOR, fraternidade e uni\u00e3o. Oxum\u00a0\u00e9 s\u00edmbolo da\u00a0sensibilidade e muitas vezes derrama\u00a0l\u00e1grimas ao incorporar em algu\u00e9m, caracter\u00edstica que se transfere a seus filhos, identificados por chor\u00f5es. Caracter\u00edsticas dos Filhos de Oxum &nbsp; Os filhos da Oxum amam espelhos, j\u00f3ias caras, ouro, s\u00e3o impec\u00e1veis no trajar e n\u00e3o se exibem publicamente sem primeiro cuidar da vestimenta, do cabelo e, as mulheres, da pintura. As pessoas de Oxum s\u00e3o vaidosas, sensuais, adoram perfumes, roupas bonitas, tudo que se relaciona com a beleza. S\u00e3o mulheres graciosas e elegantes, das mulheres que s\u00e3o s\u00edmbolo do charme e da beleza. Voluptuosas e sensuais, por\u00e9m mais reservadas que as de Ians\u00e3. Elas evitam chocar a opini\u00e3o p\u00fablica, a qual d\u00e3o muita import\u00e2ncia. \u201d Sob sua apar\u00eancia graciosa e sensuais, escondem uma vontade muito forte e um grande desejo de ascens\u00e3o social\u201d. Os filhos de Oxum s\u00e3o discretos, pois, assim apreciam o destaque social, temem os esc\u00e2ndalos ou qualquer coisa que possa \u00a0denegri a imagem de inofensivos, bondosos, que constroem cautelosamente. A imagem doce, que esconde uma determina\u00e7\u00e3o forte e uma ambi\u00e7\u00e3o bastante marcante.Os filhos de Oxum tem tend\u00eancia para engordar. S\u00e3o boas donas de casa e companheiras. S\u00e3o muito sens\u00edveis a qualquer emo\u00e7\u00e3o, calmos, tranquilos, emotivos, normalmente t\u00eam uma facilidade muito grande para o choro. O arqu\u00e9tipo psicol\u00f3gico associado a Oxum se aproxima da imagem que se tem de um rio, as \u00e1guas que s\u00e3o seu elemento; apar\u00eancia de calma que&#8230; <\/p>\n<p><a class=\"readmore\" href=\"https:\/\/thir.com.br\/portal\/oxum\/\">Continue lendo&#8230;<\/a><\/p>\n","protected":false},"author":3,"featured_media":0,"parent":0,"menu_order":0,"comment_status":"closed","ping_status":"closed","template":"","meta":{"footnotes":""},"class_list":["post-12280","page","type-page","status-publish","hentry"],"_links":{"self":[{"href":"https:\/\/thir.com.br\/portal\/wp-json\/wp\/v2\/pages\/12280","targetHints":{"allow":["GET"]}}],"collection":[{"href":"https:\/\/thir.com.br\/portal\/wp-json\/wp\/v2\/pages"}],"about":[{"href":"https:\/\/thir.com.br\/portal\/wp-json\/wp\/v2\/types\/page"}],"author":[{"embeddable":true,"href":"https:\/\/thir.com.br\/portal\/wp-json\/wp\/v2\/users\/3"}],"replies":[{"embeddable":true,"href":"https:\/\/thir.com.br\/portal\/wp-json\/wp\/v2\/comments?post=12280"}],"version-history":[{"count":10,"href":"https:\/\/thir.com.br\/portal\/wp-json\/wp\/v2\/pages\/12280\/revisions"}],"predecessor-version":[{"id":12294,"href":"https:\/\/thir.com.br\/portal\/wp-json\/wp\/v2\/pages\/12280\/revisions\/12294"}],"wp:attachment":[{"href":"https:\/\/thir.com.br\/portal\/wp-json\/wp\/v2\/media?parent=12280"}],"curies":[{"name":"wp","href":"https:\/\/api.w.org\/{rel}","templated":true}]}}