{"id":12246,"date":"2017-08-24T00:02:10","date_gmt":"2017-08-24T03:02:10","guid":{"rendered":"http:\/\/thir.com.br\/portal\/?page_id=12246"},"modified":"2017-08-24T17:05:33","modified_gmt":"2017-08-24T20:05:33","slug":"iansa","status":"publish","type":"page","link":"https:\/\/thir.com.br\/portal\/iansa\/","title":{"rendered":"Ians\u00e3"},"content":{"rendered":"<p><a href=\"http:\/\/thir.com.br\/portal\/wp-content\/uploads\/2017\/08\/Bannes_Iansa-1140x400.jpg\"><img loading=\"lazy\" decoding=\"async\" class=\"aligncenter wp-image-12247 size-full\" src=\"http:\/\/thir.com.br\/portal\/wp-content\/uploads\/2017\/08\/Bannes_Iansa-1140x400.jpg\" alt=\"\" width=\"1140\" height=\"400\" srcset=\"https:\/\/thir.com.br\/portal\/wp-content\/uploads\/2017\/08\/Bannes_Iansa-1140x400.jpg 1140w, https:\/\/thir.com.br\/portal\/wp-content\/uploads\/2017\/08\/Bannes_Iansa-1140x400-300x105.jpg 300w, https:\/\/thir.com.br\/portal\/wp-content\/uploads\/2017\/08\/Bannes_Iansa-1140x400-768x269.jpg 768w, https:\/\/thir.com.br\/portal\/wp-content\/uploads\/2017\/08\/Bannes_Iansa-1140x400-1024x359.jpg 1024w, https:\/\/thir.com.br\/portal\/wp-content\/uploads\/2017\/08\/Bannes_Iansa-1140x400-500x175.jpg 500w\" sizes=\"auto, (max-width: 1140px) 100vw, 1140px\" \/><\/a><\/p>\n<p>&nbsp;<\/p>\n<p>OY\u00c1, deusa guerreira, senhora dos ventos e da tempestade. \u00c9 o Orix\u00e1 do arrebatamento, da paix\u00e3o. Foi esposa de Ogum e, posteriormente a mais importante esposa de Xang\u00f4. \u00c9 irriquieta, autorit\u00e1ria, mas sensual, de temperamento muito forte, dominador e impetuoso. \u00c9 a dona dos movimentos ( movimenta todos os Orix\u00e1s). Ians\u00e3 \u00e9 a Senhora dos Eguns ( esp\u00edritos mortos), os quais controla com um rabo de cavalo chamado Eruexin. Seu instrumento lit\u00fargico durante as festas, uma chibata feita de rado de um cavalo alado e um cabo de osso, madeira ou metal. \u00c9 ela que servir\u00e1 de guia, ao lado de Obalua\u00ea, para aquele espirito que se desprendeu do corpo.\u00c9 ela que indicar\u00e1 o caminho a ser percorrido por aquela alma.Deusa da espada do fogo, dona da paix\u00e3o, da provoca\u00e7\u00e3o e do ci\u00fame. Paix\u00e3o violenta, que corr\u00f3i, que cria sentimentos de loucura, que cria o desejo de possuir. \u00c9 a vol\u00fapia, o cl\u00edmax, ela \u00e9 o desejo incontido, o sentimento mais forte que a raz\u00e3o. A frase estou apaixonado, tem a presen\u00e7a e a reg\u00eancia de Ians\u00e3, que \u00e9 o orix\u00e1 que faz nossos cora\u00e7\u00f5es baterem com mais for\u00e7a e cria em nossas mentes os sentimentos mais profundos, abusados, ousados e desesperados. \u00c9 o ci\u00fame doentio, a inveja suave, o fasc\u00ednio enlouquecido, \u00e9 a paix\u00e3o propriamente dita, \u00e9 a falta de medo das consequ\u00eancias de um ato impensado no campo amoroso. Ians\u00e3 rege o amor forte, violento, gosta de mostrar seu amor e sua alegria contagiantes da mesma forma desmedida com que exterioriza sua c\u00f3lera.<\/p>\n<hr \/>\n<h2><\/h2>\n<h2 style=\"text-align: center;\">Atribui\u00e7\u00f5es<\/h2>\n<p>Uma de suas atribui\u00e7\u00f5es \u00e9 colher os seres fora-da-lei e, com um de seus magnetismos, alterarem todo o emocional, mental e consci\u00eancia, para, s\u00f3 ent\u00e3o, redireciona-lo numa outra linha de evolu\u00e7\u00e3o, que o aquietar\u00e1 e facilitar\u00e1 sua caminhada pela linha reta da evolu\u00e7\u00e3o.<\/p>\n<p>&nbsp;<\/p>\n<p>&nbsp;<\/p>\n<h2 style=\"text-align: center;\">As Caracter\u00edsticas dos Filhos de Ians\u00e3<\/h2>\n<p>&nbsp;<\/p>\n<p><a href=\"http:\/\/thir.com.br\/portal\/wp-content\/uploads\/2017\/08\/oyaBagan.preview.jpg\"><img loading=\"lazy\" decoding=\"async\" class=\"wp-image-12257 alignleft\" src=\"http:\/\/thir.com.br\/portal\/wp-content\/uploads\/2017\/08\/oyaBagan.preview-203x300.jpg\" alt=\"\" width=\"245\" height=\"362\" srcset=\"https:\/\/thir.com.br\/portal\/wp-content\/uploads\/2017\/08\/oyaBagan.preview-203x300.jpg 203w, https:\/\/thir.com.br\/portal\/wp-content\/uploads\/2017\/08\/oyaBagan.preview.jpg 432w\" sizes=\"auto, (max-width: 245px) 100vw, 245px\" \/><\/a><br \/>\nSeu filho \u00e9 conhecido por seu temperamento explosivo. Est\u00e1 sempre chamando a aten\u00e7\u00e3o por ser inquieto e extrovertido. Sempre a sua palavra \u00e9 que vale e gosta de impor aos outros a sua vontade, n\u00e3o admite ser contrariado, pouco importando se tem ou n\u00e3o raz\u00e3o, pois n\u00e3o gosta de dialogar. Em estado normal \u00e9 muito alegre e decidido. Questionado torna-se violento, partindo para a agress\u00e3o, com berros, gritos e choro.Tem um prazer enorme de contrariar todo tipo de preconceito. N\u00e3o tem medo de nada. Sua grande qualidade, a garra, e seu grande defeito, a impensada fraqueza o que lhe prejudica o conv\u00edvio social. Ians\u00e3 \u00e9 uma mulher guerreira que, em vez de ficar no lar, vai a guerra. Costumam ver gerra em tudo, sendo, portanto competitivos, agressivos e dados a ataques de c\u00f3lera. Mostram-se incapazes de perdoar qualquer trai\u00e7\u00e3o. Todas essas caracter\u00edsticas criam uma grande dificuldade de relacionamentos, outro, podem ser muito violentos quando contrariados; se t\u00eam a tend\u00eancia para a fraqueza e para o estilo direto, tamb\u00e9m n\u00e3o podem ser considerados confi\u00e1veis, pois fatos menores provocam rea\u00e7\u00f5es enormes e quando possessos, n\u00e3o h\u00e1 \u00e9tica que segure os filhos de ians\u00e3, dispostos a destruir tudo com seu vento arrasador.<\/p>\n<p>&nbsp;<\/p>\n<p>&nbsp;<\/p>\n<p>&nbsp;<\/p>\n<h2 style=\"text-align: center;\">Lendas de Ians\u00e3<\/h2>\n<p>&nbsp;<\/p>\n<h2 style=\"text-align: center;\">Ians\u00e3 Ganha de Obalua\u00ea o Poder Sobre os Mortos<\/h2>\n<p>&nbsp;<\/p>\n<p><a href=\"http:\/\/thir.com.br\/portal\/wp-content\/uploads\/2017\/08\/53936e3058aeae43a4e0fb97a4960db2.jpg\"><img loading=\"lazy\" decoding=\"async\" class=\"wp-image-12321 alignleft\" src=\"http:\/\/thir.com.br\/portal\/wp-content\/uploads\/2017\/08\/53936e3058aeae43a4e0fb97a4960db2.jpg\" alt=\"\" width=\"405\" height=\"506\" srcset=\"https:\/\/thir.com.br\/portal\/wp-content\/uploads\/2017\/08\/53936e3058aeae43a4e0fb97a4960db2.jpg 480w, https:\/\/thir.com.br\/portal\/wp-content\/uploads\/2017\/08\/53936e3058aeae43a4e0fb97a4960db2-240x300.jpg 240w\" sizes=\"auto, (max-width: 405px) 100vw, 405px\" \/><\/a>Chegando de viagem \u00e1 aldeia onde nascera Obalua\u00ea viu que estava acontecendo uma festa com a presen\u00e7a de todos os orix\u00e1s. Obalua\u00ea n\u00e3o podia entrar na festa, devido a sua medonha apar\u00eancia. Ent\u00e3o ficou espreitando pelas frestas do terreiro. Ogum, ao perceber a ang\u00fastia do orix\u00e1, cobriu-o com uma roupa de palha, com um capuz que ocultava seu rosto doente, e convidou-o a entrar e aproveitar a alegria dos festejos. Apesar de envergonhado, Obalua\u00ea entrou, mas ningu\u00e9m se aproximava dele, nenhuma mulher quis dan\u00e7ar com ele.\u00a0Ians\u00e3 tudo acompanhava com o rabo de olho.<\/p>\n<p>Ela compreendia a triste situa\u00e7\u00e3o de Obalua\u00ea e dele se compadecia. Ians\u00e3 esperou que ele estivesse bem no centro do barrac\u00e3o. O xir\u00ea estava animado. Os orix\u00e1s dan\u00e7avam alegremente com suas ekedes. Ians\u00e3 chegou ent\u00e3o bem perto dele e soprou suas roupas de palhas com seu vento. Nesse momento de encanto e ventania, as feridas de Obalua\u00ea pularam para o alto, transformadas numa chuva de pipocas, que se espalharam brancas pelo barrac\u00e3o. Obalua\u00ea, o deus da doen\u00e7a, transformara-se num jovem belo e encantador.<\/p>\n<p>O povo aclamou por sua beleza. Obalua\u00ea ficou mais do que contente com a festa, ficou grato. E, em recompensa, dividiu com ela o seu reino. Ians\u00e3 ent\u00e3o dan\u00e7ou e dan\u00e7ou de alegria. Para mostrar todo o seu poder sobre os mortos, quando ela dan\u00e7ava agora, agitava no ar o eruexim ( espanta-moscas com que afasta os eguns para o outro mundo). Ians\u00e3 tornou-se Ians\u00e3 do Bal\u00e9, a rainha dos esp\u00edritos dos mortos, a condutora dos eguns, a rainha que foi sempre a grande paix\u00e3o de Obalua\u00ea.<\/p>\n<h3><\/h3>\n<p>&nbsp;<\/p>\n<p>&nbsp;<\/p>\n<p>&nbsp;<\/p>\n<p>&nbsp;<\/p>\n<div class=\"panel-heading\"><\/div>\n<div>\n<h3 style=\"text-align: center;\">Data Comemorativa no Sincretismo Cat\u00f3lico<\/h3>\n<h3 style=\"text-align: center;\">Santa B\u00e1rbara \u2013 04 de Dezembro<\/h3>\n<p><a href=\"http:\/\/thir.com.br\/portal\/wp-content\/uploads\/2017\/08\/pintura-antigua-santa-barbara.jpeg\"><img loading=\"lazy\" decoding=\"async\" class=\"size-medium wp-image-12259 alignleft\" src=\"http:\/\/thir.com.br\/portal\/wp-content\/uploads\/2017\/08\/pintura-antigua-santa-barbara-216x300.jpeg\" alt=\"\" width=\"216\" height=\"300\" srcset=\"https:\/\/thir.com.br\/portal\/wp-content\/uploads\/2017\/08\/pintura-antigua-santa-barbara-216x300.jpeg 216w, https:\/\/thir.com.br\/portal\/wp-content\/uploads\/2017\/08\/pintura-antigua-santa-barbara-500x693.jpeg 500w, https:\/\/thir.com.br\/portal\/wp-content\/uploads\/2017\/08\/pintura-antigua-santa-barbara.jpeg 720w\" sizes=\"auto, (max-width: 216px) 100vw, 216px\" \/><\/a><\/p>\n<div class=\"panel-heading\">\n<h3 class=\"panel-title\">\u00a0 \u00a0 \u00a0 \u00a0 \u00a0 \u00a0 \u00a0 \u00a0 \u00a0 \u00a0 \u00a0 \u00a0 \u00a0 \u00a0 \u00a0 Ora\u00e7\u00e3o a Santa B\u00e1rbara<\/h3>\n<p>\u00d3 Santa B\u00e1rbara, que sois mais forte que as torres das fortalezas e a viol\u00eancia dos furac\u00f5es, fazei com que os raios n\u00e3o me atinjam, os trov\u00f5es n\u00e3o me assustem e o troar dos canh\u00f5es n\u00e3o me abalem a coragem e a bravura.\u00a0Ficai sempre a meu lado para que eu possa enfrentar, de fronte erguida e rosto sereno, todas as tempestades e batalhas de minha vida: (fazer o pedido) para que, vencedor de todas as lutas, com a consci\u00eancia do dever cumprido, possa agradecer a v\u00f3s, minha protetora e render Gra\u00e7as \u00e0 Deus, criador do c\u00e9u, da Terra, da Natureza; este Deus que tem poder de dominar o furor das tempestades e abrandara crueldade das guerras. Am\u00e9m. Santa B\u00e1rbara, rogai por n\u00f3s.<\/p>\n<\/div>\n<\/div>\n","protected":false},"excerpt":{"rendered":"<p>&nbsp; OY\u00c1, deusa guerreira, senhora dos ventos e da tempestade. \u00c9 o Orix\u00e1 do arrebatamento, da paix\u00e3o. Foi esposa de Ogum e, posteriormente a mais importante esposa de Xang\u00f4. \u00c9 irriquieta, autorit\u00e1ria, mas sensual, de temperamento muito forte, dominador e impetuoso. \u00c9 a dona dos movimentos ( movimenta todos os Orix\u00e1s). Ians\u00e3 \u00e9 a Senhora dos Eguns ( esp\u00edritos mortos), os quais controla com um rabo de cavalo chamado Eruexin. Seu instrumento lit\u00fargico durante as festas, uma chibata feita de rado de um cavalo alado e um cabo de osso, madeira ou metal. \u00c9 ela que servir\u00e1 de guia, ao lado de Obalua\u00ea, para aquele espirito que se desprendeu do corpo.\u00c9 ela que indicar\u00e1 o caminho a ser percorrido por aquela alma.Deusa da espada do fogo, dona da paix\u00e3o, da provoca\u00e7\u00e3o e do ci\u00fame. Paix\u00e3o violenta, que corr\u00f3i, que cria sentimentos de loucura, que cria o desejo de possuir. \u00c9 a vol\u00fapia, o cl\u00edmax, ela \u00e9 o desejo incontido, o sentimento mais forte que a raz\u00e3o. A frase estou apaixonado, tem a presen\u00e7a e a reg\u00eancia de Ians\u00e3, que \u00e9 o orix\u00e1 que faz nossos cora\u00e7\u00f5es baterem com mais for\u00e7a e cria em nossas mentes os sentimentos mais profundos, abusados, ousados e desesperados. \u00c9 o ci\u00fame doentio, a inveja suave, o fasc\u00ednio enlouquecido, \u00e9 a paix\u00e3o propriamente dita, \u00e9 a falta de medo das consequ\u00eancias de um ato impensado no campo amoroso. Ians\u00e3 rege o amor forte, violento, gosta de mostrar seu amor e sua alegria contagiantes da mesma forma desmedida com que exterioriza sua c\u00f3lera. Atribui\u00e7\u00f5es Uma de suas atribui\u00e7\u00f5es \u00e9 colher os seres fora-da-lei e, com um de seus magnetismos, alterarem todo o emocional, mental e consci\u00eancia, para, s\u00f3 ent\u00e3o, redireciona-lo numa outra linha de evolu\u00e7\u00e3o, que o aquietar\u00e1 e facilitar\u00e1 sua caminhada pela linha reta da evolu\u00e7\u00e3o&#8230;. <\/p>\n<p><a class=\"readmore\" href=\"https:\/\/thir.com.br\/portal\/iansa\/\">Continue lendo&#8230;<\/a><\/p>\n","protected":false},"author":3,"featured_media":0,"parent":0,"menu_order":0,"comment_status":"closed","ping_status":"closed","template":"","meta":{"footnotes":""},"class_list":["post-12246","page","type-page","status-publish","hentry"],"_links":{"self":[{"href":"https:\/\/thir.com.br\/portal\/wp-json\/wp\/v2\/pages\/12246","targetHints":{"allow":["GET"]}}],"collection":[{"href":"https:\/\/thir.com.br\/portal\/wp-json\/wp\/v2\/pages"}],"about":[{"href":"https:\/\/thir.com.br\/portal\/wp-json\/wp\/v2\/types\/page"}],"author":[{"embeddable":true,"href":"https:\/\/thir.com.br\/portal\/wp-json\/wp\/v2\/users\/3"}],"replies":[{"embeddable":true,"href":"https:\/\/thir.com.br\/portal\/wp-json\/wp\/v2\/comments?post=12246"}],"version-history":[{"count":27,"href":"https:\/\/thir.com.br\/portal\/wp-json\/wp\/v2\/pages\/12246\/revisions"}],"predecessor-version":[{"id":12325,"href":"https:\/\/thir.com.br\/portal\/wp-json\/wp\/v2\/pages\/12246\/revisions\/12325"}],"wp:attachment":[{"href":"https:\/\/thir.com.br\/portal\/wp-json\/wp\/v2\/media?parent=12246"}],"curies":[{"name":"wp","href":"https:\/\/api.w.org\/{rel}","templated":true}]}}