{"id":12238,"date":"2017-08-23T23:32:59","date_gmt":"2017-08-24T02:32:59","guid":{"rendered":"http:\/\/thir.com.br\/portal\/?page_id=12238"},"modified":"2017-08-24T23:33:28","modified_gmt":"2017-08-25T02:33:28","slug":"xango","status":"publish","type":"page","link":"https:\/\/thir.com.br\/portal\/xango\/","title":{"rendered":"Xang\u00f4"},"content":{"rendered":"<p><a href=\"http:\/\/thir.com.br\/portal\/wp-content\/uploads\/2017\/08\/Banner_Xango-1140x400.jpg\"><img loading=\"lazy\" decoding=\"async\" class=\"aligncenter wp-image-12239 size-full\" src=\"http:\/\/thir.com.br\/portal\/wp-content\/uploads\/2017\/08\/Banner_Xango-1140x400.jpg\" alt=\"\" width=\"1140\" height=\"400\" srcset=\"https:\/\/thir.com.br\/portal\/wp-content\/uploads\/2017\/08\/Banner_Xango-1140x400.jpg 1140w, https:\/\/thir.com.br\/portal\/wp-content\/uploads\/2017\/08\/Banner_Xango-1140x400-300x105.jpg 300w, https:\/\/thir.com.br\/portal\/wp-content\/uploads\/2017\/08\/Banner_Xango-1140x400-768x269.jpg 768w, https:\/\/thir.com.br\/portal\/wp-content\/uploads\/2017\/08\/Banner_Xango-1140x400-1024x359.jpg 1024w, https:\/\/thir.com.br\/portal\/wp-content\/uploads\/2017\/08\/Banner_Xango-1140x400-500x175.jpg 500w\" sizes=\"auto, (max-width: 1140px) 100vw, 1140px\" \/><\/a><\/p>\n<p>&nbsp;<\/p>\n<p>Santo do raio, do trov\u00e3o, da justi\u00e7a e do fogo. Costuma dizer que S\u00e3o Jer\u00f4nimo, que no sincretismo religioso corresponde a Xang\u00f4, castiga os mentirosos, os ladr\u00f5es e malfeitores.<\/p>\n<p>Seu s\u00edmbolo principal \u00e9 o machado de dois gumes e a balan\u00e7a, s\u00edmbolo da justi\u00e7a. Tudo que se refere a estudos, a justi\u00e7a, demandas judiciais e contratos, pertencem a xang\u00f4.<\/p>\n<p>Na mitologia, \u00e9 atribu\u00eddo a Xang\u00f4 ( enquanto homem, ser hist\u00f3rico) o reinado sobre a cidade de Oy\u00f3, posto que conseguiu ap\u00f3s destronar o pr\u00f3prio meio-irm\u00e3o Dada-Ajak\u00e1 com um golpe militar.<\/p>\n<p>Por isso sempre uma aura de seriedade e de autoridade quando algu\u00e9m se refere a Xang\u00f4. Suas decis\u00f5es s\u00e3o sempre consideradas s\u00e1bias, ponderadas,h\u00e1beis e corretas. Ele \u00e9 o Orix\u00e1 que decide sobre o bem e o mal. Ele \u00e9 o orix\u00e1 do raio e do trov\u00e3o. Miticamente, o raio \u00e9 uma de suas armas, que ele envia como castigo. Ningu\u00e9m por\u00e9m deve temer sua c\u00f3lera como uma manifesta\u00e7\u00e3o Irracional.<\/p>\n<p>Xang\u00f4 tem a fama de agir sempre com neutralidade. Seu raio e eventual castigo s\u00e3o o resultado de um quase processo judicial, onde todos os pr\u00f3s e os contras foram pensados e pesados exaustivamente \u2013 A famosa balan\u00e7a da justi\u00e7a. Seu ax\u00e9, portanto est\u00e1 concentrado nas forma\u00e7\u00f5es de rochas cristalinas, nos terrenos rochosos a flor da terra, nas pedreiras, nos maci\u00e7os. Suas pedras s\u00e3o inteiras, duras de se quebrar, fixas e inabal\u00e1veis, como o pr\u00f3prio Orix\u00e1.<\/p>\n<h2><\/h2>\n<p>&nbsp;<\/p>\n<h2 style=\"text-align: center;\">O Arqu\u00e9tipo de seus Filhos<\/h2>\n<p>&nbsp;<\/p>\n<p><a href=\"http:\/\/thir.com.br\/portal\/wp-content\/uploads\/2017\/08\/9617b65dadc954319fd25357e5ceb8ed.jpg\"><img loading=\"lazy\" decoding=\"async\" class=\"wp-image-12332 alignleft\" src=\"http:\/\/thir.com.br\/portal\/wp-content\/uploads\/2017\/08\/9617b65dadc954319fd25357e5ceb8ed.jpg\" alt=\"\" width=\"408\" height=\"395\" srcset=\"https:\/\/thir.com.br\/portal\/wp-content\/uploads\/2017\/08\/9617b65dadc954319fd25357e5ceb8ed.jpg 564w, https:\/\/thir.com.br\/portal\/wp-content\/uploads\/2017\/08\/9617b65dadc954319fd25357e5ceb8ed-300x290.jpg 300w, https:\/\/thir.com.br\/portal\/wp-content\/uploads\/2017\/08\/9617b65dadc954319fd25357e5ceb8ed-500x484.jpg 500w\" sizes=\"auto, (max-width: 408px) 100vw, 408px\" \/><\/a><\/p>\n<p>&nbsp;<\/p>\n<p>Assim como o orix\u00e1, seus filhos s\u00e3o amantes da justi\u00e7a, agindo com muita imparcialidade, podendo ser excelentes profissionais ligados a \u00e1rea jur\u00eddica. Podem tamb\u00e9m exercer cargos dentro do ex\u00e9rcito ou do governo, devido as suas qualidades de autoridade e comando. Sabem como ningu\u00e9m, administrar seu patrim\u00f4nio, n\u00e3o deixando que nada escape ao seu controle. Embora n\u00e3o admitam, tamb\u00e9m gostam de controlar as despesas dos membros de sua fam\u00edlia, mas n\u00e3o deixa que nada lhes falte. Fisicamente s\u00e3o fortes, como discreta tend\u00eancia a obesidade. Seus filhos podem ser identificados pelos timbre de voz, assemelhando-se ao barulho do trov\u00e3o. S\u00e3o honestos e sinceros em seus relacionamentos, mas dificilmente fi\u00e9is. T\u00eam a fama de mulherengos. Apresentam alta dose de energia, auto-estima e egocentrismo. Possuem uma postura nobre e h\u00e1bitos aristocr\u00e1ticos, gostando de dar a \u00faltima palavra em tudo. Seu humor \u00e9 vari\u00e1vel, sendo incapaz de cometer injusti\u00e7as.<\/p>\n<p>&nbsp;<\/p>\n<p>&nbsp;<\/p>\n<p>&nbsp;<\/p>\n<p>&nbsp;<\/p>\n<p>&nbsp;<\/p>\n<h2 style=\"text-align: center;\">Sincretismo Cat\u00f3lico Religioso<\/h2>\n<p>&nbsp;<\/p>\n<p><a href=\"http:\/\/thir.com.br\/portal\/wp-content\/uploads\/2017\/08\/sao-jeronimo-233x300.jpg\"><img loading=\"lazy\" decoding=\"async\" class=\"size-medium wp-image-12243 alignleft\" src=\"http:\/\/thir.com.br\/portal\/wp-content\/uploads\/2017\/08\/sao-jeronimo-233x300-233x300.jpg\" alt=\"\" width=\"233\" height=\"300\" \/><\/a><strong>Dia da Semana:<\/strong>\u00a0Quarta-Feira<br \/>\n<strong>Sauda\u00e7\u00e3o:<\/strong>\u00a0Ka\u00f4 Cabecil\u00ea !<br \/>\n<strong>Sincretismo:<\/strong>\u00a0Xang\u00f4 Ka-\u00f4 ( No sincretismo S\u00e3o Jer\u00f4nimo) \u2013 comemorado no dia 30 de setembro; Xang\u00f4 Agodo ( No sincretismo S\u00e3o Jos\u00e9) \u2013 comemorado dia 19 de mar\u00e7o. Xang\u00f4 Alafim ( No sincretismo S\u00e3o Jo\u00e3o Batista) \u2013 comemorado dia 24 de Junho.<br \/>\n<strong>Cores:<\/strong>\u00a0Na Umbanda, marrom, no Candombl\u00e9, vermelho e branco.<br \/>\nS\u00edmbolo: o Ox\u00e9, machado de l\u00e2mina dupla feita em pedra e a pedra de raio<br \/>\n<strong>Elemento:<\/strong>\u00a0Fogo<br \/>\nAlgumas Ervas: Folha de fumo, taboa, jatob\u00e1<br \/>\nComida: Amal\u00e1, caruru( quiabo), bacalhau com quiabo, fruta do conde.<br \/>\n<strong>Dom\u00ednio:<\/strong>\u00a0A montanha, raio, trov\u00e3o e pedreira<br \/>\nParticularidades: Trabalha principalmente com a justi\u00e7a<br \/>\n<strong>Caracter\u00edstica:<\/strong>\u00a0Justiceiro, l\u00edder, calmo, egoc\u00eantrico, vaidoso, mand\u00e3o.<\/p>\n","protected":false},"excerpt":{"rendered":"<p>&nbsp; Santo do raio, do trov\u00e3o, da justi\u00e7a e do fogo. Costuma dizer que S\u00e3o Jer\u00f4nimo, que no sincretismo religioso corresponde a Xang\u00f4, castiga os mentirosos, os ladr\u00f5es e malfeitores. Seu s\u00edmbolo principal \u00e9 o machado de dois gumes e a balan\u00e7a, s\u00edmbolo da justi\u00e7a. Tudo que se refere a estudos, a justi\u00e7a, demandas judiciais e contratos, pertencem a xang\u00f4. Na mitologia, \u00e9 atribu\u00eddo a Xang\u00f4 ( enquanto homem, ser hist\u00f3rico) o reinado sobre a cidade de Oy\u00f3, posto que conseguiu ap\u00f3s destronar o pr\u00f3prio meio-irm\u00e3o Dada-Ajak\u00e1 com um golpe militar. Por isso sempre uma aura de seriedade e de autoridade quando algu\u00e9m se refere a Xang\u00f4. Suas decis\u00f5es s\u00e3o sempre consideradas s\u00e1bias, ponderadas,h\u00e1beis e corretas. Ele \u00e9 o Orix\u00e1 que decide sobre o bem e o mal. Ele \u00e9 o orix\u00e1 do raio e do trov\u00e3o. Miticamente, o raio \u00e9 uma de suas armas, que ele envia como castigo. Ningu\u00e9m por\u00e9m deve temer sua c\u00f3lera como uma manifesta\u00e7\u00e3o Irracional. Xang\u00f4 tem a fama de agir sempre com neutralidade. Seu raio e eventual castigo s\u00e3o o resultado de um quase processo judicial, onde todos os pr\u00f3s e os contras foram pensados e pesados exaustivamente \u2013 A famosa balan\u00e7a da justi\u00e7a. Seu ax\u00e9, portanto est\u00e1 concentrado nas forma\u00e7\u00f5es de rochas cristalinas, nos terrenos rochosos a flor da terra, nas pedreiras, nos maci\u00e7os. Suas pedras s\u00e3o inteiras, duras de se quebrar, fixas e inabal\u00e1veis, como o pr\u00f3prio Orix\u00e1. &nbsp; O Arqu\u00e9tipo de seus Filhos &nbsp; &nbsp; Assim como o orix\u00e1, seus filhos s\u00e3o amantes da justi\u00e7a, agindo com muita imparcialidade, podendo ser excelentes profissionais ligados a \u00e1rea jur\u00eddica. Podem tamb\u00e9m exercer cargos dentro do ex\u00e9rcito ou do governo, devido as suas qualidades de autoridade e comando. Sabem como ningu\u00e9m, administrar seu patrim\u00f4nio, n\u00e3o deixando que nada escape ao seu controle. Embora n\u00e3o&#8230; <\/p>\n<p><a class=\"readmore\" href=\"https:\/\/thir.com.br\/portal\/xango\/\">Continue lendo&#8230;<\/a><\/p>\n","protected":false},"author":3,"featured_media":0,"parent":0,"menu_order":0,"comment_status":"closed","ping_status":"closed","template":"","meta":{"footnotes":""},"class_list":["post-12238","page","type-page","status-publish","hentry"],"_links":{"self":[{"href":"https:\/\/thir.com.br\/portal\/wp-json\/wp\/v2\/pages\/12238","targetHints":{"allow":["GET"]}}],"collection":[{"href":"https:\/\/thir.com.br\/portal\/wp-json\/wp\/v2\/pages"}],"about":[{"href":"https:\/\/thir.com.br\/portal\/wp-json\/wp\/v2\/types\/page"}],"author":[{"embeddable":true,"href":"https:\/\/thir.com.br\/portal\/wp-json\/wp\/v2\/users\/3"}],"replies":[{"embeddable":true,"href":"https:\/\/thir.com.br\/portal\/wp-json\/wp\/v2\/comments?post=12238"}],"version-history":[{"count":9,"href":"https:\/\/thir.com.br\/portal\/wp-json\/wp\/v2\/pages\/12238\/revisions"}],"predecessor-version":[{"id":12384,"href":"https:\/\/thir.com.br\/portal\/wp-json\/wp\/v2\/pages\/12238\/revisions\/12384"}],"wp:attachment":[{"href":"https:\/\/thir.com.br\/portal\/wp-json\/wp\/v2\/media?parent=12238"}],"curies":[{"name":"wp","href":"https:\/\/api.w.org\/{rel}","templated":true}]}}