{"id":12208,"date":"2017-08-23T22:49:44","date_gmt":"2017-08-24T01:49:44","guid":{"rendered":"http:\/\/thir.com.br\/portal\/?page_id=12208"},"modified":"2017-08-23T23:27:11","modified_gmt":"2017-08-24T02:27:11","slug":"oxossi","status":"publish","type":"page","link":"https:\/\/thir.com.br\/portal\/oxossi\/","title":{"rendered":"Ox\u00f3ssi"},"content":{"rendered":"<p><a href=\"http:\/\/thir.com.br\/portal\/wp-content\/uploads\/2017\/08\/Bannes_Oxossi-1140x400.jpg\"><img loading=\"lazy\" decoding=\"async\" class=\"aligncenter wp-image-12209 size-full\" src=\"http:\/\/thir.com.br\/portal\/wp-content\/uploads\/2017\/08\/Bannes_Oxossi-1140x400.jpg\" alt=\"\" width=\"1140\" height=\"400\" srcset=\"https:\/\/thir.com.br\/portal\/wp-content\/uploads\/2017\/08\/Bannes_Oxossi-1140x400.jpg 1140w, https:\/\/thir.com.br\/portal\/wp-content\/uploads\/2017\/08\/Bannes_Oxossi-1140x400-300x105.jpg 300w, https:\/\/thir.com.br\/portal\/wp-content\/uploads\/2017\/08\/Bannes_Oxossi-1140x400-768x269.jpg 768w, https:\/\/thir.com.br\/portal\/wp-content\/uploads\/2017\/08\/Bannes_Oxossi-1140x400-1024x359.jpg 1024w, https:\/\/thir.com.br\/portal\/wp-content\/uploads\/2017\/08\/Bannes_Oxossi-1140x400-500x175.jpg 500w\" sizes=\"auto, (max-width: 1140px) 100vw, 1140px\" \/><\/a><\/p>\n<p>&nbsp;<\/p>\n<p>\u00c9 o orix\u00e1 da ca\u00e7a. Oxossi vive na floresta, onde moram os espiritos e est\u00e1 relacionado com as \u00e1rvores e os antepassados.As abelhas representam os espiritos antepassados femininos. Relaciona-se com os animais, cujos gritos imitam a perfei\u00e7\u00e3o, e o ca\u00e7ador valente e \u00e1gil, generoso, propicia a ca\u00e7a e protege contra o ataque das feras. Est\u00e1 estreitamente ligado a Ogum, de quem recebeu suas armas de ca\u00e7ador e aprendeu a lutar. Oss\u00e3e manteve Oxossi preso na floresta por um tempo, e, passou para oxossi o conhecimento sobre as folhas.<\/p>\n<p>Ogum consegue penetrar na floresta, com suas armas de ferreiro e libert\u00e1-lo. Ele esta associado, ao frio, a noite, a lua; suas plantas s\u00e3o refrescantes.<\/p>\n<p>Em algumas caracteriza\u00e7\u00f5es, veste-se de azul-turquesa ou de azul e vermelho. Leva um elegante chap\u00e9u de abas largas enfeitados de penas de avestruz nas cores azul e branco. Leva dois chifres de touro na cintura, um arco, uma flecha de metal dourado. Sua dan\u00e7a simula o gesto de atirar flechas para a direita e para a esquerda, o ritmo \u00e9 \u201ccorrido\u201d na qual ele imita o cavaleiro que persegue a ca\u00e7a, deslizando devagar, as vezes pula e gira sobre si mesmo.<\/p>\n<p>Orix\u00e1 das matas, seu habitat \u00e9 a mata fechada, rei da floresta e da ca\u00e7a, sendo ca\u00e7ador domina a fauna e a flora, gera progresso e riqueza ao homem, e a manuten\u00e7\u00e3o do sustento, garante a alimenta\u00e7\u00e3o em abund\u00e2ncia. Irm\u00e3o de Ogum, habitualmente associa-se a figura de um ca\u00e7ador, passando a seus filhos algumas das principais caracter\u00edsticas necess\u00e1rias a essa atividade ao ar livre: concentra\u00e7\u00e3o, aten\u00e7\u00e3o, determina\u00e7\u00e3o para atingir os objetivos e uma boa dose de paci\u00eancia. Segundo as lendas, participou tamb\u00e9m de algumas lutas, mas n\u00e3o da mesma maneira marcante que Ogum.<\/p>\n<p>Segundo Pierre Verger, o culto a Oxossi \u00e9 bastante difundido no Brasil, mas praticamente esquecido na \u00c1frica. A hip\u00f3tese do pesquisador franc\u00eas \u00e9 que Oxossi foi cultuado basicamente no keto, onde chegou a receber o titulo de rei. Essa na\u00e7\u00e3o, por\u00e9m foi praticamente destru\u00edda no s\u00e9culo XIX pelas tropas do ent\u00e3o rei do Daom\u00e9.<\/p>\n<p>Os filhos consagrados de Oxossi foram vendidos como escravos no Brasil, Antilhas e Cuba. J\u00e1 no Brasil, o orix\u00e1 tem grande prestigio e for\u00e7a popular, al\u00e9m de um grande n\u00fameros de filhos. O mito do ca\u00e7ador explica sua r\u00e1pida aceita\u00e7\u00e3o no Brasil, pois identifica-se com diversos conceitos de \u00edndios brasileiros sobre a mata ser regi\u00e3o tipicamente povoada por espiritos de mortos, conceitos igualmente arraigados na Umbanda popular e nos Candombl\u00e9s de caboclo, um sincretismo entre os ritos africanos e os dos \u00edndios brasileiros, comuns no Norte do pa\u00eds. Oxossi \u00e9 o que basta a si mesmo.<\/p>\n<p>A ele estiveram ligados alguns orix\u00e1s femininos, mas o maior destaque \u00e9 para a Oxum, com quem teria mantido um relacionamento inst\u00e1vel, coisas importante tanto para a m\u00e3e de \u00e1gua doce como para o ca\u00e7ador, mas dif\u00edcil no cotidiano, j\u00e1 que enquanto ela representa o luxo e a ostenta\u00e7\u00e3o, ele \u00e9 a austeridade e o despojamento. No dia-a-dia encontramos deuses de ca\u00e7a no almo\u00e7o, no jantar, enfim em todas as refei\u00e7\u00f5es, pois \u00e9 ele que prov\u00ea o alimento. Rege a lavoura, a agricultura, permitindo bom plantio e boa colheita para todos. Oxossi \u00e9 o ca\u00e7ador por excel\u00eancia, mas sua busca visa o conhecimento. logo, \u00e9 o cientista e o doutrinador, que traz o alimento da f\u00e9 e o saber aos esp\u00edritos fragilizados tanto nos aspectos da f\u00e9 quanto do saber religioso.<\/p>\n<p>&nbsp;<\/p>\n<h2 style=\"text-align: center;\">\u00a0 \u00a0 \u00a0 \u00a0 \u00a0 \u00a0 \u00a0 \u00a0Caracter\u00edsticas de Seus Filhos<\/h2>\n<p>&nbsp;<\/p>\n<p><a href=\"http:\/\/thir.com.br\/portal\/wp-content\/uploads\/2017\/08\/oxossidasmatas.jpg\"><img loading=\"lazy\" decoding=\"async\" class=\"wp-image-12210 size-full alignleft\" src=\"http:\/\/thir.com.br\/portal\/wp-content\/uploads\/2017\/08\/oxossidasmatas.jpg\" alt=\"\" width=\"441\" height=\"598\" srcset=\"https:\/\/thir.com.br\/portal\/wp-content\/uploads\/2017\/08\/oxossidasmatas.jpg 441w, https:\/\/thir.com.br\/portal\/wp-content\/uploads\/2017\/08\/oxossidasmatas-221x300.jpg 221w\" sizes=\"auto, (max-width: 441px) 100vw, 441px\" \/><\/a><\/p>\n<p>O filho de Oxossi apresenta arquetipicamente \u00e1s caracter\u00edsticas atribu\u00eddas do orix\u00e1. Representa o homem impondo sua marca sobre o mundo selvagem, nele intervindo para sobreviver, mas sem alter\u00e1-lo.<\/p>\n<p>Os filhos de Oxossi s\u00e3o geralmente pessoas joviais, r\u00e1pidas e espertas, tanto mental como fisicamente. Tem, portanto, grande capacidade de concentra\u00e7\u00e3o e de aten\u00e7\u00e3o, aliada \u00e1 firme determina\u00e7\u00e3o de alcan\u00e7ar seus objetivos e paci\u00eancia para aguardar o momento certo para agir.<\/p>\n<p>No tipo psicol\u00f3gico a ele identificado, o resultado dessa atividade \u00e9 o conceito forte de independ\u00eancia e de extrema capacidade de ruptura, o afastar-se de casa e da aldeia para embrenhar-se na mata, a fim de ca\u00e7ar. Seus filhos, portanto s\u00e3o aqueles em que a vida apresenta forte necessidade de independ\u00eancia e de rompimento de la\u00e7os. Assim os filhos de Oxossi trazem em seu inconsciente o gosto de ficar calado, a necessidade do sil\u00eancio e desenvolver a observa\u00e7\u00e3o t\u00e3o importante para seu Orix\u00e1.<\/p>\n<p>\u00c9 basicamente reservado, guardando quase que exclusivamente para si seus coment\u00e1rios e sensa\u00e7\u00f5es, sendo muito discreto quanto ao seu pr\u00f3prio humor e disposi\u00e7\u00e3o. Os filhos de Oxossi, portanto, n\u00e3o gostam de fazer julgamentos sobre os outros, respeitando como sagrado o espa\u00e7o individual de cada um. Buscam preferencialmente trabalhos e fun\u00e7\u00f5es que possam ser desempenhados de maneira independente, e, muito respons\u00e1vel.<\/p>\n<p>Os filhos de Oxossi tendem a assumir responsabilidades e a organizar facilmente o sustento do seu grupo ou fam\u00edlia. Podem ser paternais, mas sua ajuda se realizar\u00e1 preferencialmente distante do lar, trazendo as provis\u00f5es ou trabalhando para que elas possam ser compradas, e n\u00e3o no contato intimo com cada membro da fam\u00edlia. N\u00e3o \u00e9 estranho que, quem tem Oxossi como Orix\u00e1 de cabe\u00e7a, relute em manter casamentos ou mesmos relacionamentos emocionais muito est\u00e1veis.<\/p>\n<p>Quando isso acontece, d\u00e3o prefer\u00eancia a pessoas igualmente independentes, j\u00e1 que o conceito de casal para ele \u00e9 o de somas tempor\u00e1ria de duas individualidades que nunca se misturam. Os filhos de Oxossi, compartilham gosto pela camaradagem, pela conversa que n\u00e3o termina mais, pelas reuni\u00f5es ruidosas e tipicamente alegres, fator que pode ser modificado radicalmente pelo segundo Orix\u00e1, gostam de viver sozinhas, preferindo receber grupos limitados de amigos, \u00c9, portanto, o tipo coerente com as pessoas que lidam bem com a realidade material, sonham pouco, t\u00eam os p\u00e9s ligados a terra, s\u00e3o pessoas cheias de iniciativa e sempre em vias de novas descobertas ou de novas atividades, t\u00eam o senso de responsabilidade e dos cuidados para com a fam\u00edlia, s\u00e3o generosas, hospitaleiras e amigas da ordem, mas gostam muito de mudar de resid\u00eancia e achar novos meios de exist\u00eancia em detrimento, algumas vezes, de uma vida dom\u00e9stica harmoniosa e calma.<\/p>\n<p>O tipo psicol\u00f3gico, do filho de Oxossi \u00e9 refinado e de not\u00e1vel beleza. \u00c9 o Orix\u00e1 dos artistas intelectuais, \u00e9 dotado de um esp\u00edrito curioso, observador de grande penetra\u00e7\u00e3o, s\u00e3o cheios de manias, vol\u00faveis em suas rea\u00e7\u00f5es amorosas, muito suscept\u00edveis e tidos como \u201ccomplicados\u201d, \u00e9 solit\u00e1rio, misterioso, discreto, introvertido. N\u00e3o se adapta facilmente \u00e1 vida urbana e \u00e9 geralmente um desbravador, um pioneiro, possui extrema sensibilidade, qualidades art\u00edsticas, criatividade e gosto apurado. Sua estrutura ps\u00edquica \u00e9 muito emotiva e rom\u00e2ntica.<\/p>\n<h1><\/h1>\n<hr \/>\n<h3 style=\"text-align: center;\">Sincretismo Cat\u00f3lico Religioso<\/h3>\n<h3 style=\"text-align: center;\">S\u00e3o Sebasti\u00e3o \u2013 Comemorado dia 20 de Janeiro<\/h3>\n<p>&nbsp;<\/p>\n<p style=\"text-align: center;\"><a href=\"http:\/\/thir.com.br\/portal\/wp-content\/uploads\/2017\/08\/20160112191132-HIS-sao-sebastiao-historia.jpg\"><img loading=\"lazy\" decoding=\"async\" class=\"size-medium wp-image-12214 alignleft\" src=\"http:\/\/thir.com.br\/portal\/wp-content\/uploads\/2017\/08\/20160112191132-HIS-sao-sebastiao-historia-300x293.jpg\" alt=\"\" width=\"300\" height=\"293\" srcset=\"https:\/\/thir.com.br\/portal\/wp-content\/uploads\/2017\/08\/20160112191132-HIS-sao-sebastiao-historia-300x293.jpg 300w, https:\/\/thir.com.br\/portal\/wp-content\/uploads\/2017\/08\/20160112191132-HIS-sao-sebastiao-historia.jpg 410w\" sizes=\"auto, (max-width: 300px) 100vw, 300px\" \/><\/a><strong>Ora\u00e7\u00e3o a S\u00e3o Sebasti\u00e3o<\/strong><\/p>\n<p>Glorioso m\u00e1rtir S\u00e3o Sebasti\u00e3o, valoroso padroeiro e defensor da cidade do Rio de Janeiro, v\u00f3s que derramastes vosso sangue e destes vossa vida em testemunho da f\u00e9 em Nosso Senhor Jesus Cristo, alcan\u00e7ai-nos do mesmo Senhor, a gra\u00e7a de sermos vencedores dos nossos verdadeiros inimigos: o ter, o poder e o prazer, que fazem viver sem f\u00e9, sem esperan\u00e7a e sem caridade. Protegei, com a vossa poderosa intercess\u00e3o, os filhos desta Terra. Livrai-nos de toda epidemia corporal, moral e espiritual. Fazei que se convertam aqueles que, por querer ou sem querer, s\u00e3o instrumentos de infelicidade para os outros. E que o justo persevere na sua f\u00e9 e propague o amor de Deus, at\u00e9 o triunfo final. S\u00e3o Sebasti\u00e3o, Advogado contra a Epidemia, a Fome e a Guerra, rogai por n\u00f3s.<\/p>\n","protected":false},"excerpt":{"rendered":"<p>&nbsp; \u00c9 o orix\u00e1 da ca\u00e7a. Oxossi vive na floresta, onde moram os espiritos e est\u00e1 relacionado com as \u00e1rvores e os antepassados.As abelhas representam os espiritos antepassados femininos. Relaciona-se com os animais, cujos gritos imitam a perfei\u00e7\u00e3o, e o ca\u00e7ador valente e \u00e1gil, generoso, propicia a ca\u00e7a e protege contra o ataque das feras. Est\u00e1 estreitamente ligado a Ogum, de quem recebeu suas armas de ca\u00e7ador e aprendeu a lutar. Oss\u00e3e manteve Oxossi preso na floresta por um tempo, e, passou para oxossi o conhecimento sobre as folhas. Ogum consegue penetrar na floresta, com suas armas de ferreiro e libert\u00e1-lo. Ele esta associado, ao frio, a noite, a lua; suas plantas s\u00e3o refrescantes. Em algumas caracteriza\u00e7\u00f5es, veste-se de azul-turquesa ou de azul e vermelho. Leva um elegante chap\u00e9u de abas largas enfeitados de penas de avestruz nas cores azul e branco. Leva dois chifres de touro na cintura, um arco, uma flecha de metal dourado. Sua dan\u00e7a simula o gesto de atirar flechas para a direita e para a esquerda, o ritmo \u00e9 \u201ccorrido\u201d na qual ele imita o cavaleiro que persegue a ca\u00e7a, deslizando devagar, as vezes pula e gira sobre si mesmo. Orix\u00e1 das matas, seu habitat \u00e9 a mata fechada, rei da floresta e da ca\u00e7a, sendo ca\u00e7ador domina a fauna e a flora, gera progresso e riqueza ao homem, e a manuten\u00e7\u00e3o do sustento, garante a alimenta\u00e7\u00e3o em abund\u00e2ncia. Irm\u00e3o de Ogum, habitualmente associa-se a figura de um ca\u00e7ador, passando a seus filhos algumas das principais caracter\u00edsticas necess\u00e1rias a essa atividade ao ar livre: concentra\u00e7\u00e3o, aten\u00e7\u00e3o, determina\u00e7\u00e3o para atingir os objetivos e uma boa dose de paci\u00eancia. Segundo as lendas, participou tamb\u00e9m de algumas lutas, mas n\u00e3o da mesma maneira marcante que Ogum. Segundo Pierre Verger, o culto a Oxossi \u00e9 bastante difundido no Brasil,&#8230; <\/p>\n<p><a class=\"readmore\" href=\"https:\/\/thir.com.br\/portal\/oxossi\/\">Continue lendo&#8230;<\/a><\/p>\n","protected":false},"author":3,"featured_media":0,"parent":0,"menu_order":0,"comment_status":"closed","ping_status":"closed","template":"","meta":{"footnotes":""},"class_list":["post-12208","page","type-page","status-publish","hentry"],"_links":{"self":[{"href":"https:\/\/thir.com.br\/portal\/wp-json\/wp\/v2\/pages\/12208","targetHints":{"allow":["GET"]}}],"collection":[{"href":"https:\/\/thir.com.br\/portal\/wp-json\/wp\/v2\/pages"}],"about":[{"href":"https:\/\/thir.com.br\/portal\/wp-json\/wp\/v2\/types\/page"}],"author":[{"embeddable":true,"href":"https:\/\/thir.com.br\/portal\/wp-json\/wp\/v2\/users\/3"}],"replies":[{"embeddable":true,"href":"https:\/\/thir.com.br\/portal\/wp-json\/wp\/v2\/comments?post=12208"}],"version-history":[{"count":6,"href":"https:\/\/thir.com.br\/portal\/wp-json\/wp\/v2\/pages\/12208\/revisions"}],"predecessor-version":[{"id":12237,"href":"https:\/\/thir.com.br\/portal\/wp-json\/wp\/v2\/pages\/12208\/revisions\/12237"}],"wp:attachment":[{"href":"https:\/\/thir.com.br\/portal\/wp-json\/wp\/v2\/media?parent=12208"}],"curies":[{"name":"wp","href":"https:\/\/api.w.org\/{rel}","templated":true}]}}