{"id":12189,"date":"2017-08-23T21:46:21","date_gmt":"2017-08-24T00:46:21","guid":{"rendered":"http:\/\/thir.com.br\/portal\/?page_id=12189"},"modified":"2017-08-28T16:32:45","modified_gmt":"2017-08-28T19:32:45","slug":"orixas","status":"publish","type":"page","link":"https:\/\/thir.com.br\/portal\/orixas\/","title":{"rendered":"Orix\u00e1s"},"content":{"rendered":"<p><a href=\"http:\/\/thir.com.br\/portal\/wp-content\/uploads\/2017\/08\/Orixas-1-.jpg\"><img loading=\"lazy\" decoding=\"async\" class=\"aligncenter wp-image-12547 size-full\" src=\"http:\/\/thir.com.br\/portal\/wp-content\/uploads\/2017\/08\/Orixas-1-.jpg\" alt=\"\" width=\"1000\" height=\"330\" srcset=\"https:\/\/thir.com.br\/portal\/wp-content\/uploads\/2017\/08\/Orixas-1-.jpg 1000w, https:\/\/thir.com.br\/portal\/wp-content\/uploads\/2017\/08\/Orixas-1--300x99.jpg 300w, https:\/\/thir.com.br\/portal\/wp-content\/uploads\/2017\/08\/Orixas-1--768x253.jpg 768w, https:\/\/thir.com.br\/portal\/wp-content\/uploads\/2017\/08\/Orixas-1--500x165.jpg 500w\" sizes=\"auto, (max-width: 1000px) 100vw, 1000px\" \/><\/a><\/p>\n<p>&nbsp;<\/p>\n<p>Os orix\u00e1s s\u00e3o deuses africanos que correspondem a pontos de for\u00e7a da Natureza e os seus arqu\u00e9tipos est\u00e3o relacionados \u00e0s manifesta\u00e7\u00f5es dessas for\u00e7as. As caracter\u00edsticas de cada Orix\u00e1 aproxima-os dos seres humanos, pois eles manifestam-se atrav\u00e9s de emo\u00e7\u00f5es como n\u00f3s. Sentem raiva, ci\u00fames, amam em excesso, s\u00e3o passionais. Cada orix\u00e1 tem ainda o seu sistema simb\u00f3lico particular, composto de cores, comidas, cantigas, rezas, ambientes, espa\u00e7os f\u00edsicos e at\u00e9 hor\u00e1rios.<\/p>\n<p>Como resultado do sincretismo que se deu durante o per\u00edodo da escravatura, cada orix\u00e1 foi tamb\u00e9m associado a um santo cat\u00f3lico, devido \u00e0 imposi\u00e7\u00e3o do catolicismo aos negros. Para manterem os seus deuses vivos, viram-se obrigados a disfar\u00e7\u00e1-los na roupagem dos santos cat\u00f3licos, aos quais cultuavam apenas aparentemente.<\/p>\n<p>Estes deuses da Natureza s\u00e3o divididos em 4 elementos \u2013 \u00e1gua, terra, fogo e ar.<\/p>\n<p>No Candombl\u00e9 cultuam-se muitos outros orix\u00e1s, desconhecidos por leigos, por serem menos populares do que Xang\u00f4, Ians\u00e3, Oxossi e outros, mas com um significado muito forte para os adeptos dos cultos afro-brasileiros. Alguns s\u00e3o necessariamente cultuados, devido \u00e0 liga\u00e7\u00e3o com trabalhos espec\u00edficos que regem, para a sa\u00fade, morte, prosperidade e diversos assuntos que afligem o dia-a-dia das pessoas. Estes deuses africanos s\u00e3o considerados intermedi\u00e1rios entre os homens e Deus, e por possu\u00edrem emo\u00e7\u00f5es t\u00e3o pr\u00f3ximas dos seres humanos, conseguem reconhecer os nossos caprichos, os nossos amores, os nossos desejos.<\/p>\n<p>\u00c9 muito frequente dizer-se que as personalidades dos seus filhos s\u00e3o consequ\u00eancia dos orix\u00e1s que regem as suas cabe\u00e7as, desenvolvendo caracter\u00edsticas iguais \u00e0s destes deuses africanos.<\/p>\n","protected":false},"excerpt":{"rendered":"<p>&nbsp; Os orix\u00e1s s\u00e3o deuses africanos que correspondem a pontos de for\u00e7a da Natureza e os seus arqu\u00e9tipos est\u00e3o relacionados \u00e0s manifesta\u00e7\u00f5es dessas for\u00e7as. As caracter\u00edsticas de cada Orix\u00e1 aproxima-os dos seres humanos, pois eles manifestam-se atrav\u00e9s de emo\u00e7\u00f5es como n\u00f3s. Sentem raiva, ci\u00fames, amam em excesso, s\u00e3o passionais. Cada orix\u00e1 tem ainda o seu sistema simb\u00f3lico particular, composto de cores, comidas, cantigas, rezas, ambientes, espa\u00e7os f\u00edsicos e at\u00e9 hor\u00e1rios. Como resultado do sincretismo que se deu durante o per\u00edodo da escravatura, cada orix\u00e1 foi tamb\u00e9m associado a um santo cat\u00f3lico, devido \u00e0 imposi\u00e7\u00e3o do catolicismo aos negros. Para manterem os seus deuses vivos, viram-se obrigados a disfar\u00e7\u00e1-los na roupagem dos santos cat\u00f3licos, aos quais cultuavam apenas aparentemente. Estes deuses da Natureza s\u00e3o divididos em 4 elementos \u2013 \u00e1gua, terra, fogo e ar. No Candombl\u00e9 cultuam-se muitos outros orix\u00e1s, desconhecidos por leigos, por serem menos populares do que Xang\u00f4, Ians\u00e3, Oxossi e outros, mas com um significado muito forte para os adeptos dos cultos afro-brasileiros. Alguns s\u00e3o necessariamente cultuados, devido \u00e0 liga\u00e7\u00e3o com trabalhos espec\u00edficos que regem, para a sa\u00fade, morte, prosperidade e diversos assuntos que afligem o dia-a-dia das pessoas. Estes deuses africanos s\u00e3o considerados intermedi\u00e1rios entre os homens e Deus, e por possu\u00edrem emo\u00e7\u00f5es t\u00e3o pr\u00f3ximas dos seres humanos, conseguem reconhecer os nossos caprichos, os nossos amores, os nossos desejos. \u00c9 muito frequente dizer-se que as personalidades dos seus filhos s\u00e3o consequ\u00eancia dos orix\u00e1s que regem as suas cabe\u00e7as, desenvolvendo caracter\u00edsticas iguais \u00e0s destes deuses africanos.<\/p>\n","protected":false},"author":3,"featured_media":0,"parent":0,"menu_order":0,"comment_status":"closed","ping_status":"closed","template":"","meta":{"footnotes":""},"class_list":["post-12189","page","type-page","status-publish","hentry"],"_links":{"self":[{"href":"https:\/\/thir.com.br\/portal\/wp-json\/wp\/v2\/pages\/12189","targetHints":{"allow":["GET"]}}],"collection":[{"href":"https:\/\/thir.com.br\/portal\/wp-json\/wp\/v2\/pages"}],"about":[{"href":"https:\/\/thir.com.br\/portal\/wp-json\/wp\/v2\/types\/page"}],"author":[{"embeddable":true,"href":"https:\/\/thir.com.br\/portal\/wp-json\/wp\/v2\/users\/3"}],"replies":[{"embeddable":true,"href":"https:\/\/thir.com.br\/portal\/wp-json\/wp\/v2\/comments?post=12189"}],"version-history":[{"count":5,"href":"https:\/\/thir.com.br\/portal\/wp-json\/wp\/v2\/pages\/12189\/revisions"}],"predecessor-version":[{"id":12192,"href":"https:\/\/thir.com.br\/portal\/wp-json\/wp\/v2\/pages\/12189\/revisions\/12192"}],"wp:attachment":[{"href":"https:\/\/thir.com.br\/portal\/wp-json\/wp\/v2\/media?parent=12189"}],"curies":[{"name":"wp","href":"https:\/\/api.w.org\/{rel}","templated":true}]}}