{"id":12157,"date":"2017-08-23T16:52:16","date_gmt":"2017-08-23T19:52:16","guid":{"rendered":"http:\/\/thir.com.br\/portal\/?page_id=12157"},"modified":"2017-08-25T14:31:23","modified_gmt":"2017-08-25T17:31:23","slug":"os-pretos-velhos-e-pretas-velhas","status":"publish","type":"page","link":"https:\/\/thir.com.br\/portal\/os-pretos-velhos-e-pretas-velhas\/","title":{"rendered":"Os Pretos Velhos e Pretas Velhas"},"content":{"rendered":"<p><a href=\"http:\/\/thir.com.br\/portal\/wp-content\/uploads\/2017\/08\/Preto-Velho.png\"><img loading=\"lazy\" decoding=\"async\" class=\"aligncenter wp-image-12426 size-full\" src=\"http:\/\/thir.com.br\/portal\/wp-content\/uploads\/2017\/08\/Preto-Velho.png\" alt=\"\" width=\"1399\" height=\"572\" srcset=\"https:\/\/thir.com.br\/portal\/wp-content\/uploads\/2017\/08\/Preto-Velho.png 1399w, https:\/\/thir.com.br\/portal\/wp-content\/uploads\/2017\/08\/Preto-Velho-300x123.png 300w, https:\/\/thir.com.br\/portal\/wp-content\/uploads\/2017\/08\/Preto-Velho-768x314.png 768w, https:\/\/thir.com.br\/portal\/wp-content\/uploads\/2017\/08\/Preto-Velho-1024x419.png 1024w, https:\/\/thir.com.br\/portal\/wp-content\/uploads\/2017\/08\/Preto-Velho-500x204.png 500w\" sizes=\"auto, (max-width: 1399px) 100vw, 1399px\" \/><\/a><\/p>\n<h3>\u00a0 \u00a0 \u00a0 \u00a0 \u00a0 \u00a0 \u00a0 \u00a0 \u00a0 \u00a0 \u00a0 \u00a0 \u00a0 \u00a0 \u00a0 \u00a0 \u00a0 \u00a0 \u00a0 \u00a0 \u00a0 \u00a0 \u00a0 \u00a0 \u00a0 \u00a0 \u00a0 \u00a0 \u00a0 \u00a0O Povo da Linha das Almas<\/h3>\n<p>&nbsp;<\/p>\n<p>S\u00e3o entidades que tiveram pela sua idade avan\u00e7ada, o poder e o segredo de viver longamente atrav\u00e9s de sua sabedoria, apesar da rudeza do cativeiro demonstram f\u00e9 para suportar as amarguras da vida. Consequentemente s\u00e3o esp\u00edritos guias de elevada sabedoria trazendo esperan\u00e7a e quietude aos anseios da consul\u00eancia que os procuram para amenizar as suas dores.<\/p>\n<p>S\u00e3o mandingueiros poderosos, com seu olhar perscrutador sentado em seu banquinho, fumando seu cachimbo, benzendo com seu ramo de arruda, rezando com seu ter\u00e7o e aspergindo sua \u00e1gua fluidificada, demandam contra o baixo astral e suas baforadas s\u00e3o para limpeza e harmoniza\u00e7\u00e3o das suas vibra\u00e7\u00f5es de seus m\u00e9diuns e de consulentes.<\/p>\n<p>Muitas vezes se utilizam de outros benzimentos, utilizam-se tamb\u00e9m de vinho moscatel, com o que constantemente brincam com seus \u201cfilhos\u201dem nome da vit\u00f3ria que est\u00e1 por vir.<\/p>\n<p>S\u00e3o mestres da sabedoria e da humildade. Atrav\u00e9s de suas v\u00e1rias experi\u00eancias, em in\u00fameras vidas, entenderam que somente o amor constr\u00f3i \u00a0e une a todos, que a mat\u00e9ria nos permite existir e vivenciar fatos e sensa\u00e7\u00f5es, mas que a mesma n\u00e3o existe por si s\u00f3. N\u00f3s \u00e9 que a criamos para estas experi\u00eancias, e que a realidade \u00e9 o esp\u00edrito. Com humildade, apesar de imensa sabedoria, nos auxiliam nesta busca, com conselhos e vibra\u00e7\u00f5es de amor incondicional.<\/p>\n<p>&nbsp;<\/p>\n<p><a href=\"http:\/\/thir.com.br\/portal\/wp-content\/uploads\/2017\/08\/02.jpg\"><img loading=\"lazy\" decoding=\"async\" class=\"wp-image-12161 size-full alignleft\" src=\"http:\/\/thir.com.br\/portal\/wp-content\/uploads\/2017\/08\/02.jpg\" alt=\"\" width=\"317\" height=\"400\" srcset=\"https:\/\/thir.com.br\/portal\/wp-content\/uploads\/2017\/08\/02.jpg 317w, https:\/\/thir.com.br\/portal\/wp-content\/uploads\/2017\/08\/02-238x300.jpg 238w\" sizes=\"auto, (max-width: 317px) 100vw, 317px\" \/><\/a><\/p>\n<h4><strong>\u00a0 \u00a0 \u00a0 \u00a0 \u00a0 \u00a0 \u00a0 \u00a0 \u00a0 \u00a0 \u00a0 \u00a0 \u00a0 As 7 L\u00e1gimas de Preto Velho<\/strong><\/h4>\n<p>Num cantinho de um terreiro, sentado num banquinho, pitando o seu cachimbo, um triste Preto Velho chorava. De seus olhos molhados, l\u00e1gimas lhe desciam pela face e n\u00e3o sei porque as contei.. Foram sete. Na incontida vontade de saber, aproximei-me e o interroguei. \u2013 Fala meu Preto Velho, diz a este teu filho, por que esternas assim, esta t\u00e3o vis\u00edvel dor ? \u2013 Est\u00e1s vendo, filho, estas pessoas que entram e saem do terreiro? As l\u00e1gimas que voc\u00ea contou, est\u00e3o distribu\u00eddas a cada uma delas. \u2013 A primeira l\u00e1grima foi dada aos indiferentes, que aqui vem em busca de distra\u00e7\u00e3o. Que saem ironizando e criticando, por aquilo que suas mentes ofuscadas n\u00e3o puderam compreender. \u2013 A segunda, a esses eternos duvidosos que acreditam, desacreditando. Sempre na expectativa de um milagre, que os fa\u00e7am alcan\u00e7ar aquilo que seus pr\u00f3prios merecimentos lhes negam. \u2013 A terceira, aos maus. A aqueles que procuram a Umbanda em busca de vingan\u00e7as, desejando prejudicar a um seu semelhante. \u2013 A quarta, aos frios, aos calculistas. Aos que, ao saberem da exist\u00eancia de uma for\u00e7a espiritual, procuram beneficiar-se dela, a qualquer pre\u00e7o, mas n\u00e3o conhecem a palavra gratid\u00e3o e nem a Caridade. \u2013 A quinta l\u00e1gima, v\u00ea como chega suave? Ela tem o riso, do elogio e da flor dos l\u00e1bios. Mas se olhares bem, no seu semblante, ver\u00e1s escrito: \u2018Creio na Umbanda. Creio nos teus Caboclos, nos teus Velhos, e no teu Z\u00e2mbi, mas somente se vencerem no meu caso ou me curarem disso ou daquilo\u2019. \u2013 A sexta, eu dei aos f\u00fateis que v\u00e3o de Terreiro em Terreiro, sem acreditar em nada, buscando aconchegos e conchavos. Mas em seus olhos revelam um interesse diferente. \u2013 A s\u00e9tima filho, notas como foi grande ? Notou como deslizou pesada ? Foi a \u00faltima l\u00e1grima. Aquela que vive nos \u2018Olhos\u2019 de todos os Orix\u00e1s e de todas as entidades. Fiz doa\u00e7\u00e3o desta, aos M\u00e9diuns. Aos que s\u00f3 aparecem no Terreiro em dia de festa. Aos que esquecem de suas obriga\u00e7\u00f5es. Aos que esquecem que existem tantos irm\u00e3os precisando de caridade, tantas \u2018crian\u00e7as\u2019 precisando de amparo. Da mesma caridade e do mesmo apoio que eles pr\u00f3prios, um dia aqui vieram buscar. Assim, filho meu, foi para esses todos que vistes cair, uma a uma, O Povo da Linha das Almas \u201cNum cantinho de um terreiro, sentado num banquinho, pitando o seu cachimbo, um triste Preto Velho chorava. De seus olhos molhados, l\u00e1gimas lhe desciam pela face e n\u00e3o sei porque as contei.. Foram sete. Na incontida vontade de saber, aproximei-me e o interroguei. \u2013 Fala meu Preto Velho, diz a este teu filho, por que esternas assim, esta t\u00e3o vis\u00edvel dor ? \u2013 Est\u00e1s vendo, filho, estas pessoas que entram e saem do terreiro? As l\u00e1gimas que voc\u00ea contou, est\u00e3o distribu\u00eddas a cada uma delas. \u2013 A primeira l\u00e1grima foi dada aos indiferentes, que aqui vem em busca de distra\u00e7\u00e3o. Que saem ironizando e criticando, por aquilo que suas mentes ofuscadas n\u00e3o puderam compreender. \u2013 A segunda, a esses eternos duvidosos que acreditam, desacreditando. Sempre na expectativa de um milagre, que os fa\u00e7am alcan\u00e7ar aquilo que seus pr\u00f3prios merecimentos lhes negam. \u2013 A terceira, aos maus. A aqueles que procuram a Umbanda em busca de vingan\u00e7as, desejando prejudicar a um seu semelhante. \u2013 A quarta, aos frios, aos calculistas. Aos que, ao saberem da exist\u00eancia de uma for\u00e7a espiritual, procuram beneficiar-se dela, a qualquer pre\u00e7o, mas n\u00e3o conhecem a palavra gratid\u00e3o e nem a Caridade. \u2013 A quinta l\u00e1gima, v\u00ea como chega suave? Ela tem o riso, do elogio e da flor dos l\u00e1bios. Mas se olhares bem, no seu semblante, ver\u00e1s escrito: \u2018Creio na Umbanda. Creio nos teus Caboclos, nos teus Velhos, e no teu Z\u00e2mbi, mas somente se vencerem no meu caso ou me curarem disso ou daquilo\u2019. \u2013 A sexta, eu dei aos f\u00fateis que v\u00e3o de Terreiro em Terreiro, sem acreditar em nada, buscando aconchegos e conchavos. Mas em seus olhos revelam um interesse diferente. \u2013 A s\u00e9tima filho, notas como foi grande ? Notou como deslizou pesada ? Foi a \u00faltima l\u00e1grima. Aquela que vive nos \u2018Olhos\u2019 de todos os Orix\u00e1s e de todas as entidades. Fiz doa\u00e7\u00e3o desta, aos M\u00e9diuns. Aos que s\u00f3 aparecem no Terreiro em dia de festa. Aos que esquecem de suas obriga\u00e7\u00f5es. Aos que esquecem que existem tantos irm\u00e3os precisando de caridade, tantas \u2018crian\u00e7as\u2019 precisando de amparo. Da mesma caridade e do mesmo apoio que eles pr\u00f3prios, um dia aqui vieram buscar. Assim, filho meu, foi para esses todos que vistes cair, uma a uma, AS SETE L\u00c1GRIMAS DE UM PRETO VELHO.\u201d<\/p>\n<p>&nbsp;<\/p>\n","protected":false},"excerpt":{"rendered":"<p>\u00a0 \u00a0 \u00a0 \u00a0 \u00a0 \u00a0 \u00a0 \u00a0 \u00a0 \u00a0 \u00a0 \u00a0 \u00a0 \u00a0 \u00a0 \u00a0 \u00a0 \u00a0 \u00a0 \u00a0 \u00a0 \u00a0 \u00a0 \u00a0 \u00a0 \u00a0 \u00a0 \u00a0 \u00a0 \u00a0O Povo da Linha das Almas &nbsp; S\u00e3o entidades que tiveram pela sua idade avan\u00e7ada, o poder e o segredo de viver longamente atrav\u00e9s de sua sabedoria, apesar da rudeza do cativeiro demonstram f\u00e9 para suportar as amarguras da vida. Consequentemente s\u00e3o esp\u00edritos guias de elevada sabedoria trazendo esperan\u00e7a e quietude aos anseios da consul\u00eancia que os procuram para amenizar as suas dores. S\u00e3o mandingueiros poderosos, com seu olhar perscrutador sentado em seu banquinho, fumando seu cachimbo, benzendo com seu ramo de arruda, rezando com seu ter\u00e7o e aspergindo sua \u00e1gua fluidificada, demandam contra o baixo astral e suas baforadas s\u00e3o para limpeza e harmoniza\u00e7\u00e3o das suas vibra\u00e7\u00f5es de seus m\u00e9diuns e de consulentes. Muitas vezes se utilizam de outros benzimentos, utilizam-se tamb\u00e9m de vinho moscatel, com o que constantemente brincam com seus \u201cfilhos\u201dem nome da vit\u00f3ria que est\u00e1 por vir. S\u00e3o mestres da sabedoria e da humildade. Atrav\u00e9s de suas v\u00e1rias experi\u00eancias, em in\u00fameras vidas, entenderam que somente o amor constr\u00f3i \u00a0e une a todos, que a mat\u00e9ria nos permite existir e vivenciar fatos e sensa\u00e7\u00f5es, mas que a mesma n\u00e3o existe por si s\u00f3. N\u00f3s \u00e9 que a criamos para estas experi\u00eancias, e que a realidade \u00e9 o esp\u00edrito. Com humildade, apesar de imensa sabedoria, nos auxiliam nesta busca, com conselhos e vibra\u00e7\u00f5es de amor incondicional. &nbsp; \u00a0 \u00a0 \u00a0 \u00a0 \u00a0 \u00a0 \u00a0 \u00a0 \u00a0 \u00a0 \u00a0 \u00a0 \u00a0 As 7 L\u00e1gimas de Preto Velho Num cantinho de um terreiro, sentado num banquinho, pitando o seu cachimbo, um triste Preto Velho chorava. De seus olhos molhados, l\u00e1gimas lhe desciam pela face e n\u00e3o sei porque as contei.. Foram&#8230; <\/p>\n<p><a class=\"readmore\" href=\"https:\/\/thir.com.br\/portal\/os-pretos-velhos-e-pretas-velhas\/\">Continue lendo&#8230;<\/a><\/p>\n","protected":false},"author":3,"featured_media":0,"parent":0,"menu_order":0,"comment_status":"closed","ping_status":"closed","template":"","meta":{"footnotes":""},"class_list":["post-12157","page","type-page","status-publish","hentry"],"_links":{"self":[{"href":"https:\/\/thir.com.br\/portal\/wp-json\/wp\/v2\/pages\/12157","targetHints":{"allow":["GET"]}}],"collection":[{"href":"https:\/\/thir.com.br\/portal\/wp-json\/wp\/v2\/pages"}],"about":[{"href":"https:\/\/thir.com.br\/portal\/wp-json\/wp\/v2\/types\/page"}],"author":[{"embeddable":true,"href":"https:\/\/thir.com.br\/portal\/wp-json\/wp\/v2\/users\/3"}],"replies":[{"embeddable":true,"href":"https:\/\/thir.com.br\/portal\/wp-json\/wp\/v2\/comments?post=12157"}],"version-history":[{"count":8,"href":"https:\/\/thir.com.br\/portal\/wp-json\/wp\/v2\/pages\/12157\/revisions"}],"predecessor-version":[{"id":12428,"href":"https:\/\/thir.com.br\/portal\/wp-json\/wp\/v2\/pages\/12157\/revisions\/12428"}],"wp:attachment":[{"href":"https:\/\/thir.com.br\/portal\/wp-json\/wp\/v2\/media?parent=12157"}],"curies":[{"name":"wp","href":"https:\/\/api.w.org\/{rel}","templated":true}]}}