{"id":12132,"date":"2017-08-23T16:18:32","date_gmt":"2017-08-23T19:18:32","guid":{"rendered":"http:\/\/thir.com.br\/portal\/?page_id=12132"},"modified":"2017-08-25T15:19:38","modified_gmt":"2017-08-25T18:19:38","slug":"os-caboclos-e-caboclas","status":"publish","type":"page","link":"https:\/\/thir.com.br\/portal\/os-caboclos-e-caboclas\/","title":{"rendered":"Os Caboclos e Caboclas"},"content":{"rendered":"<p><a href=\"http:\/\/thir.com.br\/portal\/wp-content\/uploads\/2017\/08\/481e95d10edc9e3ab7ba12d53b8545c9.jpg\"><img loading=\"lazy\" decoding=\"async\" class=\"aligncenter wp-image-12434 size-full\" src=\"http:\/\/thir.com.br\/portal\/wp-content\/uploads\/2017\/08\/481e95d10edc9e3ab7ba12d53b8545c9.jpg\" alt=\"\" width=\"1307\" height=\"594\" srcset=\"https:\/\/thir.com.br\/portal\/wp-content\/uploads\/2017\/08\/481e95d10edc9e3ab7ba12d53b8545c9.jpg 1307w, https:\/\/thir.com.br\/portal\/wp-content\/uploads\/2017\/08\/481e95d10edc9e3ab7ba12d53b8545c9-300x136.jpg 300w, https:\/\/thir.com.br\/portal\/wp-content\/uploads\/2017\/08\/481e95d10edc9e3ab7ba12d53b8545c9-768x349.jpg 768w, https:\/\/thir.com.br\/portal\/wp-content\/uploads\/2017\/08\/481e95d10edc9e3ab7ba12d53b8545c9-1024x465.jpg 1024w, https:\/\/thir.com.br\/portal\/wp-content\/uploads\/2017\/08\/481e95d10edc9e3ab7ba12d53b8545c9-500x227.jpg 500w\" sizes=\"auto, (max-width: 1307px) 100vw, 1307px\" \/><\/a><\/p>\n<p>&nbsp;<\/p>\n<p>Umbanda, religi\u00e3o e ci\u00eancia.\u00a0Absor\u00e7\u00e3o das vibra\u00e7\u00f5es c\u00f3smicas que atuam sobre a natureza, congrega\u00e7\u00e3o de entidades que se apresentam em formas diversas, doando o bem, a necess\u00e1ria ajuda ao ser humano.<\/p>\n<p>Dentre os protetores que se agrupam em Falanges, uma se destaca pelo seu vigor, pela presteza com que se apresenta auxiliando os necessitados: A Falange de Caboclos.<\/p>\n<p>Caboclos, significa mesti\u00e7o de branco com \u00edndio.\u00a0Na percep\u00e7\u00e3o umbandista, nos referimos aos ind\u00edgenas, que em \u00e9pocas remotas habitavam diversas partes do nosso planeta. Uma civiliza\u00e7\u00e3o primitiva, mais de grande sabedoria.<\/p>\n<p>Fa\u00e7amos uma viagem no tempo. No Dia 12 de Outubro de 1492, tudo come\u00e7ou, na ilha de S\u00e3o Salvador, quando ali chegou Crist\u00f3v\u00e3o Colombo.<\/p>\n<p>Chegando na ilha, ao encontrar seus habitantes, deu-lhes o nome de \u201c\u00cdndios\u201d.<\/p>\n<p>Muitas coisas aconteceram, desde aquele momento, at\u00e9 os dias de hoje. A catequiza\u00e7\u00e3o ocorreu principalmente com as tribos TAIANOS e ARAWAK. Algumas foram levados para a Espanha.<\/p>\n<p>At\u00e9 meados do s\u00e9culo passado, as primeiras manifesta\u00e7\u00f5es espirituais, atribu\u00eddas por diversos autores, o \u00edndio pele-vermelha, procurava uma comunica\u00e7\u00e3o, atrav\u00e9s de pancadas e ru\u00eddos, at\u00e9 ent\u00e3o n\u00e3o identificados.<\/p>\n<p>Foi no Brasil, que estes esp\u00edritos ind\u00edgenas, de diferentes posi\u00e7\u00f5es geogr\u00e1ficas, encontraram dentro de uma espiritualidade a verdadeira oportunidade de evolu\u00edrem, cada vez mais, atrav\u00e9s do aux\u00edlio prestados, a n\u00f3s, seres carentes de ajuda.<\/p>\n<p>\u00c9 em nosso pa\u00eds, o Brasil, que se pratica a Umbanda. Sabemos que a Umbanda tem a sua origem nos cultos afros, trazidos pelos escravos que aqui chegaram. Curiosamente, nestes mesmos \u201ccultos afros\u201d, n\u00e3o encontramos a presen\u00e7a dos Caboclos e Pretos Velhos. Falanges de Esp\u00edritos que s\u00f3 se apresentam e se incorporam como parte importante \u00e1 Umbanda.<\/p>\n<p>Os Caboclos e Pretos Velhos, fazem parte da \u201cUmbanda Brasileira\u201d. Salientamos por\u00e9m que a Umbanda, Religi\u00e3o e Ci\u00eancia, \u00e9 praticada somente no Brasil e assim sendo, agrupam esp\u00edritos que embora em suas encarna\u00e7\u00f5es tenham vivido em outros pa\u00edses, se identificam espiritualmente, na vibra\u00e7\u00e3o, no modo de vida quando encarnados.<\/p>\n<p>Encontramos n\u00e3o s\u00f3 \u00edndios que habitavam nosso pa\u00eds, mas tamb\u00e9m os que vieram nos Estados Unidos da Am\u00e9rica do Norte, os Astecas e os Maias na Am\u00e9rica Central, os Incas no Peru e os demais que povoaram a Am\u00e9rica do Sul.<\/p>\n<p>Quando falamos de Caboclo, na Umbanda \u00e9 fazer men\u00e7\u00e3o a todos eles. Com denomina\u00e7\u00f5es diversas, atuam em nossos terreiros e que com humildade, como muito bem recomenda a espiritualidade, se omitem em detalhes referentes as suas vidas passadas, quando encarnados.\u00a0Na Umbanda, os Caboclos constituem uma falange e, como tal, penetram em todas as linhas, atuando em diversas vira\u00e7\u00f5es. Entretanto, cada um deles tem uma vibra\u00e7\u00e3o origin\u00e1ria, que pode ser ou n\u00e3o aquela em que ele atua.<\/p>\n<p>Antigamente existia a concep\u00e7\u00e3o de que todo Caboclo seria um Ox\u00f3ssi, ou seja, viria sob a vibra\u00e7\u00e3o deste Orix\u00e1. Por\u00e9m em nossa percep\u00e7\u00e3o, compreendemos que Caboclos diferentes, possuem Vibra\u00e7\u00f5es Originais Diferentes, podendo se apresentar sob a Vibra\u00e7\u00e3o de Ogum, de Xang\u00f4, de Ox\u00f3ssi ou Omulu. J\u00e1 as Caboclas, podem se apresentar sob as Vibra\u00e7\u00f5es de Iemanj\u00e1, de Oxum, de Ians\u00e3 ou de Nan\u00e3.\u00a0N\u00e3o h\u00e1 necessidade da Vibra\u00e7\u00e3o do Caboclo-guia, coincidir com a do Orix\u00e1 dono da coroa do m\u00e9dium: o guia pode ser, por exemplo, de Ogum, e atuar em um sensitivo que \u00e9 filho de Ox\u00f3ssi; apenas neste caso, a entidade, embora sendo de Ogum, assimilar\u00e1 a vibra\u00e7\u00e3o de Ox\u00f3ssi.<\/p>\n<p>Embora existam diferen\u00e7as entre os nomes encontrados por diferentes pesquisadores para as entidades, em rela\u00e7\u00e3o as suas Vibra\u00e7\u00f5es Originais, apresentamos a seguir uma rela\u00e7\u00e3o que nos parece a mais pr\u00f3xima de uma realidade:<\/p>\n<div id=\"\" class=\" divider divider-599dcbd225df5 divider-border\"><\/div>\n<h3>Caboclos de Ogum<\/h3>\n<p>\u00c1guia Branca, \u00c1guia Dourada, \u00c1guia Solit\u00e1ria, Ararib\u00f3ia, Beira-Mar, Caboclo da Mata, Icara\u00ed, Cai\u00e7aras Guaraci, Ipojucan, Itapo\u00e3, Jaguar\u00e9, Rompe-mato, Rompe-nuvem, Sete Matas, Sete Ondas, Tamoio, Tabajara, Tupuruplata, Ubirajara, Rompe-Ferro, Rompe-A\u00e7o<\/p>\n<div id=\"\" class=\" divider divider-599dcbd225e6b divider-border\"><\/div>\n<div><\/div>\n<h3>Caboclos de Xang\u00f4<\/h3>\n<p>Ara\u00fana, Caj\u00e1, Caramuru, Cobra Coral, Caboclo do Sol, Girassol, Guaran\u00e1, Guar\u00e1, Goitacaz, Jupar\u00e1, Janguar, Rompe-Serra, Sete Caminhos, Sete Cachoeiras, Sete Montanhas, Sete Estrelas, Sete Luas, Tupi, Treme-Terra, Sult\u00e3o das Matas, Cachoeirinha, Mirim, Urubat\u00e3o da Guia, Urubat\u00e3o, Ubiratan, Cholapur.<\/p>\n<div id=\"\" class=\" divider divider-599dcbd225ed3 divider-border\"><\/div>\n<div><\/div>\n<h3>Caboclos de Ox\u00f3ssi<\/h3>\n<p>Caboclo da Lua, Arruda, Aimor\u00e9, Boiadeiro, Ub\u00e1, Ca\u00e7ador, Arapu\u00ed, Japiassu, Junco Verde, Javari, Mata Virgem, Pena Branca, Pena Dourada, Pena Verde, Pena Azul, Rompe-folha, Rei da Mata, Guarani, Sete Flechas, Flecheiro, Folha Verde,, Tupinamb\u00e1, Tupa\u00edba, Tupiara, Tapuia, Serra Azul, Paraguassu, Sete Encruzilhadas.<\/p>\n<div id=\"\" class=\" divider divider-599dcbd225f3a divider-border\"><\/div>\n<div><\/div>\n<h3>Caboclos de Omulu<\/h3>\n<p>Arranca-Toco, Acur\u00e9, Aimbir\u00e9, Bugre, Guin\u00e9, Gira-Mundo, Iucatan, Jupuri, Uiratan, Alho-d\u2019\u00e1gua, Pedra Branca, Pedra Preta, La\u00e7ador, Roxo, Graja\u00fana, Bacu\u00ed, Pira\u00ed, Suri, Serra Verde, Serra Negra, Tira-teima, Seta-\u00c1guias, Tibiri\u00e7\u00e1, Vira-Mundo, Ventania.<\/p>\n<div id=\"\" class=\" divider divider-599dcbd225f9c divider-border\"><\/div>\n<div><\/div>\n<h3>Caboclas de Ians\u00e3<\/h3>\n<p>Bartira, Jussara, Jurema, Japotira, Ma\u00edra, Ivotice, Valqu\u00edria, Raio de Luz, Palina, Poti, Talina, Potira<\/p>\n<div id=\"\" class=\" divider divider-599dcbd225ffe divider-border\"><\/div>\n<div><\/div>\n<h3>Caboclas de Iemanj\u00e1<\/h3>\n<p>Dilo\u00e9, Cabocla da Praia, Estrela d\u2019Alva, Guaraciaba, Jana\u00edna, Jandira, Jacira, Jaci, Sete Ondas, Sol Nascente<\/p>\n<div id=\"\" class=\" divider divider-599dcbd22605e divider-border\"><\/div>\n<div><\/div>\n<h3>Caboclas de Oxum<\/h3>\n<p>Iracema, Imai\u00e1 Jaceguaia, Juruema, Juruena, Jupira, Jandaia, Araguaia, Estrela da Manh\u00e3, Tunu\u00e9, Mirini, Su\u00ea<\/p>\n<div id=\"\" class=\" divider divider-599dcbd2260bf divider-border\"><\/div>\n<div><\/div>\n<h3>Caboclas de Nan\u00e3<\/h3>\n<p>Assucena, Ina\u00edra, Ju\u00e7an\u00e3, Janira, Juraci, Jutira, Luana, Muraquitan, Sumaraj\u00e9, Xista, Paraquassu<\/p>\n<div id=\"\" class=\" divider divider-599dcbd22611f divider-border\"><\/div>\n<p>&nbsp;<\/p>\n<p>&nbsp;<\/p>\n<p>&nbsp;<\/p>\n<pre>Autor: Babalorix\u00e1 C\u00e9lio Silva \/ Tenda Espirita Caboclo Cobra Coral<\/pre>\n","protected":false},"excerpt":{"rendered":"<p>&nbsp; Umbanda, religi\u00e3o e ci\u00eancia.\u00a0Absor\u00e7\u00e3o das vibra\u00e7\u00f5es c\u00f3smicas que atuam sobre a natureza, congrega\u00e7\u00e3o de entidades que se apresentam em formas diversas, doando o bem, a necess\u00e1ria ajuda ao ser humano. Dentre os protetores que se agrupam em Falanges, uma se destaca pelo seu vigor, pela presteza com que se apresenta auxiliando os necessitados: A Falange de Caboclos. Caboclos, significa mesti\u00e7o de branco com \u00edndio.\u00a0Na percep\u00e7\u00e3o umbandista, nos referimos aos ind\u00edgenas, que em \u00e9pocas remotas habitavam diversas partes do nosso planeta. Uma civiliza\u00e7\u00e3o primitiva, mais de grande sabedoria. Fa\u00e7amos uma viagem no tempo. No Dia 12 de Outubro de 1492, tudo come\u00e7ou, na ilha de S\u00e3o Salvador, quando ali chegou Crist\u00f3v\u00e3o Colombo. Chegando na ilha, ao encontrar seus habitantes, deu-lhes o nome de \u201c\u00cdndios\u201d. Muitas coisas aconteceram, desde aquele momento, at\u00e9 os dias de hoje. A catequiza\u00e7\u00e3o ocorreu principalmente com as tribos TAIANOS e ARAWAK. Algumas foram levados para a Espanha. At\u00e9 meados do s\u00e9culo passado, as primeiras manifesta\u00e7\u00f5es espirituais, atribu\u00eddas por diversos autores, o \u00edndio pele-vermelha, procurava uma comunica\u00e7\u00e3o, atrav\u00e9s de pancadas e ru\u00eddos, at\u00e9 ent\u00e3o n\u00e3o identificados. Foi no Brasil, que estes esp\u00edritos ind\u00edgenas, de diferentes posi\u00e7\u00f5es geogr\u00e1ficas, encontraram dentro de uma espiritualidade a verdadeira oportunidade de evolu\u00edrem, cada vez mais, atrav\u00e9s do aux\u00edlio prestados, a n\u00f3s, seres carentes de ajuda. \u00c9 em nosso pa\u00eds, o Brasil, que se pratica a Umbanda. Sabemos que a Umbanda tem a sua origem nos cultos afros, trazidos pelos escravos que aqui chegaram. Curiosamente, nestes mesmos \u201ccultos afros\u201d, n\u00e3o encontramos a presen\u00e7a dos Caboclos e Pretos Velhos. Falanges de Esp\u00edritos que s\u00f3 se apresentam e se incorporam como parte importante \u00e1 Umbanda. Os Caboclos e Pretos Velhos, fazem parte da \u201cUmbanda Brasileira\u201d. Salientamos por\u00e9m que a Umbanda, Religi\u00e3o e Ci\u00eancia, \u00e9 praticada somente no Brasil e assim sendo, agrupam esp\u00edritos que embora&#8230; <\/p>\n<p><a class=\"readmore\" href=\"https:\/\/thir.com.br\/portal\/os-caboclos-e-caboclas\/\">Continue lendo&#8230;<\/a><\/p>\n","protected":false},"author":3,"featured_media":0,"parent":0,"menu_order":0,"comment_status":"closed","ping_status":"closed","template":"","meta":{"footnotes":""},"class_list":["post-12132","page","type-page","status-publish","hentry"],"_links":{"self":[{"href":"https:\/\/thir.com.br\/portal\/wp-json\/wp\/v2\/pages\/12132","targetHints":{"allow":["GET"]}}],"collection":[{"href":"https:\/\/thir.com.br\/portal\/wp-json\/wp\/v2\/pages"}],"about":[{"href":"https:\/\/thir.com.br\/portal\/wp-json\/wp\/v2\/types\/page"}],"author":[{"embeddable":true,"href":"https:\/\/thir.com.br\/portal\/wp-json\/wp\/v2\/users\/3"}],"replies":[{"embeddable":true,"href":"https:\/\/thir.com.br\/portal\/wp-json\/wp\/v2\/comments?post=12132"}],"version-history":[{"count":8,"href":"https:\/\/thir.com.br\/portal\/wp-json\/wp\/v2\/pages\/12132\/revisions"}],"predecessor-version":[{"id":12436,"href":"https:\/\/thir.com.br\/portal\/wp-json\/wp\/v2\/pages\/12132\/revisions\/12436"}],"wp:attachment":[{"href":"https:\/\/thir.com.br\/portal\/wp-json\/wp\/v2\/media?parent=12132"}],"curies":[{"name":"wp","href":"https:\/\/api.w.org\/{rel}","templated":true}]}}