{"id":12126,"date":"2017-08-23T15:35:04","date_gmt":"2017-08-23T18:35:04","guid":{"rendered":"http:\/\/thir.com.br\/portal\/?page_id=12126"},"modified":"2017-08-25T15:45:00","modified_gmt":"2017-08-25T18:45:00","slug":"exu-7-encruzilhadas","status":"publish","type":"page","link":"https:\/\/thir.com.br\/portal\/exu-7-encruzilhadas\/","title":{"rendered":"Exu 7 Encruzilhadas"},"content":{"rendered":"<p><a href=\"http:\/\/thir.com.br\/portal\/wp-content\/uploads\/2017\/08\/tranca-rua.jpg\"><img loading=\"lazy\" decoding=\"async\" class=\"aligncenter wp-image-12111 \" src=\"http:\/\/thir.com.br\/portal\/wp-content\/uploads\/2017\/08\/tranca-rua-1024x640.jpg\" alt=\"\" width=\"934\" height=\"584\" srcset=\"https:\/\/thir.com.br\/portal\/wp-content\/uploads\/2017\/08\/tranca-rua-1024x640.jpg 1024w, https:\/\/thir.com.br\/portal\/wp-content\/uploads\/2017\/08\/tranca-rua-300x188.jpg 300w, https:\/\/thir.com.br\/portal\/wp-content\/uploads\/2017\/08\/tranca-rua-768x480.jpg 768w, https:\/\/thir.com.br\/portal\/wp-content\/uploads\/2017\/08\/tranca-rua-500x313.jpg 500w, https:\/\/thir.com.br\/portal\/wp-content\/uploads\/2017\/08\/tranca-rua.jpg 1600w\" sizes=\"auto, (max-width: 934px) 100vw, 934px\" \/><\/a><\/p>\n<p><span class=\"textexposedshow\">Ajoelhado aos teus p\u00e9s, estou rogando que me escute no sopro dos sete ventos, meu grande Exu Sete Encruzilhadas.<\/span><\/p>\n<p><span class=\"textexposedshow\">\u00a0 Com a for\u00e7a do teu garfo que carregas nas costas e da cruz do teu peito, eu humildemente pe\u00e7o que tenhas vid\u00eancia das dores que trago no peito aflito.<\/span><\/p>\n<p><span class=\"textexposedshow\">\u00a0 Sete Encruzilhadas Exu dos sete caminhos, senhor rei das Sete Encruzilhadas de f\u00e9, sepulte nas sete catacumbas os nossos problemas e tristezas.<\/span><\/p>\n<p><span class=\"textexposedshow\">\u00a0 \u00c9s um lindo homem, um cavalheiro, andas descal\u00e7o com tua linda capa de veludo, a gargalhar pela noite, venceste sete guerras, ven\u00e7a pelo menos uma para mim, se eu merecer pois estou em desespero.<\/span><\/p>\n<p><span class=\"textexposedshow\">\u00a0 Sete Encruzilhadas, conheces as dores e ang\u00fastias do mundo onde tu vivestes, amaste, sofreste e foste humilhado, mas hoje carrega a Coroa dos infelizes e essa coroa quem te deu foi a miseric\u00f3rdia de Pai Oxal\u00e1, nos p\u00e9s de Pai Olorum.<\/span><\/p>\n<p><span class=\"textexposedshow\">\u00a0 Sete Encruzilhadas, coloque debaixo de teu p\u00e9 esquerdo o nome dos meus inimigos, livrando-me das invejas, cal\u00fanias e dos olhos grandes. P\u00f5e no meu cora\u00e7\u00e3o o perd\u00e3o e a justi\u00e7a, para me reconhecer e me corrigir das minhas faltas.<\/span><\/p>\n<p><span class=\"textexposedshow\">\u00a0Lindo homem de cabelos negros e olhos de cristal, perfuma a minha vida com o perfume das sete rosas vermelhas.<\/span><\/p>\n<p><span class=\"textexposedshow\">\u00a0Atenda meu pedido, te imploro Sete Encruzilhadas, pois sei que os teus protegidos, tu jamais desampara.<\/span><\/p>\n<p><span class=\"textexposedshow\">Rei dos sete mist\u00e9rios, carregas as sete chaves do destino, abra os meus caminhos e me fa\u00e7a feliz, pois contarei sempre com a sua prote\u00e7\u00e3o, agora e em todas as horas de afli\u00e7\u00e3o.<\/span><\/p>\n<p><span class=\"textexposedshow\">Sarav\u00e1 Sete Encruzilhadas! Laroy\u00ea Exu!<\/span><\/p>\n<p>&nbsp;<\/p>\n<h4 style=\"text-align: center;\"><strong>Sarav\u00e1 Santo Ant\u00f4nio de Pemba!<\/strong><br \/>\n<strong><span class=\"textexposedshow\">Sarav\u00e1 \u00e0 for\u00e7a do Sete!<\/span><\/strong><br \/>\n<strong><span class=\"textexposedshow\">Sarav\u00e1 \u00e0 todos os Exus!<\/span><\/strong><\/h4>\n","protected":false},"excerpt":{"rendered":"<p>Ajoelhado aos teus p\u00e9s, estou rogando que me escute no sopro dos sete ventos, meu grande Exu Sete Encruzilhadas. \u00a0 Com a for\u00e7a do teu garfo que carregas nas costas e da cruz do teu peito, eu humildemente pe\u00e7o que tenhas vid\u00eancia das dores que trago no peito aflito. \u00a0 Sete Encruzilhadas Exu dos sete caminhos, senhor rei das Sete Encruzilhadas de f\u00e9, sepulte nas sete catacumbas os nossos problemas e tristezas. \u00a0 \u00c9s um lindo homem, um cavalheiro, andas descal\u00e7o com tua linda capa de veludo, a gargalhar pela noite, venceste sete guerras, ven\u00e7a pelo menos uma para mim, se eu merecer pois estou em desespero. \u00a0 Sete Encruzilhadas, conheces as dores e ang\u00fastias do mundo onde tu vivestes, amaste, sofreste e foste humilhado, mas hoje carrega a Coroa dos infelizes e essa coroa quem te deu foi a miseric\u00f3rdia de Pai Oxal\u00e1, nos p\u00e9s de Pai Olorum. \u00a0 Sete Encruzilhadas, coloque debaixo de teu p\u00e9 esquerdo o nome dos meus inimigos, livrando-me das invejas, cal\u00fanias e dos olhos grandes. P\u00f5e no meu cora\u00e7\u00e3o o perd\u00e3o e a justi\u00e7a, para me reconhecer e me corrigir das minhas faltas. \u00a0Lindo homem de cabelos negros e olhos de cristal, perfuma a minha vida com o perfume das sete rosas vermelhas. \u00a0Atenda meu pedido, te imploro Sete Encruzilhadas, pois sei que os teus protegidos, tu jamais desampara. Rei dos sete mist\u00e9rios, carregas as sete chaves do destino, abra os meus caminhos e me fa\u00e7a feliz, pois contarei sempre com a sua prote\u00e7\u00e3o, agora e em todas as horas de afli\u00e7\u00e3o. Sarav\u00e1 Sete Encruzilhadas! Laroy\u00ea Exu! &nbsp; Sarav\u00e1 Santo Ant\u00f4nio de Pemba! Sarav\u00e1 \u00e0 for\u00e7a do Sete! Sarav\u00e1 \u00e0 todos os Exus!<\/p>\n","protected":false},"author":3,"featured_media":0,"parent":0,"menu_order":0,"comment_status":"closed","ping_status":"closed","template":"","meta":{"footnotes":""},"class_list":["post-12126","page","type-page","status-publish","hentry"],"_links":{"self":[{"href":"https:\/\/thir.com.br\/portal\/wp-json\/wp\/v2\/pages\/12126","targetHints":{"allow":["GET"]}}],"collection":[{"href":"https:\/\/thir.com.br\/portal\/wp-json\/wp\/v2\/pages"}],"about":[{"href":"https:\/\/thir.com.br\/portal\/wp-json\/wp\/v2\/types\/page"}],"author":[{"embeddable":true,"href":"https:\/\/thir.com.br\/portal\/wp-json\/wp\/v2\/users\/3"}],"replies":[{"embeddable":true,"href":"https:\/\/thir.com.br\/portal\/wp-json\/wp\/v2\/comments?post=12126"}],"version-history":[{"count":5,"href":"https:\/\/thir.com.br\/portal\/wp-json\/wp\/v2\/pages\/12126\/revisions"}],"predecessor-version":[{"id":12440,"href":"https:\/\/thir.com.br\/portal\/wp-json\/wp\/v2\/pages\/12126\/revisions\/12440"}],"wp:attachment":[{"href":"https:\/\/thir.com.br\/portal\/wp-json\/wp\/v2\/media?parent=12126"}],"curies":[{"name":"wp","href":"https:\/\/api.w.org\/{rel}","templated":true}]}}