{"id":12110,"date":"2017-08-23T14:19:45","date_gmt":"2017-08-23T17:19:45","guid":{"rendered":"http:\/\/thir.com.br\/portal\/?page_id=12110"},"modified":"2017-08-25T14:43:43","modified_gmt":"2017-08-25T17:43:43","slug":"exus-e-pomba-giras","status":"publish","type":"page","link":"https:\/\/thir.com.br\/portal\/exus-e-pomba-giras\/","title":{"rendered":"Exus e Pomba-Giras"},"content":{"rendered":"<p><a href=\"http:\/\/thir.com.br\/portal\/wp-content\/uploads\/2017\/08\/Abraham-Lincoln-Vampire-Hunter_1920x1200.jpgfdg.jpg\"><\/a><a href=\"http:\/\/thir.com.br\/portal\/wp-content\/uploads\/2017\/08\/EXU-e-Pombagira.jpg\"><img loading=\"lazy\" decoding=\"async\" class=\"aligncenter wp-image-12432 size-full\" src=\"http:\/\/thir.com.br\/portal\/wp-content\/uploads\/2017\/08\/EXU-e-Pombagira.jpg\" alt=\"\" width=\"1126\" height=\"720\" srcset=\"https:\/\/thir.com.br\/portal\/wp-content\/uploads\/2017\/08\/EXU-e-Pombagira.jpg 1126w, https:\/\/thir.com.br\/portal\/wp-content\/uploads\/2017\/08\/EXU-e-Pombagira-300x192.jpg 300w, https:\/\/thir.com.br\/portal\/wp-content\/uploads\/2017\/08\/EXU-e-Pombagira-768x491.jpg 768w, https:\/\/thir.com.br\/portal\/wp-content\/uploads\/2017\/08\/EXU-e-Pombagira-1024x655.jpg 1024w, https:\/\/thir.com.br\/portal\/wp-content\/uploads\/2017\/08\/EXU-e-Pombagira-500x320.jpg 500w\" sizes=\"auto, (max-width: 1126px) 100vw, 1126px\" \/><\/a><\/p>\n<p>&nbsp;<\/p>\n<p>Exu \u00e9 ativador de nossos merecimentos. \u00c9 o que propicia nossas vit\u00f3rias e nossas derrotas, pois nem sempre sabemos lidar com a vaidade, o ego, o ego\u00edsmo e a soberba que aflora de forma acentuada quando se conquista algo. Exu \u00e9 quem abre nossos caminhos, mas tamb\u00e9m fecha a nossa vida quando nos encontramos viciados em uma maldade sem fim. Isso \u00e9 a Lei e assim \u00e9 EXU!<\/p>\n<p>Exu \u00e9 a for\u00e7a que atua sobre o negativo de qualquer pessoa tentando equilibrar essa a\u00e7\u00e3o. \u00c9 aquele que faz o erro\u00a0virar acerto e o acerto virar o erro. \u00c9 aquele que escreve reto em linhas tortas, escreve torto em linhas retas.<\/p>\n<p>Mesmo nos momentos em que nos vemos no meio do caos, Exu sabe fazer com que a ordem prevale\u00e7a. Exu n\u00e3o gosta de displic\u00eancia e de injusti\u00e7a, n\u00e3o aceita nada mais e nada menos do que lhe \u00e9 de direito e de dever.<\/p>\n<p>Exu n\u00e3o faz, n\u00e3o participa e n\u00e3o orienta nenhum tipo de magia negativa, Exu \u00e9 Mago Realizador por excel\u00eancia, e conhece absolutamente tudo sobre magia. No entanto, conhece tamb\u00e9m a Lei Divina e a cumpre com perfei\u00e7\u00e3o a cada momento. Magia negativa \u00e9 a\u00e7\u00e3o do homem que deseja mais do que pode, deve e merece. Exu d\u00e1 e faz somente aquilo que for de merecimento e de necessidade para o Ser, segundo a Lei Divina.<\/p>\n<p>EXU, palavra iorub\u00e1 (\u00c8s\u00f9) pode ser traduzida como \u201cesfera\u201d representando o infinito, o que n\u00e3o tem come\u00e7o nem fim e que est\u00e1 em todos os lugares, no Tudo e no Nada.<\/p>\n<p>Ele \u00e9 o \u201cmensageiro\u201d, recebe e leva os pedidos e as oferendas dos seres humanos ao Orum, o c\u00e9u. \u00c9 o Senhor dos caminhos, das encruzilhadas, da entrada e da sa\u00edda. \u00c9 o movimento inicial e din\u00e2mico que leva \u00e0 propuls\u00e3o, ao crescimento e \u00e0 multiplica\u00e7\u00e3o.<\/p>\n<p>S\u00e3o esp\u00edritos iluminados que, de forma muito peculiar, conhecem nosso \u00edntimo e nossa conduta muito mais que n\u00f3s mesmos.<\/p>\n<p>&nbsp;<\/p>\n<p>&nbsp;<\/p>\n<h6 style=\"text-align: center;\"><strong>\u00a0 \u00a0 \u00a0 \u00a0 \u00a0 \u00a0 \u00a0 \u00a0 \u00a0 &#8220;A<em>NTES DE PEDIR ALGO, ENTENDA A DIFEREN\u00c7A ENTRE QUERER, MERECER E PRECISAR &#8220;<\/em><\/strong><\/h6>\n<p>&nbsp;<\/p>\n<p><a href=\"http:\/\/thir.com.br\/portal\/wp-content\/uploads\/2017\/08\/07-festa-de-exu-distrito-de-outeiro-belc3a9m-pa-exu-festival-outeiro-district-belc3a9m-pa-amazon-brazil-20111.jpg\"><img loading=\"lazy\" decoding=\"async\" class=\"aligncenter wp-image-12117 size-full\" src=\"http:\/\/thir.com.br\/portal\/wp-content\/uploads\/2017\/08\/07-festa-de-exu-distrito-de-outeiro-belc3a9m-pa-exu-festival-outeiro-district-belc3a9m-pa-amazon-brazil-20111.jpg\" alt=\"\" width=\"810\" height=\"531\" srcset=\"https:\/\/thir.com.br\/portal\/wp-content\/uploads\/2017\/08\/07-festa-de-exu-distrito-de-outeiro-belc3a9m-pa-exu-festival-outeiro-district-belc3a9m-pa-amazon-brazil-20111.jpg 810w, https:\/\/thir.com.br\/portal\/wp-content\/uploads\/2017\/08\/07-festa-de-exu-distrito-de-outeiro-belc3a9m-pa-exu-festival-outeiro-district-belc3a9m-pa-amazon-brazil-20111-300x197.jpg 300w, https:\/\/thir.com.br\/portal\/wp-content\/uploads\/2017\/08\/07-festa-de-exu-distrito-de-outeiro-belc3a9m-pa-exu-festival-outeiro-district-belc3a9m-pa-amazon-brazil-20111-768x503.jpg 768w, https:\/\/thir.com.br\/portal\/wp-content\/uploads\/2017\/08\/07-festa-de-exu-distrito-de-outeiro-belc3a9m-pa-exu-festival-outeiro-district-belc3a9m-pa-amazon-brazil-20111-500x328.jpg 500w\" sizes=\"auto, (max-width: 810px) 100vw, 810px\" \/><\/a><\/p>\n","protected":false},"excerpt":{"rendered":"<p>&nbsp; Exu \u00e9 ativador de nossos merecimentos. \u00c9 o que propicia nossas vit\u00f3rias e nossas derrotas, pois nem sempre sabemos lidar com a vaidade, o ego, o ego\u00edsmo e a soberba que aflora de forma acentuada quando se conquista algo. Exu \u00e9 quem abre nossos caminhos, mas tamb\u00e9m fecha a nossa vida quando nos encontramos viciados em uma maldade sem fim. Isso \u00e9 a Lei e assim \u00e9 EXU! Exu \u00e9 a for\u00e7a que atua sobre o negativo de qualquer pessoa tentando equilibrar essa a\u00e7\u00e3o. \u00c9 aquele que faz o erro\u00a0virar acerto e o acerto virar o erro. \u00c9 aquele que escreve reto em linhas tortas, escreve torto em linhas retas. Mesmo nos momentos em que nos vemos no meio do caos, Exu sabe fazer com que a ordem prevale\u00e7a. Exu n\u00e3o gosta de displic\u00eancia e de injusti\u00e7a, n\u00e3o aceita nada mais e nada menos do que lhe \u00e9 de direito e de dever. Exu n\u00e3o faz, n\u00e3o participa e n\u00e3o orienta nenhum tipo de magia negativa, Exu \u00e9 Mago Realizador por excel\u00eancia, e conhece absolutamente tudo sobre magia. No entanto, conhece tamb\u00e9m a Lei Divina e a cumpre com perfei\u00e7\u00e3o a cada momento. Magia negativa \u00e9 a\u00e7\u00e3o do homem que deseja mais do que pode, deve e merece. Exu d\u00e1 e faz somente aquilo que for de merecimento e de necessidade para o Ser, segundo a Lei Divina. EXU, palavra iorub\u00e1 (\u00c8s\u00f9) pode ser traduzida como \u201cesfera\u201d representando o infinito, o que n\u00e3o tem come\u00e7o nem fim e que est\u00e1 em todos os lugares, no Tudo e no Nada. Ele \u00e9 o \u201cmensageiro\u201d, recebe e leva os pedidos e as oferendas dos seres humanos ao Orum, o c\u00e9u. \u00c9 o Senhor dos caminhos, das encruzilhadas, da entrada e da sa\u00edda. \u00c9 o movimento inicial e din\u00e2mico que leva \u00e0&#8230; <\/p>\n<p><a class=\"readmore\" href=\"https:\/\/thir.com.br\/portal\/exus-e-pomba-giras\/\">Continue lendo&#8230;<\/a><\/p>\n","protected":false},"author":3,"featured_media":0,"parent":0,"menu_order":0,"comment_status":"closed","ping_status":"closed","template":"","meta":{"footnotes":""},"class_list":["post-12110","page","type-page","status-publish","hentry"],"_links":{"self":[{"href":"https:\/\/thir.com.br\/portal\/wp-json\/wp\/v2\/pages\/12110","targetHints":{"allow":["GET"]}}],"collection":[{"href":"https:\/\/thir.com.br\/portal\/wp-json\/wp\/v2\/pages"}],"about":[{"href":"https:\/\/thir.com.br\/portal\/wp-json\/wp\/v2\/types\/page"}],"author":[{"embeddable":true,"href":"https:\/\/thir.com.br\/portal\/wp-json\/wp\/v2\/users\/3"}],"replies":[{"embeddable":true,"href":"https:\/\/thir.com.br\/portal\/wp-json\/wp\/v2\/comments?post=12110"}],"version-history":[{"count":12,"href":"https:\/\/thir.com.br\/portal\/wp-json\/wp\/v2\/pages\/12110\/revisions"}],"predecessor-version":[{"id":12433,"href":"https:\/\/thir.com.br\/portal\/wp-json\/wp\/v2\/pages\/12110\/revisions\/12433"}],"wp:attachment":[{"href":"https:\/\/thir.com.br\/portal\/wp-json\/wp\/v2\/media?parent=12110"}],"curies":[{"name":"wp","href":"https:\/\/api.w.org\/{rel}","templated":true}]}}