{"id":12072,"date":"2017-08-23T11:39:22","date_gmt":"2017-08-23T14:39:22","guid":{"rendered":"http:\/\/thir.com.br\/portal\/?page_id=12072"},"modified":"2017-08-28T16:35:19","modified_gmt":"2017-08-28T19:35:19","slug":"12072-2","status":"publish","type":"page","link":"https:\/\/thir.com.br\/portal\/12072-2\/","title":{"rendered":"Guias Espirituais"},"content":{"rendered":"<h4><a href=\"http:\/\/thir.com.br\/portal\/wp-content\/uploads\/2017\/08\/guias-espirituais.jpg\"><img loading=\"lazy\" decoding=\"async\" class=\"aligncenter wp-image-12551 size-full\" src=\"http:\/\/thir.com.br\/portal\/wp-content\/uploads\/2017\/08\/guias-espirituais.jpg\" alt=\"\" width=\"1117\" height=\"630\" srcset=\"https:\/\/thir.com.br\/portal\/wp-content\/uploads\/2017\/08\/guias-espirituais.jpg 1117w, https:\/\/thir.com.br\/portal\/wp-content\/uploads\/2017\/08\/guias-espirituais-300x169.jpg 300w, https:\/\/thir.com.br\/portal\/wp-content\/uploads\/2017\/08\/guias-espirituais-768x433.jpg 768w, https:\/\/thir.com.br\/portal\/wp-content\/uploads\/2017\/08\/guias-espirituais-1024x578.jpg 1024w, https:\/\/thir.com.br\/portal\/wp-content\/uploads\/2017\/08\/guias-espirituais-500x282.jpg 500w\" sizes=\"auto, (max-width: 1117px) 100vw, 1117px\" \/><\/a><\/h4>\n<h4><\/h4>\n<h4>\u00a0<strong>O que s\u00e3o guias espirituais?<\/strong><\/h4>\n<p>Como o nome j\u00e1 diz, estas entidades s\u00e3o seres de luz, dispostos a nos guiar durante in\u00fameras\u00a0reencarna\u00e7\u00f5es, com a miss\u00e3o de prestar aux\u00edlio, aconselhamento e prote\u00e7\u00e3o na busca da nossa evolu\u00e7\u00e3o espiritual.<\/p>\n<h4><strong>Independente da cren\u00e7a religiosa, todos possuem guias espirituais<\/strong><\/h4>\n<p>O que varia, conforme a religi\u00e3o, s\u00e3o os nomes dados a eles: amparadores, protetores, conselheiros, mentores, mestres etc.<\/p>\n<p>Francisco C\u00e2ndido Xavier, o mais famoso\u00a0m\u00e9dium sensitivo\u00a0brasileiro, tamb\u00e9m tinha seu pr\u00f3prio guia espiritual: Emmanuel, que significa \u201cDeus conosco\u201d.<\/p>\n<p>Respons\u00e1vel pela maioria das obras psicografadas de Chico Xavier, Emmanuel costumava dizer uma frase emblem\u00e1tica quanto \u00e0 rela\u00e7\u00e3o entre os guias espirituais e as diferentes religi\u00f5es:\u00a0\u201cA infinita bondade que nos socorre em centros esp\u00edritas e santu\u00e1rios crist\u00e3os \u00e9 a mesma que se expressa e manifesta em templos com outra interpreta\u00e7\u00e3o da divina ideia de Deus.\u201d<\/p>\n<h4><strong>Como os guias espirituais podem nos amparar e aconselhar?<\/strong><\/h4>\n<p>Quase todos eles s\u00e3o almas humanas que, em um longo ciclo de encarna\u00e7\u00f5es, sempre estiveram em busca de conhecimento e o utilizaram em prol do bem da humanidade.<\/p>\n<p>Com isso, evolu\u00edram e adquiriram sabedoria e merecimento perante Deus e outros mestres. Guias espirituais atuam de forma sutil, nos sugerindo boas inten\u00e7\u00f5es, pensamentos e atitudes, sempre voltados para o exerc\u00edcio da bondade e da virtude. N\u00e3o ficam alheios a nossos sofrimentos e sempre escutam nossas preces em busca de solu\u00e7\u00f5es, trazendo inspira\u00e7\u00e3o e esperan\u00e7a para os momentos de afli\u00e7\u00e3o.<\/p>\n<p>Os\u00a0guias espirituais\u00a0jamais interferem em nosso livre-arb\u00edtrio e evitam permanecer conosco o tempo todo para n\u00e3o atrapalhar nossa evolu\u00e7\u00e3o an\u00edmica.<\/p>\n<p>A presen\u00e7a deles em nosso cotidiano atesta a imortalidade da alma. Tudo que fazemos em vida tem uma raz\u00e3o de ser e nenhum de nossos esfor\u00e7os acontecem em v\u00e3o, pois estamos sempre, mesmo que inconscientemente, construindo nosso caminho de aprimoramento, desenvolvimento e crescimento.<\/p>\n<p>A seguir, iremos falar um pouco sobre esses guias que comandam a nossa egr\u00e9gora espiritual, nos auxiliando \u00a0rumo a nossa evolu\u00e7\u00e3o.<\/p>\n<p>AX\u00c9 !!!<\/p>\n<p>&nbsp;<\/p>\n<p>&nbsp;<\/p>\n<h4><\/h4>\n<pre>Fonte:http:\/\/www.astrocentro.com.br\/blog\/videncia\/o-que-sao-guias-espirituais<\/pre>\n","protected":false},"excerpt":{"rendered":"<p>\u00a0O que s\u00e3o guias espirituais? Como o nome j\u00e1 diz, estas entidades s\u00e3o seres de luz, dispostos a nos guiar durante in\u00fameras\u00a0reencarna\u00e7\u00f5es, com a miss\u00e3o de prestar aux\u00edlio, aconselhamento e prote\u00e7\u00e3o na busca da nossa evolu\u00e7\u00e3o espiritual. Independente da cren\u00e7a religiosa, todos possuem guias espirituais O que varia, conforme a religi\u00e3o, s\u00e3o os nomes dados a eles: amparadores, protetores, conselheiros, mentores, mestres etc. Francisco C\u00e2ndido Xavier, o mais famoso\u00a0m\u00e9dium sensitivo\u00a0brasileiro, tamb\u00e9m tinha seu pr\u00f3prio guia espiritual: Emmanuel, que significa \u201cDeus conosco\u201d. Respons\u00e1vel pela maioria das obras psicografadas de Chico Xavier, Emmanuel costumava dizer uma frase emblem\u00e1tica quanto \u00e0 rela\u00e7\u00e3o entre os guias espirituais e as diferentes religi\u00f5es:\u00a0\u201cA infinita bondade que nos socorre em centros esp\u00edritas e santu\u00e1rios crist\u00e3os \u00e9 a mesma que se expressa e manifesta em templos com outra interpreta\u00e7\u00e3o da divina ideia de Deus.\u201d Como os guias espirituais podem nos amparar e aconselhar? Quase todos eles s\u00e3o almas humanas que, em um longo ciclo de encarna\u00e7\u00f5es, sempre estiveram em busca de conhecimento e o utilizaram em prol do bem da humanidade. Com isso, evolu\u00edram e adquiriram sabedoria e merecimento perante Deus e outros mestres. Guias espirituais atuam de forma sutil, nos sugerindo boas inten\u00e7\u00f5es, pensamentos e atitudes, sempre voltados para o exerc\u00edcio da bondade e da virtude. N\u00e3o ficam alheios a nossos sofrimentos e sempre escutam nossas preces em busca de solu\u00e7\u00f5es, trazendo inspira\u00e7\u00e3o e esperan\u00e7a para os momentos de afli\u00e7\u00e3o. Os\u00a0guias espirituais\u00a0jamais interferem em nosso livre-arb\u00edtrio e evitam permanecer conosco o tempo todo para n\u00e3o atrapalhar nossa evolu\u00e7\u00e3o an\u00edmica. A presen\u00e7a deles em nosso cotidiano atesta a imortalidade da alma. Tudo que fazemos em vida tem uma raz\u00e3o de ser e nenhum de nossos esfor\u00e7os acontecem em v\u00e3o, pois estamos sempre, mesmo que inconscientemente, construindo nosso caminho de aprimoramento, desenvolvimento e crescimento. A seguir, iremos falar um&#8230; <\/p>\n<p><a class=\"readmore\" href=\"https:\/\/thir.com.br\/portal\/12072-2\/\">Continue lendo&#8230;<\/a><\/p>\n","protected":false},"author":3,"featured_media":0,"parent":0,"menu_order":0,"comment_status":"closed","ping_status":"closed","template":"","meta":{"footnotes":""},"class_list":["post-12072","page","type-page","status-publish","hentry"],"_links":{"self":[{"href":"https:\/\/thir.com.br\/portal\/wp-json\/wp\/v2\/pages\/12072","targetHints":{"allow":["GET"]}}],"collection":[{"href":"https:\/\/thir.com.br\/portal\/wp-json\/wp\/v2\/pages"}],"about":[{"href":"https:\/\/thir.com.br\/portal\/wp-json\/wp\/v2\/types\/page"}],"author":[{"embeddable":true,"href":"https:\/\/thir.com.br\/portal\/wp-json\/wp\/v2\/users\/3"}],"replies":[{"embeddable":true,"href":"https:\/\/thir.com.br\/portal\/wp-json\/wp\/v2\/comments?post=12072"}],"version-history":[{"count":12,"href":"https:\/\/thir.com.br\/portal\/wp-json\/wp\/v2\/pages\/12072\/revisions"}],"predecessor-version":[{"id":12553,"href":"https:\/\/thir.com.br\/portal\/wp-json\/wp\/v2\/pages\/12072\/revisions\/12553"}],"wp:attachment":[{"href":"https:\/\/thir.com.br\/portal\/wp-json\/wp\/v2\/media?parent=12072"}],"curies":[{"name":"wp","href":"https:\/\/api.w.org\/{rel}","templated":true}]}}