{"id":11931,"date":"2017-08-13T16:30:59","date_gmt":"2017-08-13T16:30:59","guid":{"rendered":"http:\/\/thir.com.br\/portal\/?page_id=11931"},"modified":"2017-08-29T23:21:12","modified_gmt":"2017-08-30T02:21:12","slug":"tratamento-espiritual","status":"publish","type":"page","link":"https:\/\/thir.com.br\/portal\/tratamento-espiritual\/","title":{"rendered":"TRATAMENTO ESPIRITUAL"},"content":{"rendered":"<h1 class=\"entry-title noinfo\">\u00a0 \u00a0 \u00a0 \u00a0 \u00a0 \u00a0 \u00a0<a href=\"http:\/\/thir.com.br\/portal\/wp-content\/uploads\/2017\/08\/shutterstock_171251003-2.jpg\"><img loading=\"lazy\" decoding=\"async\" class=\"aligncenter wp-image-12658 size-full\" src=\"http:\/\/thir.com.br\/portal\/wp-content\/uploads\/2017\/08\/shutterstock_171251003-2.jpg\" alt=\"\" width=\"1200\" height=\"630\" srcset=\"https:\/\/thir.com.br\/portal\/wp-content\/uploads\/2017\/08\/shutterstock_171251003-2.jpg 1200w, https:\/\/thir.com.br\/portal\/wp-content\/uploads\/2017\/08\/shutterstock_171251003-2-300x158.jpg 300w, https:\/\/thir.com.br\/portal\/wp-content\/uploads\/2017\/08\/shutterstock_171251003-2-768x403.jpg 768w, https:\/\/thir.com.br\/portal\/wp-content\/uploads\/2017\/08\/shutterstock_171251003-2-1024x538.jpg 1024w, https:\/\/thir.com.br\/portal\/wp-content\/uploads\/2017\/08\/shutterstock_171251003-2-500x263.jpg 500w\" sizes=\"auto, (max-width: 1200px) 100vw, 1200px\" \/><\/a><\/h1>\n<p>&nbsp;<\/p>\n<p>A express\u00e3o tratamento espiritual \u00e9 utilizada para abranger um conjunto de a\u00e7\u00f5es de fundamenta\u00e7\u00e3o religiosa, praticadas em centros esp\u00edritas e espiritualistas, com o objetivo de auxiliar no tratamento de doen\u00e7as do espirito e\u00a0da mente.<\/p>\n<p>S\u00e3o denominados tratamentos espirituais pelo fato de serem realizados no perisp\u00edrito, por esp\u00edritos desencarnados, com eventual aux\u00edlio de um m\u00e9dium que pode ocorrer:<\/p>\n<p><strong>Aplica\u00e7\u00e3o de passes<\/strong>\u00a0: O passe corresponde a uma transmiss\u00e3o de fluidos magn\u00e9ticos e\/ou espirituais de um indiv\u00edduo para outro. Acreditam os esp\u00edritas que, nessa atividade, o m\u00e9dium age como o intermedi\u00e1rio entre os esp\u00edritos e os beneficiados, sendo os esp\u00edritos emissores dos fluidos ben\u00e9ficos. Para que as energias ben\u00e9ficas fluam livremente, \u00e9 necess\u00e1rio que o m\u00e9dium fa\u00e7a seu trabalho em estado de prece.<\/p>\n<p><strong>Fluidoterapia (\u00e1gua fluidificada):<\/strong>\u00a0Acredita-se que a \u00e1gua pode servir como uma esp\u00e9cie de dep\u00f3sito de fluidos espirituais ben\u00e9ficos que s\u00e3o nela mantidos durante um bom per\u00edodo.<\/p>\n<p><strong>Receitu\u00e1rio homeop\u00e1tico:<\/strong>\u00a0Neste tipo de tratamento h\u00e1 um m\u00e9dium que escreve as receitas ap\u00f3s ouvir os problemas dos pacientes que procuram o tratamento. Os medicamentos s\u00e3o informados por esp\u00edritos m\u00e9dicos, mas \u00e9 importante que o m\u00e9dium seja m\u00e9dico homeopata ou o tenha sido em exist\u00eancia anterior, de modo a facilitar o processo.<\/p>\n<p><strong>Tratamento \u00e0 dist\u00e2ncia:\u00a0<\/strong>O tratamento \u00e0 dist\u00e2ncia \u00e9 praticado em muitos centros espiritualistas e destina-se a atender as pessoas que, por alguma impossibilidade de locomo\u00e7\u00e3o, n\u00e3o podem comparecer ao centro pessoalmente. Atualmente \u00e9 tamb\u00e9m conhecido como tratamento virtual, via internet.<\/p>\n<p><strong>Cirurgia espiritual:\u00a0<\/strong>Atualmente, o termo \u201ccirurgia espiritual\u201d \u00e9 associado \u00e0 pr\u00e1tica onde uma entidade espiritual, executa cirurgias sem corte buscando a reabilita\u00e7\u00e3o do enfermo.<\/p>\n","protected":false},"excerpt":{"rendered":"<p>\u00a0 \u00a0 \u00a0 \u00a0 \u00a0 \u00a0 \u00a0 &nbsp; A express\u00e3o tratamento espiritual \u00e9 utilizada para abranger um conjunto de a\u00e7\u00f5es de fundamenta\u00e7\u00e3o religiosa, praticadas em centros esp\u00edritas e espiritualistas, com o objetivo de auxiliar no tratamento de doen\u00e7as do espirito e\u00a0da mente. S\u00e3o denominados tratamentos espirituais pelo fato de serem realizados no perisp\u00edrito, por esp\u00edritos desencarnados, com eventual aux\u00edlio de um m\u00e9dium que pode ocorrer: Aplica\u00e7\u00e3o de passes\u00a0: O passe corresponde a uma transmiss\u00e3o de fluidos magn\u00e9ticos e\/ou espirituais de um indiv\u00edduo para outro. Acreditam os esp\u00edritas que, nessa atividade, o m\u00e9dium age como o intermedi\u00e1rio entre os esp\u00edritos e os beneficiados, sendo os esp\u00edritos emissores dos fluidos ben\u00e9ficos. Para que as energias ben\u00e9ficas fluam livremente, \u00e9 necess\u00e1rio que o m\u00e9dium fa\u00e7a seu trabalho em estado de prece. Fluidoterapia (\u00e1gua fluidificada):\u00a0Acredita-se que a \u00e1gua pode servir como uma esp\u00e9cie de dep\u00f3sito de fluidos espirituais ben\u00e9ficos que s\u00e3o nela mantidos durante um bom per\u00edodo. Receitu\u00e1rio homeop\u00e1tico:\u00a0Neste tipo de tratamento h\u00e1 um m\u00e9dium que escreve as receitas ap\u00f3s ouvir os problemas dos pacientes que procuram o tratamento. Os medicamentos s\u00e3o informados por esp\u00edritos m\u00e9dicos, mas \u00e9 importante que o m\u00e9dium seja m\u00e9dico homeopata ou o tenha sido em exist\u00eancia anterior, de modo a facilitar o processo. Tratamento \u00e0 dist\u00e2ncia:\u00a0O tratamento \u00e0 dist\u00e2ncia \u00e9 praticado em muitos centros espiritualistas e destina-se a atender as pessoas que, por alguma impossibilidade de locomo\u00e7\u00e3o, n\u00e3o podem comparecer ao centro pessoalmente. Atualmente \u00e9 tamb\u00e9m conhecido como tratamento virtual, via internet. Cirurgia espiritual:\u00a0Atualmente, o termo \u201ccirurgia espiritual\u201d \u00e9 associado \u00e0 pr\u00e1tica onde uma entidade espiritual, executa cirurgias sem corte buscando a reabilita\u00e7\u00e3o do enfermo.<\/p>\n","protected":false},"author":1,"featured_media":0,"parent":0,"menu_order":0,"comment_status":"closed","ping_status":"closed","template":"","meta":{"footnotes":""},"class_list":["post-11931","page","type-page","status-publish","hentry"],"_links":{"self":[{"href":"https:\/\/thir.com.br\/portal\/wp-json\/wp\/v2\/pages\/11931","targetHints":{"allow":["GET"]}}],"collection":[{"href":"https:\/\/thir.com.br\/portal\/wp-json\/wp\/v2\/pages"}],"about":[{"href":"https:\/\/thir.com.br\/portal\/wp-json\/wp\/v2\/types\/page"}],"author":[{"embeddable":true,"href":"https:\/\/thir.com.br\/portal\/wp-json\/wp\/v2\/users\/1"}],"replies":[{"embeddable":true,"href":"https:\/\/thir.com.br\/portal\/wp-json\/wp\/v2\/comments?post=11931"}],"version-history":[{"count":6,"href":"https:\/\/thir.com.br\/portal\/wp-json\/wp\/v2\/pages\/11931\/revisions"}],"predecessor-version":[{"id":12659,"href":"https:\/\/thir.com.br\/portal\/wp-json\/wp\/v2\/pages\/11931\/revisions\/12659"}],"wp:attachment":[{"href":"https:\/\/thir.com.br\/portal\/wp-json\/wp\/v2\/media?parent=11931"}],"curies":[{"name":"wp","href":"https:\/\/api.w.org\/{rel}","templated":true}]}}