{"id":11929,"date":"2017-08-13T16:30:40","date_gmt":"2017-08-13T16:30:40","guid":{"rendered":"http:\/\/thir.com.br\/portal\/?page_id=11929"},"modified":"2017-08-25T10:44:45","modified_gmt":"2017-08-25T13:44:45","slug":"a-religiao","status":"publish","type":"page","link":"https:\/\/thir.com.br\/portal\/a-religiao\/","title":{"rendered":"A RELIGI\u00c3O"},"content":{"rendered":"<p>&nbsp;<\/p>\n<p><a href=\"http:\/\/thir.com.br\/portal\/wp-content\/uploads\/2017\/08\/Bannes_Historia-1140x400.jpg\"><img loading=\"lazy\" decoding=\"async\" class=\"aligncenter wp-image-12395 size-full\" src=\"http:\/\/thir.com.br\/portal\/wp-content\/uploads\/2017\/08\/Bannes_Historia-1140x400.jpg\" alt=\"\" width=\"1140\" height=\"400\" srcset=\"https:\/\/thir.com.br\/portal\/wp-content\/uploads\/2017\/08\/Bannes_Historia-1140x400.jpg 1140w, https:\/\/thir.com.br\/portal\/wp-content\/uploads\/2017\/08\/Bannes_Historia-1140x400-300x105.jpg 300w, https:\/\/thir.com.br\/portal\/wp-content\/uploads\/2017\/08\/Bannes_Historia-1140x400-768x269.jpg 768w, https:\/\/thir.com.br\/portal\/wp-content\/uploads\/2017\/08\/Bannes_Historia-1140x400-1024x359.jpg 1024w, https:\/\/thir.com.br\/portal\/wp-content\/uploads\/2017\/08\/Bannes_Historia-1140x400-500x175.jpg 500w\" sizes=\"auto, (max-width: 1140px) 100vw, 1140px\" \/><\/a><\/p>\n<p>&nbsp;<\/p>\n<p>A umbanda foi fundada no dia 15 de novembro de 1908 em uma Federa\u00e7\u00e3o Esp\u00edrita na cidade de Niter\u00f3i, Rio de Janeiro. Naquela ocasi\u00e3o,\u00a0<strong>Z\u00e9lio Fernandino de Moraes<\/strong>, orientado por um amigo de seu pai, foi levado \u00e0 Federa\u00e7\u00e3o Esp\u00edrita devido a uma aparente cura que havia recebido, pois de forma inexplic\u00e1vel pela medicina, curou-se de uma estranha paralisia no qual fora acometido. Chegando l\u00e1, foi convidado pelo dirigente a participar da sess\u00e3o que ali ocorreria.<\/p>\n<p>Iniciada a sess\u00e3o, Z\u00e9lio, tomado por uma for\u00e7a desconhecida, levantou-se dizendo: \u201c<em>Aqui est\u00e1 faltando uma flor!<\/em>\u201d e, contrariando as normas que n\u00e3o permitem o afastamento de qualquer integrante da mesa durante a sess\u00e3o, foi ao jardim e voltou portando uma rosa branca, que colocou sobre a mesa. Aquela atitude provocou uma grande estranheza entre os membros que ali estavam. Com a \u201ccorrente\u201d recomposta, houve uma manifesta\u00e7\u00e3o de v\u00e1rios esp\u00edritos de ind\u00edgenas e de escravos africanos nos m\u00e9diuns presentes, quando o dirigente do trabalho advertiu tais esp\u00edritos os convidando a se retirar devido ao seu suposto atraso espiritual. Z\u00e9lio, ainda tomado por aquela for\u00e7a estranha, relata que apenas recorda de ouvir sua voz questionando o porqu\u00ea daqueles dirigentes n\u00e3o aceitarem a comunica\u00e7\u00e3o de tais esp\u00edritos e os considerarem atrasados devido \u00e0s suas cores e posi\u00e7\u00f5es sociais enquanto vivos. Na tentativa de afastar o esp\u00edrito desconhecido incorporado em Z\u00e9lio, um dos respons\u00e1veis pela mesa questionou:<\/p>\n<p><em>\u201cAfinal, porque o irm\u00e3o fala nesses termos, pretendendo que esta mesa aceite a manifesta\u00e7\u00e3o de esp\u00edritos que, pelo grau de cultura que tiveram quando encarnados, s\u00e3o claramente atrasados? E qual \u00e9 o seu nome, irm\u00e3o?\u201d<\/em><\/p>\n<p>A resposta manifestada atrav\u00e9s de Z\u00e9lio foi:<\/p>\n<p><em>\u201c(\u2026)se julgam atrasados os esp\u00edritos de pretos e \u00edndios, devo dizer que amanh\u00e3 estarei na casa deste aparelho (Z\u00e9lio), para dar in\u00edcio a um culto em que estes pretos e \u00edndios poder\u00e3o dar sua mensagem e, assim, cumprir a miss\u00e3o que o plano espiritual lhes confiou. Ser\u00e1 uma religi\u00e3o que falar\u00e1 aos humildes, simbolizando a igualdade que deve existir entre todos os irm\u00e3os encarnados e desencarnados. E se querem saber meu nome, que seja Caboclo das Sete Encruzilhadas, porque n\u00e3o haver\u00e1 caminhos fechados para mim.\u201d<\/em><\/p>\n<p>No dia seguinte, a casa de Z\u00e9lio recebeu membros da Federa\u00e7\u00e3o Esp\u00edrita, parentes, amigos e desconhecidos, e \u00e0s 20h o\u00a0<strong>Caboclo das Sete Encruzilhadas<\/strong>\u00a0se manifestou em Z\u00e9lio e declarou que, a partir daquele momento, uma nova religi\u00e3o se iniciava, onde os esp\u00edritos de \u00edndios e de negros escravos poderiam trabalhar ajudando seus irm\u00e3os encarnados, independentemente da sua cor ou posi\u00e7\u00e3o social, e que seu nome seria umbanda. O grupo fundado naquela noite pelo Caboclo das Sete Encruzilhadas recebeu o nome de Tenda Esp\u00edrita Nossa Senhora da Piedade, pois a tenda acolheria os que a ela recorressem em busca de ajuda.<\/p>\n<p>Dez anos depois, em 1918, o Caboclo das Sete Encruzilhadas, recebendo ordens do astral, fundou sete tendas para a propaga\u00e7\u00e3o da Umbanda, sendo elas as seguintes:<\/p>\n<ul>\n<li>Tenda Esp\u00edrita Nossa Senhora da Guia<\/li>\n<li>Tenda Esp\u00edrita Nossa Senhora da Concei\u00e7\u00e3o<\/li>\n<li>Tenda Esp\u00edrita Santa B\u00e1rbara<\/li>\n<li>Tenda Esp\u00edrita S\u00e3o Pedro<\/li>\n<li>Tenda Esp\u00edrita Oxal\u00e1<\/li>\n<li>Tenda Esp\u00edrita S\u00e3o Jorge<\/li>\n<li>Tenda Esp\u00edrita S\u00e3o Jer\u00f4nimo<\/li>\n<\/ul>\n<h4>Ramifica\u00e7\u00f5es da Umbanda<\/h4>\n<p>Apesar de seguirem um mesmo princ\u00edpio e conceitos semelhantes, existem diversas vertentes umbandistas:<\/p>\n<ul>\n<li>Umbanda Tradicional: oriunda do Caboclo das Sete Encruzilhadas atrav\u00e9s do Pai Z\u00e9lio de Moraes;<\/li>\n<li>Umbanda Popular: praticada antes do Pai Z\u00e9lio, conhecida como macumbas ou candombl\u00e9s de caboclos;<\/li>\n<li>Umbanda Branca: tem um cunho esp\u00edrita, \u00e9 uma linha doutrin\u00e1ria que se prende mais ao trabalho de guias como pretos-velhos e caboclos, e n\u00e3o s\u00e3o encontrados elementos africanos, como os orix\u00e1s, nem trabalho dos exus e pomba-giras;<\/li>\n<li>Umbanda Omolok\u00f4: trazida da \u00c1frica por Tat\u00e1 Tancredo de Silva Pinto, \u00e9 um misto entre o culto dos orix\u00e1s e o trabalho dos guias;<\/li>\n<li>Umbanda Tra\u00e7ada: o mesmo sacerdote serve para a Umbanda e para o Candombl\u00e9, mas em sess\u00f5es diferentes;<\/li>\n<li>Umbanda Esot\u00e9rica: sua diferen\u00e7a est\u00e1 em alguns segmentos de Oliveira Magno, Emanuel Zespo e W. W. da Matta, pois intitulam a umbanda como um conjunto de leis divinas;<\/li>\n<li>Umbanda Inici\u00e1tica: derivada da umbanda esot\u00e9rica e fundamentada pelo Mestre Rivas Neto. H\u00e1 uma busca pela converg\u00eancia doutrin\u00e1ria e o alcance do Ponto de Converg\u00eancia e S\u00edntese e, al\u00e9m disso, possui uma influ\u00eancia oriental;<\/li>\n<li>Umbanda de Caboclo: influenciada pela cultura ind\u00edgena brasileira, que tem como guias os caboclos;<\/li>\n<li>Umbanda de pretos-velhos: influenciada pela cultura africana, com culto aos Orix\u00e1s, e onde o comando \u00e9 feito pelos pretos velhos.<\/li>\n<\/ul>\n<p>&nbsp;<\/p>\n","protected":false},"excerpt":{"rendered":"<p>&nbsp; &nbsp; A umbanda foi fundada no dia 15 de novembro de 1908 em uma Federa\u00e7\u00e3o Esp\u00edrita na cidade de Niter\u00f3i, Rio de Janeiro. Naquela ocasi\u00e3o,\u00a0Z\u00e9lio Fernandino de Moraes, orientado por um amigo de seu pai, foi levado \u00e0 Federa\u00e7\u00e3o Esp\u00edrita devido a uma aparente cura que havia recebido, pois de forma inexplic\u00e1vel pela medicina, curou-se de uma estranha paralisia no qual fora acometido. Chegando l\u00e1, foi convidado pelo dirigente a participar da sess\u00e3o que ali ocorreria. Iniciada a sess\u00e3o, Z\u00e9lio, tomado por uma for\u00e7a desconhecida, levantou-se dizendo: \u201cAqui est\u00e1 faltando uma flor!\u201d e, contrariando as normas que n\u00e3o permitem o afastamento de qualquer integrante da mesa durante a sess\u00e3o, foi ao jardim e voltou portando uma rosa branca, que colocou sobre a mesa. Aquela atitude provocou uma grande estranheza entre os membros que ali estavam. Com a \u201ccorrente\u201d recomposta, houve uma manifesta\u00e7\u00e3o de v\u00e1rios esp\u00edritos de ind\u00edgenas e de escravos africanos nos m\u00e9diuns presentes, quando o dirigente do trabalho advertiu tais esp\u00edritos os convidando a se retirar devido ao seu suposto atraso espiritual. Z\u00e9lio, ainda tomado por aquela for\u00e7a estranha, relata que apenas recorda de ouvir sua voz questionando o porqu\u00ea daqueles dirigentes n\u00e3o aceitarem a comunica\u00e7\u00e3o de tais esp\u00edritos e os considerarem atrasados devido \u00e0s suas cores e posi\u00e7\u00f5es sociais enquanto vivos. Na tentativa de afastar o esp\u00edrito desconhecido incorporado em Z\u00e9lio, um dos respons\u00e1veis pela mesa questionou: \u201cAfinal, porque o irm\u00e3o fala nesses termos, pretendendo que esta mesa aceite a manifesta\u00e7\u00e3o de esp\u00edritos que, pelo grau de cultura que tiveram quando encarnados, s\u00e3o claramente atrasados? E qual \u00e9 o seu nome, irm\u00e3o?\u201d A resposta manifestada atrav\u00e9s de Z\u00e9lio foi: \u201c(\u2026)se julgam atrasados os esp\u00edritos de pretos e \u00edndios, devo dizer que amanh\u00e3 estarei na casa deste aparelho (Z\u00e9lio), para dar in\u00edcio a um culto em que estes&#8230; <\/p>\n<p><a class=\"readmore\" href=\"https:\/\/thir.com.br\/portal\/a-religiao\/\">Continue lendo&#8230;<\/a><\/p>\n","protected":false},"author":1,"featured_media":0,"parent":0,"menu_order":0,"comment_status":"closed","ping_status":"closed","template":"","meta":{"footnotes":""},"class_list":["post-11929","page","type-page","status-publish","hentry"],"_links":{"self":[{"href":"https:\/\/thir.com.br\/portal\/wp-json\/wp\/v2\/pages\/11929","targetHints":{"allow":["GET"]}}],"collection":[{"href":"https:\/\/thir.com.br\/portal\/wp-json\/wp\/v2\/pages"}],"about":[{"href":"https:\/\/thir.com.br\/portal\/wp-json\/wp\/v2\/types\/page"}],"author":[{"embeddable":true,"href":"https:\/\/thir.com.br\/portal\/wp-json\/wp\/v2\/users\/1"}],"replies":[{"embeddable":true,"href":"https:\/\/thir.com.br\/portal\/wp-json\/wp\/v2\/comments?post=11929"}],"version-history":[{"count":8,"href":"https:\/\/thir.com.br\/portal\/wp-json\/wp\/v2\/pages\/11929\/revisions"}],"predecessor-version":[{"id":12397,"href":"https:\/\/thir.com.br\/portal\/wp-json\/wp\/v2\/pages\/11929\/revisions\/12397"}],"wp:attachment":[{"href":"https:\/\/thir.com.br\/portal\/wp-json\/wp\/v2\/media?parent=11929"}],"curies":[{"name":"wp","href":"https:\/\/api.w.org\/{rel}","templated":true}]}}